{"id":23555,"date":"2023-03-07T23:52:40","date_gmt":"2023-03-07T20:52:40","guid":{"rendered":"https:\/\/prelive2.pomello.ee\/toode\/my-lamination-lash-lift-liima-5ml\/"},"modified":"2024-03-20T01:01:56","modified_gmt":"2024-03-19T22:01:56","slug":"my-lamination-lash-lift-liima-5ml","status":"publish","type":"product","link":"https:\/\/prelive2.pomello.ee\/fi\/toode\/my-lamination-lash-lift-liima-5ml\/","title":{"rendered":"My Lamination Lash lift liima 5ml"},"content":{"rendered":"<p>My lamination lash lift liima on t\u00e4ydellisen koostumuksen liima, jolla on erinomainen pysyvyys ja kuivumisaika.<\/p>\n<p>&nbsp;<\/p>\n<p>Liimalla voit liimata ripset helposti ja nopeasti silikonityynyyn j\u00e4tt\u00e4en riitt\u00e4v\u00e4sti aikaa ripsien muotoiluun ja asettamiseen silikonityynylle, liiman kuivuminen ei h\u00e4iritse ty\u00f6t\u00e4.<\/p>\n<p>&nbsp;<\/p>\n<p>Liima pit\u00e4\u00e4 ripset paikoillaan koko lash lift -toimenpiteen ajan eik\u00e4 kuivu kuten muut lash lift -liimat, mik\u00e4 tekee toimenpiteest\u00e4 paljon mukavamman.<\/p>\n<p>&nbsp;<\/p>\n<p>Koko: 5 ml<br \/>\nS\u00e4ilyt\u00e4 huoneenl\u00e4mm\u00f6ss\u00e4, auringonvalolta suojatussa paikassa tiiviisti suljetussa korkissa.<\/p>\n<p>&nbsp;<\/p>\n<p>VAIN AMMATTIMAISEEN K\u00c4YTT\u00d6\u00d6N<\/p>\n","protected":false},"excerpt":{"rendered":"<p>My lamination lash lift liima on t\u00e4ydellisen koostumuksen liima, jolla on erinomainen pysyvyys ja kuivumisaika.<\/p>\n<p>&nbsp;<\/p>\n<p>Laadukas liima varmistaa erinomaisen ripsien kohotuksen.<\/p>\n","protected":false},"featured_media":22683,"comment_status":"open","ping_status":"closed","template":"","meta":{"_monsterinsights_skip_tracking":false,"_monsterinsights_sitenote_active":false,"_monsterinsights_sitenote_note":"","_monsterinsights_sitenote_category":0},"product_cat":[516,519,475],"product_tag":[],"class_list":{"0":"post-23555","1":"product","2":"type-product","3":"status-publish","4":"has-post-thumbnail","6":"product_cat-lash-lift-fi","7":"product_cat-liimat","8":"product_cat-ripset","9":"pa_brand-my-lamination-fi","10":"pa_suurus-5-ml-fi","12":"first","13":"instock","14":"taxable","15":"shipping-taxable","16":"purchasable","17":"product-type-simple"},"_links":{"self":[{"href":"https:\/\/prelive2.pomello.ee\/fi\/wp-json\/wp\/v2\/product\/23555","targetHints":{"allow":["GET"]}}],"collection":[{"href":"https:\/\/prelive2.pomello.ee\/fi\/wp-json\/wp\/v2\/product"}],"about":[{"href":"https:\/\/prelive2.pomello.ee\/fi\/wp-json\/wp\/v2\/types\/product"}],"replies":[{"embeddable":true,"href":"https:\/\/prelive2.pomello.ee\/fi\/wp-json\/wp\/v2\/comments?post=23555"}],"version-history":[{"count":1,"href":"https:\/\/prelive2.pomello.ee\/fi\/wp-json\/wp\/v2\/product\/23555\/revisions"}],"predecessor-version":[{"id":23556,"href":"https:\/\/prelive2.pomello.ee\/fi\/wp-json\/wp\/v2\/product\/23555\/revisions\/23556"}],"wp:featuredmedia":[{"embeddable":true,"href":"https:\/\/prelive2.pomello.ee\/fi\/wp-json\/wp\/v2\/media\/22683"}],"wp:attachment":[{"href":"https:\/\/prelive2.pomello.ee\/fi\/wp-json\/wp\/v2\/media?parent=23555"}],"wp:term":[{"taxonomy":"product_cat","embeddable":true,"href":"https:\/\/prelive2.pomello.ee\/fi\/wp-json\/wp\/v2\/product_cat?post=23555"},{"taxonomy":"product_tag","embeddable":true,"href":"https:\/\/prelive2.pomello.ee\/fi\/wp-json\/wp\/v2\/product_tag?post=23555"}],"curies":[{"name":"wp","href":"https:\/\/api.w.org\/{rel}","templated":true}]}}