{"id":23549,"date":"2022-10-16T21:36:24","date_gmt":"2022-10-16T18:36:24","guid":{"rendered":"https:\/\/prelive2.pomello.ee\/toode\/brow-mapping-lanka\/"},"modified":"2022-10-16T21:36:24","modified_gmt":"2022-10-16T18:36:24","slug":"brow-mapping-lanka","status":"publish","type":"product","link":"https:\/\/prelive2.pomello.ee\/fi\/toode\/brow-mapping-lanka\/","title":{"rendered":"Brow mapping lanka"},"content":{"rendered":"<p>Lanka on helppo poistaa pakkauksesta ja katkaista pakkaukseen kiinnitetyn metallihampaan avulla. Yhdell\u00e4 langalla voit tehd\u00e4 3-4 selv\u00e4sti n\u00e4kyv\u00e4\u00e4 vetoa, jonka j\u00e4lkeen valkoinen tai vaaleanpunainen v\u00e4ri katoaa langasta. Suositeltu langan pituus on 20 cm, josta voidaan luoda asteikko.<\/p>\n","protected":false},"excerpt":{"rendered":"<p>Kulmakarvojen mittauslanka on jo p\u00e4\u00e4llystetty valkoisella tai vaaleanpunaisella maalilla.<\/p>\n","protected":false},"featured_media":22674,"comment_status":"closed","ping_status":"closed","template":"","meta":{"_monsterinsights_skip_tracking":false,"_monsterinsights_sitenote_active":false,"_monsterinsights_sitenote_note":"","_monsterinsights_sitenote_category":0},"product_cat":[476,511,541,540],"product_tag":[],"class_list":{"0":"post-23549","1":"product","2":"type-product","3":"status-publish","4":"has-post-thumbnail","6":"product_cat-kulmakarvat","7":"product_cat-kulmakarvojen-tarvikkeet","8":"product_cat-muut-tyokalut-fi","9":"product_cat-tarvikkeet","10":"pa_brand-pomello-fi","11":"pa_suurus-10m-fi","12":"pa_varv-roosa-fi","13":"pa_varv-valge-fi","15":"first","16":"outofstock","17":"taxable","18":"shipping-taxable","19":"purchasable","20":"product-type-variable"},"_links":{"self":[{"href":"https:\/\/prelive2.pomello.ee\/fi\/wp-json\/wp\/v2\/product\/23549","targetHints":{"allow":["GET"]}}],"collection":[{"href":"https:\/\/prelive2.pomello.ee\/fi\/wp-json\/wp\/v2\/product"}],"about":[{"href":"https:\/\/prelive2.pomello.ee\/fi\/wp-json\/wp\/v2\/types\/product"}],"replies":[{"embeddable":true,"href":"https:\/\/prelive2.pomello.ee\/fi\/wp-json\/wp\/v2\/comments?post=23549"}],"version-history":[{"count":0,"href":"https:\/\/prelive2.pomello.ee\/fi\/wp-json\/wp\/v2\/product\/23549\/revisions"}],"wp:featuredmedia":[{"embeddable":true,"href":"https:\/\/prelive2.pomello.ee\/fi\/wp-json\/wp\/v2\/media\/22674"}],"wp:attachment":[{"href":"https:\/\/prelive2.pomello.ee\/fi\/wp-json\/wp\/v2\/media?parent=23549"}],"wp:term":[{"taxonomy":"product_cat","embeddable":true,"href":"https:\/\/prelive2.pomello.ee\/fi\/wp-json\/wp\/v2\/product_cat?post=23549"},{"taxonomy":"product_tag","embeddable":true,"href":"https:\/\/prelive2.pomello.ee\/fi\/wp-json\/wp\/v2\/product_tag?post=23549"}],"curies":[{"name":"wp","href":"https:\/\/api.w.org\/{rel}","templated":true}]}}