{"id":23543,"date":"2022-10-17T00:37:25","date_gmt":"2022-10-16T21:37:25","guid":{"rendered":"https:\/\/prelive2.pomello.ee\/toode\/hopea-lautanen\/"},"modified":"2022-10-17T00:37:25","modified_gmt":"2022-10-16T21:37:25","slug":"hopea-lautanen","status":"publish","type":"product","link":"https:\/\/prelive2.pomello.ee\/fi\/toode\/hopea-lautanen\/","title":{"rendered":"Hopea lautanen"},"content":{"rendered":"<p>Mitat 18 x 8,5 cm<\/p>\n<p>Puhdistus:<br \/>\n1. Puhdista v\u00e4litt\u00f6m\u00e4sti jokaisen k\u00e4yt\u00f6n j\u00e4lkeen l\u00e4mpim\u00e4ll\u00e4 vedell\u00e4 ja antibakteerisella saippualla.<br \/>\n2. Desinfioi 70 % alkoholilla<br \/>\n3. Huuhtele sitten vedell\u00e4 ja kuivaa.<br \/>\n4. Aseta tuote steriiliin, suljettuun astiaan.<\/p>\n","protected":false},"excerpt":{"rendered":"<p>Ruostumattomasta ter\u00e4ksest\u00e4 valmistettu ty\u00f6kalujalusta k\u00e4tev\u00e4\u00e4n s\u00e4ilytykseen toimenpiteen aikana. Sile\u00e4n pinnan ja minimalistisen muotoilun ansiosta pohja on eritt\u00e4in helppo desinfioida ja steriloida.<\/p>\n","protected":false},"featured_media":22414,"comment_status":"closed","ping_status":"closed","template":"","meta":{"_monsterinsights_skip_tracking":false,"_monsterinsights_sitenote_active":false,"_monsterinsights_sitenote_note":"","_monsterinsights_sitenote_category":0},"product_cat":[476,511,550,549,475,546,540],"product_tag":[],"class_list":{"0":"post-23543","1":"product","2":"type-product","3":"status-publish","4":"has-post-thumbnail","6":"product_cat-kulmakarvat","7":"product_cat-kulmakarvojen-tarvikkeet","8":"product_cat-kupit-ja-kulhot","9":"product_cat-pullot-kupit-ja-kulhot","10":"product_cat-ripset","11":"product_cat-ripsien-tarvikkeet","12":"product_cat-tarvikkeet","13":"pa_brand-pomello-fi","14":"pa_varv-hobe-fi","16":"first","17":"instock","18":"taxable","19":"shipping-taxable","20":"purchasable","21":"product-type-simple"},"_links":{"self":[{"href":"https:\/\/prelive2.pomello.ee\/fi\/wp-json\/wp\/v2\/product\/23543","targetHints":{"allow":["GET"]}}],"collection":[{"href":"https:\/\/prelive2.pomello.ee\/fi\/wp-json\/wp\/v2\/product"}],"about":[{"href":"https:\/\/prelive2.pomello.ee\/fi\/wp-json\/wp\/v2\/types\/product"}],"replies":[{"embeddable":true,"href":"https:\/\/prelive2.pomello.ee\/fi\/wp-json\/wp\/v2\/comments?post=23543"}],"version-history":[{"count":0,"href":"https:\/\/prelive2.pomello.ee\/fi\/wp-json\/wp\/v2\/product\/23543\/revisions"}],"wp:featuredmedia":[{"embeddable":true,"href":"https:\/\/prelive2.pomello.ee\/fi\/wp-json\/wp\/v2\/media\/22414"}],"wp:attachment":[{"href":"https:\/\/prelive2.pomello.ee\/fi\/wp-json\/wp\/v2\/media?parent=23543"}],"wp:term":[{"taxonomy":"product_cat","embeddable":true,"href":"https:\/\/prelive2.pomello.ee\/fi\/wp-json\/wp\/v2\/product_cat?post=23543"},{"taxonomy":"product_tag","embeddable":true,"href":"https:\/\/prelive2.pomello.ee\/fi\/wp-json\/wp\/v2\/product_tag?post=23543"}],"curies":[{"name":"wp","href":"https:\/\/api.w.org\/{rel}","templated":true}]}}