{"id":23540,"date":"2022-10-17T00:41:01","date_gmt":"2022-10-16T21:41:01","guid":{"rendered":"https:\/\/prelive2.pomello.ee\/toode\/mikroharjat-pitkat-valkoiset\/"},"modified":"2022-10-17T00:41:01","modified_gmt":"2022-10-16T21:41:01","slug":"mikroharjat-pitkat-valkoiset","status":"publish","type":"product","link":"https:\/\/prelive2.pomello.ee\/fi\/toode\/mikroharjat-pitkat-valkoiset\/","title":{"rendered":"Mikroharjat pitk\u00e4t Valkoiset"},"content":{"rendered":"<p>Valkoiset mikroharjat pitk\u00e4ll\u00e4 harjalla.<\/p>\n<p>Pituus 10cm, p\u00e4\u00e4n pituus 1cm, p\u00e4\u00e4n leveys 2mm, 100 kpl pakkauksessa<\/p>\n","protected":false},"excerpt":{"rendered":"<p>Mikrokuituiset hienot pitk\u00e4p\u00e4iset harjat. Suosittelemme sen k\u00e4ytt\u00f6\u00e4 tekoripsien erottamiseen, emulsioiden levitt\u00e4miseen, ripsien liimaamiseen silikonityynylle, ripsien puhdistukseen. Sopii my\u00f6s ripsiteknikoille.<\/p>\n","protected":false},"featured_media":22348,"comment_status":"closed","ping_status":"closed","template":"","meta":{"_monsterinsights_skip_tracking":false,"_monsterinsights_sitenote_active":false,"_monsterinsights_sitenote_note":"","_monsterinsights_sitenote_category":0},"product_cat":[541,475,546,540],"product_tag":[],"class_list":{"0":"post-23540","1":"product","2":"type-product","3":"status-publish","4":"has-post-thumbnail","6":"product_cat-muut-tyokalut-fi","7":"product_cat-ripset","8":"product_cat-ripsien-tarvikkeet","9":"product_cat-tarvikkeet","10":"pa_brand-pomello-fi","11":"pa_suurus-100-tk-pakis-plastik-mikrokiud-fi","12":"pa_varv-valge-fi","14":"first","15":"instock","16":"taxable","17":"shipping-taxable","18":"purchasable","19":"product-type-simple"},"_links":{"self":[{"href":"https:\/\/prelive2.pomello.ee\/fi\/wp-json\/wp\/v2\/product\/23540","targetHints":{"allow":["GET"]}}],"collection":[{"href":"https:\/\/prelive2.pomello.ee\/fi\/wp-json\/wp\/v2\/product"}],"about":[{"href":"https:\/\/prelive2.pomello.ee\/fi\/wp-json\/wp\/v2\/types\/product"}],"replies":[{"embeddable":true,"href":"https:\/\/prelive2.pomello.ee\/fi\/wp-json\/wp\/v2\/comments?post=23540"}],"version-history":[{"count":0,"href":"https:\/\/prelive2.pomello.ee\/fi\/wp-json\/wp\/v2\/product\/23540\/revisions"}],"wp:featuredmedia":[{"embeddable":true,"href":"https:\/\/prelive2.pomello.ee\/fi\/wp-json\/wp\/v2\/media\/22348"}],"wp:attachment":[{"href":"https:\/\/prelive2.pomello.ee\/fi\/wp-json\/wp\/v2\/media?parent=23540"}],"wp:term":[{"taxonomy":"product_cat","embeddable":true,"href":"https:\/\/prelive2.pomello.ee\/fi\/wp-json\/wp\/v2\/product_cat?post=23540"},{"taxonomy":"product_tag","embeddable":true,"href":"https:\/\/prelive2.pomello.ee\/fi\/wp-json\/wp\/v2\/product_tag?post=23540"}],"curies":[{"name":"wp","href":"https:\/\/api.w.org\/{rel}","templated":true}]}}