{"id":23537,"date":"2022-10-17T00:44:25","date_gmt":"2022-10-16T21:44:25","guid":{"rendered":"https:\/\/prelive2.pomello.ee\/toode\/ripsipeili-hopea\/"},"modified":"2022-10-17T00:44:25","modified_gmt":"2022-10-16T21:44:25","slug":"ripsipeili-hopea","status":"publish","type":"product","link":"https:\/\/prelive2.pomello.ee\/fi\/toode\/ripsipeili-hopea\/","title":{"rendered":"Ripsipeili Hopea"},"content":{"rendered":"<p>Ripsipeili Hopea<\/p>\n<p>Pituus 14 cm, peiliosan halkaisija 2,2 cm<\/p>\n<p>Materiaali: ruostumaton ter\u00e4s<\/p>\n","protected":false},"excerpt":{"rendered":"<p>K\u00e4tev\u00e4 peili k\u00e4ytett\u00e4v\u00e4ksi lash lift -toimenpiteen tai ripsien hoidon aikana.<\/p>\n","protected":false},"featured_media":22409,"comment_status":"open","ping_status":"closed","template":"","meta":{"_monsterinsights_skip_tracking":false,"_monsterinsights_sitenote_active":false,"_monsterinsights_sitenote_note":"","_monsterinsights_sitenote_category":0},"product_cat":[541,475,546,540],"product_tag":[],"class_list":{"0":"post-23537","1":"product","2":"type-product","3":"status-publish","4":"has-post-thumbnail","6":"product_cat-muut-tyokalut-fi","7":"product_cat-ripset","8":"product_cat-ripsien-tarvikkeet","9":"product_cat-tarvikkeet","10":"pa_brand-pomello-fi","11":"pa_suurus-roostevaba-teras-fi","12":"pa_varv-hobe-fi","14":"first","15":"instock","16":"taxable","17":"shipping-taxable","18":"purchasable","19":"product-type-simple"},"_links":{"self":[{"href":"https:\/\/prelive2.pomello.ee\/fi\/wp-json\/wp\/v2\/product\/23537","targetHints":{"allow":["GET"]}}],"collection":[{"href":"https:\/\/prelive2.pomello.ee\/fi\/wp-json\/wp\/v2\/product"}],"about":[{"href":"https:\/\/prelive2.pomello.ee\/fi\/wp-json\/wp\/v2\/types\/product"}],"replies":[{"embeddable":true,"href":"https:\/\/prelive2.pomello.ee\/fi\/wp-json\/wp\/v2\/comments?post=23537"}],"version-history":[{"count":0,"href":"https:\/\/prelive2.pomello.ee\/fi\/wp-json\/wp\/v2\/product\/23537\/revisions"}],"wp:featuredmedia":[{"embeddable":true,"href":"https:\/\/prelive2.pomello.ee\/fi\/wp-json\/wp\/v2\/media\/22409"}],"wp:attachment":[{"href":"https:\/\/prelive2.pomello.ee\/fi\/wp-json\/wp\/v2\/media?parent=23537"}],"wp:term":[{"taxonomy":"product_cat","embeddable":true,"href":"https:\/\/prelive2.pomello.ee\/fi\/wp-json\/wp\/v2\/product_cat?post=23537"},{"taxonomy":"product_tag","embeddable":true,"href":"https:\/\/prelive2.pomello.ee\/fi\/wp-json\/wp\/v2\/product_tag?post=23537"}],"curies":[{"name":"wp","href":"https:\/\/api.w.org\/{rel}","templated":true}]}}