{"id":23535,"date":"2022-10-17T00:47:40","date_gmt":"2022-10-16T21:47:40","guid":{"rendered":"https:\/\/prelive2.pomello.ee\/toode\/y-kampa-musta\/"},"modified":"2022-10-17T00:47:40","modified_gmt":"2022-10-16T21:47:40","slug":"y-kampa-musta","status":"publish","type":"product","link":"https:\/\/prelive2.pomello.ee\/fi\/toode\/y-kampa-musta\/","title":{"rendered":"Y-kampa Musta"},"content":{"rendered":"<p>Pieni Y-kampa, jolla kiinnitet\u00e4\u00e4n ja erotetaan ripset silikonityynyyn ripsien kohotuksessa.<\/p>\n<p>&nbsp;<\/p>\n<p>Tuote on uudelleenk\u00e4ytett\u00e4v\u00e4.<\/p>\n<p>&nbsp;<\/p>\n<p><strong>Puhdistus:<\/strong><\/p>\n<p>1. Puhdista v\u00e4litt\u00f6m\u00e4sti jokaisen k\u00e4yt\u00f6n j\u00e4lkeen l\u00e4mpim\u00e4ll\u00e4 vedell\u00e4 ja antibakteerisella saippualla.<br \/>\n2. Desinfioi 70-prosenttisella alkoholipohjaisella tuotteella.<br \/>\n3. Huuhtele sitten vedell\u00e4 ja kuivaa.<br \/>\n4. Aseta tuote steriiliin, suljettuun astiaan.<\/p>\n","protected":false},"excerpt":{"rendered":"<p>Pieni kampa, jota k\u00e4ytet\u00e4\u00e4n ripsien kohotuksessa ripsien kiinnitt\u00e4miseen ja erottamiseen silikonityynyll\u00e4.<\/p>\n<p>&nbsp;<\/p>\n<p>Kampa pidemmill\u00e4 hampailla, eritt\u00e4in laadukas.<\/p>\n","protected":false},"featured_media":22493,"comment_status":"open","ping_status":"closed","template":"","meta":{"_monsterinsights_skip_tracking":false,"_monsterinsights_sitenote_active":false,"_monsterinsights_sitenote_note":"","_monsterinsights_sitenote_category":0},"product_cat":[516,541,475,546,544,540],"product_tag":[],"class_list":{"0":"post-23535","1":"product","2":"type-product","3":"status-publish","4":"has-post-thumbnail","6":"product_cat-lash-lift-fi","7":"product_cat-muut-tyokalut-fi","8":"product_cat-ripset","9":"product_cat-ripsien-tarvikkeet","10":"product_cat-tarvikkeet-fi","11":"product_cat-tarvikkeet","12":"pa_brand-pomello-fi","13":"pa_varv-must-fi","15":"first","16":"instock","17":"sale","18":"taxable","19":"shipping-taxable","20":"purchasable","21":"product-type-simple"},"_links":{"self":[{"href":"https:\/\/prelive2.pomello.ee\/fi\/wp-json\/wp\/v2\/product\/23535","targetHints":{"allow":["GET"]}}],"collection":[{"href":"https:\/\/prelive2.pomello.ee\/fi\/wp-json\/wp\/v2\/product"}],"about":[{"href":"https:\/\/prelive2.pomello.ee\/fi\/wp-json\/wp\/v2\/types\/product"}],"replies":[{"embeddable":true,"href":"https:\/\/prelive2.pomello.ee\/fi\/wp-json\/wp\/v2\/comments?post=23535"}],"version-history":[{"count":0,"href":"https:\/\/prelive2.pomello.ee\/fi\/wp-json\/wp\/v2\/product\/23535\/revisions"}],"wp:featuredmedia":[{"embeddable":true,"href":"https:\/\/prelive2.pomello.ee\/fi\/wp-json\/wp\/v2\/media\/22493"}],"wp:attachment":[{"href":"https:\/\/prelive2.pomello.ee\/fi\/wp-json\/wp\/v2\/media?parent=23535"}],"wp:term":[{"taxonomy":"product_cat","embeddable":true,"href":"https:\/\/prelive2.pomello.ee\/fi\/wp-json\/wp\/v2\/product_cat?post=23535"},{"taxonomy":"product_tag","embeddable":true,"href":"https:\/\/prelive2.pomello.ee\/fi\/wp-json\/wp\/v2\/product_tag?post=23535"}],"curies":[{"name":"wp","href":"https:\/\/api.w.org\/{rel}","templated":true}]}}