{"id":23532,"date":"2022-10-17T13:15:28","date_gmt":"2022-10-17T10:15:28","guid":{"rendered":"https:\/\/prelive2.pomello.ee\/toode\/my-lamination-mineral-lash-15ml\/"},"modified":"2024-04-07T22:44:30","modified_gmt":"2024-04-07T19:44:30","slug":"my-lamination-mineral-lash-15ml","status":"publish","type":"product","link":"https:\/\/prelive2.pomello.ee\/fi\/toode\/my-lamination-mineral-lash-15ml\/","title":{"rendered":"My Lamination Mineral lash 15ml"},"content":{"rendered":"<p>Anna ripsille ja kulmakarvoille erityisen ylellinen hoito My laminointi Mineral Lash. Kaikki kemialliset k\u00e4sittelyt v\u00e4hent\u00e4v\u00e4t tarvittavaa kosteutta ja hajottavat hiusten rakennetta. Botox hoitaa ja ravitsee hiuksia syv\u00e4sti tarvittavilla ainesosilla T\u00e4ytt\u00e4\u00e4 aiemmasta kemiallisesta k\u00e4sittelyst\u00e4 syntyneet &#8221;mikrohalkeamat&#8221; hiuksissa. Sis\u00e4lt\u00e4\u00e4 ainutlaatuisia ainesosia, jotka ravitsevat luonnollisia ripsi\u00e4\/kulmakarvoja terveellisempien, pidempien ripsien n\u00e4ytt\u00e4miseksi.<\/p>\n<p>&nbsp;<\/p>\n<p>K\u00e4ytt\u00f6: Levit\u00e4 ripsiin (2-3 mm et\u00e4isyydelle ripsien rajasta), anna vaikuttaa 5 minuuttia, poista ylim\u00e4\u00e4r\u00e4inen tuote hieman kostealla vanulapulla. Levit\u00e4 kemiallisen v\u00e4rj\u00e4yksen j\u00e4lkeen, <strong>vaikutusaika 5 min.<\/strong><\/p>\n<p>&nbsp;<\/p>\n<p>S\u00e4ilyt\u00e4 huoneenl\u00e4mm\u00f6ss\u00e4, auringonvalolta suojattuna, tiiviisti suljetulla korkilla.<\/p>\n<p>&nbsp;<\/p>\n","protected":false},"excerpt":{"rendered":"<p>My laminointi Mineral Lash &#8211; LASH &amp; BROW -TUOTE, rikastettu 12 TOIMINNALLISELLA AINEOSASSA.<\/p>\n<p>&nbsp;<\/p>\n<p>Sopii lyhyille ripsille kasvattaakseen ne pidemmiksi &#8211; lash lift -toimenpiteen j\u00e4lkeen.<\/p>\n<p>&nbsp;<\/p>\n<p>Mineraalit: kupari, magnesium, sinkki, rikki, natrium, kuolleenmeren suolat, merilev\u00e4uute, makea manteli\u00f6ljy, hyaluronihappo ja planktonuute.<\/p>\n","protected":false},"featured_media":24419,"comment_status":"open","ping_status":"closed","template":"","meta":{"_monsterinsights_skip_tracking":false,"_monsterinsights_sitenote_active":false,"_monsterinsights_sitenote_note":"","_monsterinsights_sitenote_category":0},"product_cat":[899,923,517,518,915,917,476,477,516,475],"product_tag":[],"class_list":{"0":"post-23532","1":"product","2":"type-product","3":"status-publish","4":"has-post-thumbnail","6":"product_cat-emulsiot-fi","7":"product_cat-jalkihoito-ja-kosteuttaminen","8":"product_cat-emulsiot","9":"product_cat-jalkihoito","10":"product_cat-esi-ja-jalkihoito","11":"product_cat-jalkihoito-fi","12":"product_cat-kulmakarvat","13":"product_cat-kulmien-laminointi","14":"product_cat-lash-lift-fi","15":"product_cat-ripset","16":"pa_brand-my-lamination-fi","17":"pa_suurus-15-ml-fi","19":"first","20":"instock","21":"featured","22":"taxable","23":"shipping-taxable","24":"purchasable","25":"product-type-simple"},"_links":{"self":[{"href":"https:\/\/prelive2.pomello.ee\/fi\/wp-json\/wp\/v2\/product\/23532","targetHints":{"allow":["GET"]}}],"collection":[{"href":"https:\/\/prelive2.pomello.ee\/fi\/wp-json\/wp\/v2\/product"}],"about":[{"href":"https:\/\/prelive2.pomello.ee\/fi\/wp-json\/wp\/v2\/types\/product"}],"replies":[{"embeddable":true,"href":"https:\/\/prelive2.pomello.ee\/fi\/wp-json\/wp\/v2\/comments?post=23532"}],"version-history":[{"count":1,"href":"https:\/\/prelive2.pomello.ee\/fi\/wp-json\/wp\/v2\/product\/23532\/revisions"}],"predecessor-version":[{"id":23533,"href":"https:\/\/prelive2.pomello.ee\/fi\/wp-json\/wp\/v2\/product\/23532\/revisions\/23533"}],"wp:featuredmedia":[{"embeddable":true,"href":"https:\/\/prelive2.pomello.ee\/fi\/wp-json\/wp\/v2\/media\/24419"}],"wp:attachment":[{"href":"https:\/\/prelive2.pomello.ee\/fi\/wp-json\/wp\/v2\/media?parent=23532"}],"wp:term":[{"taxonomy":"product_cat","embeddable":true,"href":"https:\/\/prelive2.pomello.ee\/fi\/wp-json\/wp\/v2\/product_cat?post=23532"},{"taxonomy":"product_tag","embeddable":true,"href":"https:\/\/prelive2.pomello.ee\/fi\/wp-json\/wp\/v2\/product_tag?post=23532"}],"curies":[{"name":"wp","href":"https:\/\/api.w.org\/{rel}","templated":true}]}}