{"id":23530,"date":"2022-10-17T13:16:45","date_gmt":"2022-10-17T10:16:45","guid":{"rendered":"https:\/\/prelive2.pomello.ee\/toode\/lami-glue-balm-20g\/"},"modified":"2022-10-17T13:16:45","modified_gmt":"2022-10-17T10:16:45","slug":"lami-glue-balm-20g","status":"publish","type":"product","link":"https:\/\/prelive2.pomello.ee\/fi\/toode\/lami-glue-balm-20g\/","title":{"rendered":"LAMI Glue Balm 20g"},"content":{"rendered":"<h4>Lami Glue Balm 20g<\/h4>\n<p>Uusi innovatiivinen tuote lash lift -liimaan, joka liimaa ripset silikonityynyyn samalla kosteuttaa ja suojata niit\u00e4.<\/p>\n<p>&nbsp;<\/p>\n<p>Tuote sis\u00e4lt\u00e4\u00e4 3 hy\u00f6dyllist\u00e4 \u00f6ljy\u00e4:<\/p>\n<ul>\n<li>Jojoba\u00f6ljy<\/li>\n<li>Argan-\u00f6ljy<\/li>\n<li>Avokado \u00f6ljy<\/li>\n<\/ul>\n<p>&nbsp;<\/p>\n<p>Tuotteen edut:<\/p>\n<ul>\n<li>Ripsien liimaus silikonimoutit on nopeampaa<\/li>\n<li>Tuote sis\u00e4lt\u00e4\u00e4 kosteuttavia ainesosia<\/li>\n<li>Ylim\u00e4\u00e4r\u00e4ist\u00e4 liimaa ei tarvitse poistaa<\/li>\n<li>Kevyt hedelm\u00e4inen tuoksu<\/li>\n<li>Alaripset eiv\u00e4t tartu yl\u00e4ripsiin<\/li>\n<\/ul>\n<p>&nbsp;<\/p>\n<p>Ne luovat suojakerroksen ripsiin ja est\u00e4v\u00e4t kemiallisia emulsioita vahingoittamasta ripsi\u00e4 niin helposti.<\/p>\n<p>&nbsp;<\/p>\n<p>Banana Paradise &#8211; STRONG HOLD &#8211; j\u00e4ykille, suorille ripsille<br \/>\nGreen Apple &amp; Sweet Peach &#8211; MEDIUM HOLD &#8211; ohuille ja normaaleille ripsille<\/p>\n<p>&nbsp;<\/p>\n<p>20g = 100-150 k\u00e4ytt\u00f6kertaa<\/p>\n<p>&nbsp;<\/p>\n<p>Ainesosat: Vesi, pentyleeniglykoli, glyseriini, Peg-10, avokado\u00f6ljy, argan\u00f6ljy, jojoba\u00f6ljy, tokoferoliasetaatti, fenoksietanoli, hajuvesi<\/p>\n","protected":false},"excerpt":{"rendered":"<p>Lami Glue-Balm on liimaa ilman liimaa!<\/p>\n<p>&nbsp;<\/p>\n<p>Uusi innovatiivinen tuote lash lift -liimaan, joka liimaa ripset silikonityynyyn samalla kosteuttaa ja suojata niit\u00e4.<\/p>\n<p>&nbsp;<\/p>\n<p>Banana Paradise &#8211; STRONG HOLD &#8211; j\u00e4ykille, suorille ripsille<br \/>\nGreen Apple &amp; Sweet Peach &#8211; MEDIUM HOLD &#8211; ohuille ja normaaleille ripsille<\/p>\n<p>&nbsp;<\/p>\n","protected":false},"featured_media":22602,"comment_status":"open","ping_status":"closed","template":"","meta":{"_monsterinsights_skip_tracking":false,"_monsterinsights_sitenote_active":false,"_monsterinsights_sitenote_note":"","_monsterinsights_sitenote_category":0},"product_cat":[516,519,475],"product_tag":[529,530],"class_list":{"0":"post-23530","1":"product","2":"type-product","3":"status-publish","4":"has-post-thumbnail","6":"product_cat-lash-lift-fi","7":"product_cat-liimat","8":"product_cat-ripset","9":"product_tag-lami-balm-glue-fi","10":"product_tag-lash-lift-fi","11":"pa_brand-lami-lashes-fi","12":"pa_suurus-20-g-fi","13":"pa_varv-apple-fi","14":"pa_varv-banana-fi","15":"pa_varv-peach-fi","17":"first","18":"instock","19":"featured","20":"taxable","21":"shipping-taxable","22":"purchasable","23":"product-type-variable"},"_links":{"self":[{"href":"https:\/\/prelive2.pomello.ee\/fi\/wp-json\/wp\/v2\/product\/23530","targetHints":{"allow":["GET"]}}],"collection":[{"href":"https:\/\/prelive2.pomello.ee\/fi\/wp-json\/wp\/v2\/product"}],"about":[{"href":"https:\/\/prelive2.pomello.ee\/fi\/wp-json\/wp\/v2\/types\/product"}],"replies":[{"embeddable":true,"href":"https:\/\/prelive2.pomello.ee\/fi\/wp-json\/wp\/v2\/comments?post=23530"}],"version-history":[{"count":0,"href":"https:\/\/prelive2.pomello.ee\/fi\/wp-json\/wp\/v2\/product\/23530\/revisions"}],"wp:featuredmedia":[{"embeddable":true,"href":"https:\/\/prelive2.pomello.ee\/fi\/wp-json\/wp\/v2\/media\/22602"}],"wp:attachment":[{"href":"https:\/\/prelive2.pomello.ee\/fi\/wp-json\/wp\/v2\/media?parent=23530"}],"wp:term":[{"taxonomy":"product_cat","embeddable":true,"href":"https:\/\/prelive2.pomello.ee\/fi\/wp-json\/wp\/v2\/product_cat?post=23530"},{"taxonomy":"product_tag","embeddable":true,"href":"https:\/\/prelive2.pomello.ee\/fi\/wp-json\/wp\/v2\/product_tag?post=23530"}],"curies":[{"name":"wp","href":"https:\/\/api.w.org\/{rel}","templated":true}]}}