{"id":23526,"date":"2022-11-24T10:04:46","date_gmt":"2022-11-24T07:04:46","guid":{"rendered":"https:\/\/prelive2.pomello.ee\/toode\/desinfiointiastia-pinkki\/"},"modified":"2022-11-24T10:04:46","modified_gmt":"2022-11-24T07:04:46","slug":"desinfiointiastia-pinkki","status":"publish","type":"product","link":"https:\/\/prelive2.pomello.ee\/fi\/toode\/desinfiointiastia-pinkki\/","title":{"rendered":"Desinfiointiastia Pinkki"},"content":{"rendered":"<div>\n<p>S\u00e4ilytys- ja desinfiointis\u00e4ili\u00f6n avulla voit nopeasti ja turvallisesti pest\u00e4 ja desinfioida silikonityynyt, kiinnitysaineet, silm\u00e4suojatyynyt, Y-kammat jne.<\/p>\n<p>Tuote on uudelleenk\u00e4ytett\u00e4v\u00e4.<\/p>\n<\/div>\n<div>\n<p><span lang=\"ET\">K\u00e4ytt\u00f6:<\/span><br \/>\n1. Lis\u00e4\u00e4 s\u00e4ili\u00f6\u00f6n l\u00e4mmint\u00e4 vett\u00e4 ja antibakteerista saippuaa.<\/p>\n<p>2. Huuhtele lis\u00e4varusteet vedell\u00e4.<\/p>\n<p><span lang=\"ET\">3<\/span>. <span lang=\"ET\">Lis\u00e4\u00e4 tarvikkeet seuraavaan astiaan ja d<\/span>esinfioi 70 % alkoholipohjaisella liuoksella.<\/p>\n<\/div>\n<div>\n<p><span lang=\"ET\">4<\/span>. <span lang=\"ET\">Anna seist\u00e4 30 minuuttia, a<\/span>seta <span lang=\"ET\">sitten tarvikkeet siivil\u00e4\u00e4n ja h<\/span>uuhtele vedell\u00e4<span lang=\"ET\">.<\/span><\/p>\n<p><span lang=\"ET\">5<\/span>. <span lang=\"ET\">Levit\u00e4 tarvikkeet paperille ja kuivaa k\u00e4tesi.<\/span><\/p>\n<\/div>\n<p>Koko 7&#215;9 cm.<\/p>\n<p><iframe title=\"DESINFITSEERIMISE KONTEINER\" width=\"1170\" height=\"658\" src=\"https:\/\/www.youtube.com\/embed\/QD7WZSuzbHg?feature=oembed\" frameborder=\"0\" allow=\"accelerometer; autoplay; clipboard-write; encrypted-media; gyroscope; picture-in-picture; web-share\" allowfullscreen><\/iframe><\/p>\n","protected":false},"excerpt":{"rendered":"<p style=\"text-align: left;\">S\u00e4ilytys- ja desinfiointis\u00e4ili\u00f6n avulla voit nopeasti ja turvallisesti pest\u00e4 ja desinfioida silikonityynyt, kiinnitysaineet, silm\u00e4suojatyynyt, Y-kammat jne.<\/p>\n","protected":false},"featured_media":22504,"comment_status":"closed","ping_status":"closed","template":"","meta":{"_monsterinsights_skip_tracking":false,"_monsterinsights_sitenote_active":false,"_monsterinsights_sitenote_note":"","_monsterinsights_sitenote_category":0},"product_cat":[509,515,476,550,516,549,475,540,544],"product_tag":[],"class_list":{"0":"post-23526","1":"product","2":"type-product","3":"status-publish","4":"has-post-thumbnail","6":"product_cat-hygienia","7":"product_cat-hygienia-ripset-fi","8":"product_cat-kulmakarvat","9":"product_cat-kupit-ja-kulhot","10":"product_cat-lash-lift-fi","11":"product_cat-pullot-kupit-ja-kulhot","12":"product_cat-ripset","13":"product_cat-tarvikkeet","14":"product_cat-tarvikkeet-fi","15":"pa_brand-pomello-fi","16":"pa_varv-roosa-fi","18":"first","19":"outofstock","20":"taxable","21":"shipping-taxable","22":"purchasable","23":"product-type-simple"},"_links":{"self":[{"href":"https:\/\/prelive2.pomello.ee\/fi\/wp-json\/wp\/v2\/product\/23526","targetHints":{"allow":["GET"]}}],"collection":[{"href":"https:\/\/prelive2.pomello.ee\/fi\/wp-json\/wp\/v2\/product"}],"about":[{"href":"https:\/\/prelive2.pomello.ee\/fi\/wp-json\/wp\/v2\/types\/product"}],"replies":[{"embeddable":true,"href":"https:\/\/prelive2.pomello.ee\/fi\/wp-json\/wp\/v2\/comments?post=23526"}],"version-history":[{"count":0,"href":"https:\/\/prelive2.pomello.ee\/fi\/wp-json\/wp\/v2\/product\/23526\/revisions"}],"wp:featuredmedia":[{"embeddable":true,"href":"https:\/\/prelive2.pomello.ee\/fi\/wp-json\/wp\/v2\/media\/22504"}],"wp:attachment":[{"href":"https:\/\/prelive2.pomello.ee\/fi\/wp-json\/wp\/v2\/media?parent=23526"}],"wp:term":[{"taxonomy":"product_cat","embeddable":true,"href":"https:\/\/prelive2.pomello.ee\/fi\/wp-json\/wp\/v2\/product_cat?post=23526"},{"taxonomy":"product_tag","embeddable":true,"href":"https:\/\/prelive2.pomello.ee\/fi\/wp-json\/wp\/v2\/product_tag?post=23526"}],"curies":[{"name":"wp","href":"https:\/\/api.w.org\/{rel}","templated":true}]}}