{"id":23518,"date":"2022-10-16T21:36:23","date_gmt":"2022-10-16T18:36:23","guid":{"rendered":"https:\/\/prelive2.pomello.ee\/toode\/mikroharjat-pitkat-mustat\/"},"modified":"2022-10-16T21:36:23","modified_gmt":"2022-10-16T18:36:23","slug":"mikroharjat-pitkat-mustat","status":"publish","type":"product","link":"https:\/\/prelive2.pomello.ee\/fi\/toode\/mikroharjat-pitkat-mustat\/","title":{"rendered":"Mikroharjat pitk\u00e4t mustat"},"content":{"rendered":"<p>Pituus 10cm, p\u00e4\u00e4n pituus 1cm, p\u00e4\u00e4n leveys 2mm, 100 kpl pakkauksessa<\/p>\n","protected":false},"excerpt":{"rendered":"<p>Mikrokuituharjat, joissa pitk\u00e4t karkeat p\u00e4\u00e4t. Suosittelemme sen k\u00e4ytt\u00f6\u00e4 tekoripsien erottamiseen, emulsioiden levitt\u00e4miseen, ripsien liimaamiseen silikonityynylle, ripsien puhdistukseen. Mikroharjat sopivat my\u00f6s ripsiteknikoille.<\/p>\n","protected":false},"featured_media":22431,"comment_status":"closed","ping_status":"closed","template":"","meta":{"_monsterinsights_skip_tracking":false,"_monsterinsights_sitenote_active":false,"_monsterinsights_sitenote_note":"","_monsterinsights_sitenote_category":0},"product_cat":[541,475,546,540],"product_tag":[],"class_list":{"0":"post-23518","1":"product","2":"type-product","3":"status-publish","4":"has-post-thumbnail","6":"product_cat-muut-tyokalut-fi","7":"product_cat-ripset","8":"product_cat-ripsien-tarvikkeet","9":"product_cat-tarvikkeet","10":"pa_brand-pomello-fi","11":"pa_suurus-100-tk-pakis-plastik-mikrokiud-fi","12":"pa_varv-must-fi","14":"first","15":"instock","16":"taxable","17":"shipping-taxable","18":"purchasable","19":"product-type-simple"},"_links":{"self":[{"href":"https:\/\/prelive2.pomello.ee\/fi\/wp-json\/wp\/v2\/product\/23518","targetHints":{"allow":["GET"]}}],"collection":[{"href":"https:\/\/prelive2.pomello.ee\/fi\/wp-json\/wp\/v2\/product"}],"about":[{"href":"https:\/\/prelive2.pomello.ee\/fi\/wp-json\/wp\/v2\/types\/product"}],"replies":[{"embeddable":true,"href":"https:\/\/prelive2.pomello.ee\/fi\/wp-json\/wp\/v2\/comments?post=23518"}],"version-history":[{"count":0,"href":"https:\/\/prelive2.pomello.ee\/fi\/wp-json\/wp\/v2\/product\/23518\/revisions"}],"wp:featuredmedia":[{"embeddable":true,"href":"https:\/\/prelive2.pomello.ee\/fi\/wp-json\/wp\/v2\/media\/22431"}],"wp:attachment":[{"href":"https:\/\/prelive2.pomello.ee\/fi\/wp-json\/wp\/v2\/media?parent=23518"}],"wp:term":[{"taxonomy":"product_cat","embeddable":true,"href":"https:\/\/prelive2.pomello.ee\/fi\/wp-json\/wp\/v2\/product_cat?post=23518"},{"taxonomy":"product_tag","embeddable":true,"href":"https:\/\/prelive2.pomello.ee\/fi\/wp-json\/wp\/v2\/product_tag?post=23518"}],"curies":[{"name":"wp","href":"https:\/\/api.w.org\/{rel}","templated":true}]}}