{"id":23516,"date":"2022-10-16T21:36:23","date_gmt":"2022-10-16T18:36:23","guid":{"rendered":"https:\/\/prelive2.pomello.ee\/?post_type=product&p=23516"},"modified":"2022-10-16T21:36:23","modified_gmt":"2022-10-16T18:36:23","slug":"silikoninen-kulho-vahakoneelle-400ml","status":"publish","type":"product","link":"https:\/\/prelive2.pomello.ee\/fi\/toode\/silikoninen-kulho-vahakoneelle-400ml\/","title":{"rendered":"Silikoninen kulho vahakoneelle 400ml"},"content":{"rendered":"<p>Silikonikulho on valmistettu l\u00e4mm\u00f6nkest\u00e4v\u00e4st\u00e4 silikonista, kest\u00e4\u00e4 +220\u00b0C l\u00e4mp\u00f6tiloja. Vaha on eritt\u00e4in helppo puhdistaa kulhosta sen tarttumattoman pinnan ansiosta. Soveltuu vahan l\u00e4mmitt\u00e4miseen mikroaaltouunissa tai 400 ml vahakoneissa.<\/p>\n<p>Halkaisija 10 cm, korkeus 6,8 cm<\/p>\n","protected":false},"excerpt":{"rendered":"<p>Eritt\u00e4in k\u00e4tev\u00e4 ja helposti puhdistettava l\u00e4mm\u00f6nkest\u00e4v\u00e4 silikonikulho kovalle vahalle.<\/p>\n<p>&nbsp;<\/p>\n<p>Suosittelemme kovien vaharakeiden sulattamista silikonikulhossa.<\/p>\n","protected":false},"featured_media":22225,"comment_status":"open","ping_status":"closed","template":"","meta":{"_monsterinsights_skip_tracking":false,"_monsterinsights_sitenote_active":false,"_monsterinsights_sitenote_note":"","_monsterinsights_sitenote_category":0},"product_cat":[507,542,476,550,512,549,540],"product_tag":[],"class_list":{"0":"post-23516","1":"product","2":"type-product","3":"status-publish","4":"has-post-thumbnail","6":"product_cat-karvanpoisto","7":"product_cat-karvanpoisto-tarvikkeet-fi","8":"product_cat-kulmakarvat","9":"product_cat-kupit-ja-kulhot","10":"product_cat-parhaat-tarjoukset","11":"product_cat-pullot-kupit-ja-kulhot","12":"product_cat-tarvikkeet","13":"pa_varv-roosa-fi","15":"first","16":"instock","17":"sale","18":"taxable","19":"shipping-taxable","20":"purchasable","21":"product-type-simple"},"_links":{"self":[{"href":"https:\/\/prelive2.pomello.ee\/fi\/wp-json\/wp\/v2\/product\/23516","targetHints":{"allow":["GET"]}}],"collection":[{"href":"https:\/\/prelive2.pomello.ee\/fi\/wp-json\/wp\/v2\/product"}],"about":[{"href":"https:\/\/prelive2.pomello.ee\/fi\/wp-json\/wp\/v2\/types\/product"}],"replies":[{"embeddable":true,"href":"https:\/\/prelive2.pomello.ee\/fi\/wp-json\/wp\/v2\/comments?post=23516"}],"version-history":[{"count":0,"href":"https:\/\/prelive2.pomello.ee\/fi\/wp-json\/wp\/v2\/product\/23516\/revisions"}],"wp:featuredmedia":[{"embeddable":true,"href":"https:\/\/prelive2.pomello.ee\/fi\/wp-json\/wp\/v2\/media\/22225"}],"wp:attachment":[{"href":"https:\/\/prelive2.pomello.ee\/fi\/wp-json\/wp\/v2\/media?parent=23516"}],"wp:term":[{"taxonomy":"product_cat","embeddable":true,"href":"https:\/\/prelive2.pomello.ee\/fi\/wp-json\/wp\/v2\/product_cat?post=23516"},{"taxonomy":"product_tag","embeddable":true,"href":"https:\/\/prelive2.pomello.ee\/fi\/wp-json\/wp\/v2\/product_tag?post=23516"}],"curies":[{"name":"wp","href":"https:\/\/api.w.org\/{rel}","templated":true}]}}