{"id":23512,"date":"2022-10-16T21:36:23","date_gmt":"2022-10-16T18:36:23","guid":{"rendered":"https:\/\/prelive2.pomello.ee\/toode\/lami-glue-elastic\/"},"modified":"2022-10-16T21:36:23","modified_gmt":"2022-10-16T18:36:23","slug":"lami-glue-elastic","status":"publish","type":"product","link":"https:\/\/prelive2.pomello.ee\/fi\/toode\/lami-glue-elastic\/","title":{"rendered":"LAMI Glue Elastic"},"content":{"rendered":"<p style=\"font-weight: 400;\">Lami Glue Elastisen liimabalsamin edut:<\/p>\n<p>&nbsp;<\/p>\n<ul>\n<li>Nopea ja helppo tapa liimata ripset silikonimoutit<\/li>\n<li>Ripset pysyv\u00e4t joustavina pidemp\u00e4\u00e4n<\/li>\n<li>Ei muodosta kalvoa ripsiin kuivuessaan<\/li>\n<li>Sis\u00e4lt\u00e4\u00e4 hyaluronihappoa ja pantenolia ripsien hoitoon<\/li>\n<li>K\u00e4tev\u00e4 pakkaus tuotteen levitt\u00e4miseen<\/li>\n<li>10 ml putki<\/li>\n<\/ul>\n<p style=\"font-weight: 400;\">\n","protected":false},"excerpt":{"rendered":"<p style=\"font-weight: 400;\">Lami Glue Elastic on t\u00e4ydellinen yhdistelm\u00e4 perinteist\u00e4 Lash Lift -liimaa ja seuraavan sukupolven balsamiimaa, joka tarjoaa ylim\u00e4\u00e4r\u00e4ist\u00e4 kosteutta ja pysyy joustavana pidemp\u00e4\u00e4n.<\/p>\n<p>&nbsp;<\/p>\n<p style=\"font-weight: 400;\">Elastinen liimabalsami mahdollistaa ripsien nopean ja helpon kampaamisen silikonityynylle pidemp\u00e4\u00e4n kuivumisajalla varmistaakseen, ett\u00e4 jokainen luonnollinen rips on oikeassa asennossa ennen t\u00e4ydellisen kuivumista, toisin kuin tavalliset Lash Lift -liimat. Se ei my\u00f6sk\u00e4\u00e4n muodosta kalvoa ripsiin kuivuessaan varmistaakseen emulsioiden optimaalisen vaikutuksen. Tuote sis\u00e4lt\u00e4\u00e4 hyaluronihappoa ja pantenolia, jotka ravitsevat ja kosteuttavat ripsi\u00e4 toimenpiteen aikana.<\/p>\n","protected":false},"featured_media":22333,"comment_status":"closed","ping_status":"closed","template":"","meta":{"_monsterinsights_skip_tracking":false,"_monsterinsights_sitenote_active":false,"_monsterinsights_sitenote_note":"","_monsterinsights_sitenote_category":0},"product_cat":[516,519,475],"product_tag":[],"class_list":{"0":"post-23512","1":"product","2":"type-product","3":"status-publish","4":"has-post-thumbnail","6":"product_cat-lash-lift-fi","7":"product_cat-liimat","8":"product_cat-ripset","9":"pa_brand-lami-lashes-fi","10":"pa_suurus-10-ml-fi","12":"first","13":"instock","14":"taxable","15":"shipping-taxable","16":"purchasable","17":"product-type-simple"},"_links":{"self":[{"href":"https:\/\/prelive2.pomello.ee\/fi\/wp-json\/wp\/v2\/product\/23512","targetHints":{"allow":["GET"]}}],"collection":[{"href":"https:\/\/prelive2.pomello.ee\/fi\/wp-json\/wp\/v2\/product"}],"about":[{"href":"https:\/\/prelive2.pomello.ee\/fi\/wp-json\/wp\/v2\/types\/product"}],"replies":[{"embeddable":true,"href":"https:\/\/prelive2.pomello.ee\/fi\/wp-json\/wp\/v2\/comments?post=23512"}],"version-history":[{"count":0,"href":"https:\/\/prelive2.pomello.ee\/fi\/wp-json\/wp\/v2\/product\/23512\/revisions"}],"wp:featuredmedia":[{"embeddable":true,"href":"https:\/\/prelive2.pomello.ee\/fi\/wp-json\/wp\/v2\/media\/22333"}],"wp:attachment":[{"href":"https:\/\/prelive2.pomello.ee\/fi\/wp-json\/wp\/v2\/media?parent=23512"}],"wp:term":[{"taxonomy":"product_cat","embeddable":true,"href":"https:\/\/prelive2.pomello.ee\/fi\/wp-json\/wp\/v2\/product_cat?post=23512"},{"taxonomy":"product_tag","embeddable":true,"href":"https:\/\/prelive2.pomello.ee\/fi\/wp-json\/wp\/v2\/product_tag?post=23512"}],"curies":[{"name":"wp","href":"https:\/\/api.w.org\/{rel}","templated":true}]}}