{"id":23510,"date":"2022-10-16T21:36:23","date_gmt":"2022-10-16T18:36:23","guid":{"rendered":"https:\/\/prelive2.pomello.ee\/toode\/kulmakarvojen-mittausmerkki\/"},"modified":"2024-04-04T20:19:22","modified_gmt":"2024-04-04T17:19:22","slug":"kulmakarvojen-mittausmerkki","status":"publish","type":"product","link":"https:\/\/prelive2.pomello.ee\/fi\/toode\/kulmakarvojen-mittausmerkki\/","title":{"rendered":"Kulmakarvojen mittausmerkki"},"content":{"rendered":"<p>Kulmakarvojen mittausmerkki, jota voidaan k\u00e4ytt\u00e4\u00e4 kulmakarvojen mittaamiseen. Ihanteellinen ty\u00f6kalu kulmakarvojen t\u00e4rkeimpien pisteiden merkitsemiseen. Sopii my\u00f6s pysyv\u00e4sti meikkitaiteilijoille.<\/p>\n","protected":false},"excerpt":{"rendered":"<p>Kulmakarvojen mittausmerkki, jota voidaan k\u00e4ytt\u00e4\u00e4 kulmakarvojen mittaamiseen. Ihanteellinen ty\u00f6kalu kulmakarvojen t\u00e4rkeimpien pisteiden merkitsemiseen. Sopii my\u00f6s pysyv\u00e4sti meikkitaiteilijoille.<\/p>\n","protected":false},"featured_media":22326,"comment_status":"open","ping_status":"closed","template":"","meta":{"_monsterinsights_skip_tracking":false,"_monsterinsights_sitenote_active":false,"_monsterinsights_sitenote_note":"","_monsterinsights_sitenote_category":0},"product_cat":[476,511,541,540],"product_tag":[],"class_list":{"0":"post-23510","1":"product","2":"type-product","3":"status-publish","4":"has-post-thumbnail","6":"product_cat-kulmakarvat","7":"product_cat-kulmakarvojen-tarvikkeet","8":"product_cat-muut-tyokalut-fi","9":"product_cat-tarvikkeet","10":"pa_brand-pomello-fi","11":"pa_varv-valge-fi","13":"first","14":"instock","15":"taxable","16":"shipping-taxable","17":"purchasable","18":"product-type-simple"},"_links":{"self":[{"href":"https:\/\/prelive2.pomello.ee\/fi\/wp-json\/wp\/v2\/product\/23510","targetHints":{"allow":["GET"]}}],"collection":[{"href":"https:\/\/prelive2.pomello.ee\/fi\/wp-json\/wp\/v2\/product"}],"about":[{"href":"https:\/\/prelive2.pomello.ee\/fi\/wp-json\/wp\/v2\/types\/product"}],"replies":[{"embeddable":true,"href":"https:\/\/prelive2.pomello.ee\/fi\/wp-json\/wp\/v2\/comments?post=23510"}],"version-history":[{"count":0,"href":"https:\/\/prelive2.pomello.ee\/fi\/wp-json\/wp\/v2\/product\/23510\/revisions"}],"wp:featuredmedia":[{"embeddable":true,"href":"https:\/\/prelive2.pomello.ee\/fi\/wp-json\/wp\/v2\/media\/22326"}],"wp:attachment":[{"href":"https:\/\/prelive2.pomello.ee\/fi\/wp-json\/wp\/v2\/media?parent=23510"}],"wp:term":[{"taxonomy":"product_cat","embeddable":true,"href":"https:\/\/prelive2.pomello.ee\/fi\/wp-json\/wp\/v2\/product_cat?post=23510"},{"taxonomy":"product_tag","embeddable":true,"href":"https:\/\/prelive2.pomello.ee\/fi\/wp-json\/wp\/v2\/product_tag?post=23510"}],"curies":[{"name":"wp","href":"https:\/\/api.w.org\/{rel}","templated":true}]}}