{"id":23490,"date":"2022-10-16T21:36:23","date_gmt":"2022-10-16T18:36:23","guid":{"rendered":"https:\/\/prelive2.pomello.ee\/toode\/puiset-puuvillatikud\/"},"modified":"2024-04-04T20:19:24","modified_gmt":"2024-04-04T17:19:24","slug":"puiset-puuvillatikud","status":"publish","type":"product","link":"https:\/\/prelive2.pomello.ee\/fi\/toode\/puiset-puuvillatikud\/","title":{"rendered":"Puiset puuvillatikud"},"content":{"rendered":"<p>Pituus 7cm, 100 kpl pakkauksessa<\/p>\n","protected":false},"excerpt":{"rendered":"<p>Puiset puuvillatikud ovat parhaita ty\u00f6kaluja ihanteellisten \u00e4\u00e4riviivojen saavuttamiseen kemiallisessa kulmakarvojen v\u00e4rj\u00e4yksess\u00e4.<\/p>\n","protected":false},"featured_media":22221,"comment_status":"open","ping_status":"closed","template":"","meta":{"_monsterinsights_skip_tracking":false,"_monsterinsights_sitenote_active":false,"_monsterinsights_sitenote_note":"","_monsterinsights_sitenote_category":0},"product_cat":[476,511,541,540],"product_tag":[],"class_list":{"0":"post-23490","1":"product","2":"type-product","3":"status-publish","4":"has-post-thumbnail","6":"product_cat-kulmakarvat","7":"product_cat-kulmakarvojen-tarvikkeet","8":"product_cat-muut-tyokalut-fi","9":"product_cat-tarvikkeet","10":"pa_brand-pomello-fi","11":"pa_suurus-100-tk-pakis-puit-puuvill-7-cm-fi","13":"first","14":"instock","15":"taxable","16":"shipping-taxable","17":"purchasable","18":"product-type-simple"},"_links":{"self":[{"href":"https:\/\/prelive2.pomello.ee\/fi\/wp-json\/wp\/v2\/product\/23490","targetHints":{"allow":["GET"]}}],"collection":[{"href":"https:\/\/prelive2.pomello.ee\/fi\/wp-json\/wp\/v2\/product"}],"about":[{"href":"https:\/\/prelive2.pomello.ee\/fi\/wp-json\/wp\/v2\/types\/product"}],"replies":[{"embeddable":true,"href":"https:\/\/prelive2.pomello.ee\/fi\/wp-json\/wp\/v2\/comments?post=23490"}],"version-history":[{"count":0,"href":"https:\/\/prelive2.pomello.ee\/fi\/wp-json\/wp\/v2\/product\/23490\/revisions"}],"wp:featuredmedia":[{"embeddable":true,"href":"https:\/\/prelive2.pomello.ee\/fi\/wp-json\/wp\/v2\/media\/22221"}],"wp:attachment":[{"href":"https:\/\/prelive2.pomello.ee\/fi\/wp-json\/wp\/v2\/media?parent=23490"}],"wp:term":[{"taxonomy":"product_cat","embeddable":true,"href":"https:\/\/prelive2.pomello.ee\/fi\/wp-json\/wp\/v2\/product_cat?post=23490"},{"taxonomy":"product_tag","embeddable":true,"href":"https:\/\/prelive2.pomello.ee\/fi\/wp-json\/wp\/v2\/product_tag?post=23490"}],"curies":[{"name":"wp","href":"https:\/\/api.w.org\/{rel}","templated":true}]}}