{"id":23487,"date":"2022-10-16T21:36:23","date_gmt":"2022-10-16T18:36:23","guid":{"rendered":"https:\/\/prelive2.pomello.ee\/toode\/interdental-brushes-2\/"},"modified":"2024-02-19T12:15:32","modified_gmt":"2024-02-19T09:15:32","slug":"interdental-brushes-2","status":"publish","type":"product","link":"https:\/\/prelive2.pomello.ee\/fi\/toode\/interdental-brushes-2\/","title":{"rendered":"Interdental brushes"},"content":{"rendered":"<p>K\u00e4ytt\u00f6: Tuote voidaan k\u00e4ytt\u00e4\u00e4 uudelleen, jos noudatat hygieniavaatimuksia ja puhdistat ja desinfioit tuotteen jokaisen k\u00e4yt\u00f6n j\u00e4lkeen.<\/p>\n","protected":false},"excerpt":{"rendered":"<p>Interdental brushes &#8211; joustavalla p\u00e4\u00e4ll\u00e4 varustettu miniharja, jolla voidaan levitt\u00e4\u00e4 kosteuttavia emulsioita ja saavuttaa ihanteellinen karvojen sijoitus kulmakarvoja laminoitaessa.<\/p>\n","protected":false},"featured_media":22350,"comment_status":"closed","ping_status":"closed","template":"","meta":{"_monsterinsights_skip_tracking":false,"_monsterinsights_sitenote_active":false,"_monsterinsights_sitenote_note":"","_monsterinsights_sitenote_category":0},"product_cat":[476,511,541,512,475,546,540],"product_tag":[],"class_list":{"0":"post-23487","1":"product","2":"type-product","3":"status-publish","4":"has-post-thumbnail","6":"product_cat-kulmakarvat","7":"product_cat-kulmakarvojen-tarvikkeet","8":"product_cat-muut-tyokalut-fi","9":"product_cat-parhaat-tarjoukset","10":"product_cat-ripset","11":"product_cat-ripsien-tarvikkeet","12":"product_cat-tarvikkeet","13":"pa_brand-pomello-fi","14":"pa_suurus-10-tk-plastik-sunteetika-fi","15":"pa_varv-mix-fi","17":"first","18":"instock","19":"sale","20":"taxable","21":"shipping-taxable","22":"purchasable","23":"product-type-simple"},"_links":{"self":[{"href":"https:\/\/prelive2.pomello.ee\/fi\/wp-json\/wp\/v2\/product\/23487","targetHints":{"allow":["GET"]}}],"collection":[{"href":"https:\/\/prelive2.pomello.ee\/fi\/wp-json\/wp\/v2\/product"}],"about":[{"href":"https:\/\/prelive2.pomello.ee\/fi\/wp-json\/wp\/v2\/types\/product"}],"replies":[{"embeddable":true,"href":"https:\/\/prelive2.pomello.ee\/fi\/wp-json\/wp\/v2\/comments?post=23487"}],"version-history":[{"count":1,"href":"https:\/\/prelive2.pomello.ee\/fi\/wp-json\/wp\/v2\/product\/23487\/revisions"}],"predecessor-version":[{"id":23488,"href":"https:\/\/prelive2.pomello.ee\/fi\/wp-json\/wp\/v2\/product\/23487\/revisions\/23488"}],"wp:featuredmedia":[{"embeddable":true,"href":"https:\/\/prelive2.pomello.ee\/fi\/wp-json\/wp\/v2\/media\/22350"}],"wp:attachment":[{"href":"https:\/\/prelive2.pomello.ee\/fi\/wp-json\/wp\/v2\/media?parent=23487"}],"wp:term":[{"taxonomy":"product_cat","embeddable":true,"href":"https:\/\/prelive2.pomello.ee\/fi\/wp-json\/wp\/v2\/product_cat?post=23487"},{"taxonomy":"product_tag","embeddable":true,"href":"https:\/\/prelive2.pomello.ee\/fi\/wp-json\/wp\/v2\/product_tag?post=23487"}],"curies":[{"name":"wp","href":"https:\/\/api.w.org\/{rel}","templated":true}]}}