{"id":23459,"date":"2022-10-16T21:36:21","date_gmt":"2022-10-16T18:36:21","guid":{"rendered":"https:\/\/prelive2.pomello.ee\/toode\/rica-azulene-wax\/"},"modified":"2022-10-16T21:36:21","modified_gmt":"2022-10-16T18:36:21","slug":"rica-azulene-wax","status":"publish","type":"product","link":"https:\/\/prelive2.pomello.ee\/fi\/toode\/rica-azulene-wax\/","title":{"rendered":"Rica azulene wax"},"content":{"rendered":"<p>RICA Azulene wax pehme\u00e4 t\u00f6lkkivaha on tehokas hyvien ainesosien ansiosta. Ihanteellinen asiakkaille, joilla on herkk\u00e4 ja herkk\u00e4 iho, erityisesti kasvojen vahaukseen. Vahan k\u00e4ytt\u00f6\u00e4 varten tarvitaan vahapaperia.<\/p>\n<p>&nbsp;<\/p>\n<p><strong>K\u00e4ytt\u00f6:<\/strong><\/p>\n<p>&#8211; Kuumenna vaha sopivassa laitteessa haluttuun l\u00e4mp\u00f6tilaan<br \/>\n&#8211; Testaa vahan l\u00e4mp\u00f6tila levitt\u00e4m\u00e4ll\u00e4 pieni m\u00e4\u00e4r\u00e4 vahaa ranteen sis\u00e4puolelle<br \/>\n&#8211; Kun l\u00e4mp\u00f6tila on sopiva, levit\u00e4 vahaa halutulle alueelle karvan kasvusuunnassa ja laita p\u00e4\u00e4lle vahapaperi<br \/>\n&#8211; Odota hetki, ved\u00e4 iho kire\u00e4ksi ja poista sitten paperi nopealla liikkeell\u00e4 vet\u00e4m\u00e4ll\u00e4 sit\u00e4 vastakkaisen hiuksen suuntaan<\/p>\n","protected":false},"excerpt":{"rendered":"<p>Rica Azulene wax pehme\u00e4 purkkivaha on rauhoittava vaikutus, ei \u00e4rsyt\u00e4 ihoa. Kasvi\u00f6ljyjen sekoitus ravitsee ja kosteuttaa ihoa, ei sis\u00e4ll\u00e4 \u00e4rsytt\u00e4vi\u00e4 aineosia ja on hajusteeton.<\/p>\n","protected":false},"featured_media":22196,"comment_status":"open","ping_status":"closed","template":"","meta":{"_monsterinsights_skip_tracking":false,"_monsterinsights_sitenote_active":false,"_monsterinsights_sitenote_note":"","_monsterinsights_sitenote_category":0},"product_cat":[507,542,476,540,555],"product_tag":[],"class_list":{"0":"post-23459","1":"product","2":"type-product","3":"status-publish","4":"has-post-thumbnail","6":"product_cat-karvanpoisto","7":"product_cat-karvanpoisto-tarvikkeet-fi","8":"product_cat-kulmakarvat","9":"product_cat-tarvikkeet","10":"product_cat-vahat","11":"pa_brand-rica-fi","12":"pa_suurus-400-ml-fi","14":"first","15":"instock","16":"taxable","17":"shipping-taxable","18":"purchasable","19":"product-type-simple"},"_links":{"self":[{"href":"https:\/\/prelive2.pomello.ee\/fi\/wp-json\/wp\/v2\/product\/23459","targetHints":{"allow":["GET"]}}],"collection":[{"href":"https:\/\/prelive2.pomello.ee\/fi\/wp-json\/wp\/v2\/product"}],"about":[{"href":"https:\/\/prelive2.pomello.ee\/fi\/wp-json\/wp\/v2\/types\/product"}],"replies":[{"embeddable":true,"href":"https:\/\/prelive2.pomello.ee\/fi\/wp-json\/wp\/v2\/comments?post=23459"}],"version-history":[{"count":0,"href":"https:\/\/prelive2.pomello.ee\/fi\/wp-json\/wp\/v2\/product\/23459\/revisions"}],"wp:featuredmedia":[{"embeddable":true,"href":"https:\/\/prelive2.pomello.ee\/fi\/wp-json\/wp\/v2\/media\/22196"}],"wp:attachment":[{"href":"https:\/\/prelive2.pomello.ee\/fi\/wp-json\/wp\/v2\/media?parent=23459"}],"wp:term":[{"taxonomy":"product_cat","embeddable":true,"href":"https:\/\/prelive2.pomello.ee\/fi\/wp-json\/wp\/v2\/product_cat?post=23459"},{"taxonomy":"product_tag","embeddable":true,"href":"https:\/\/prelive2.pomello.ee\/fi\/wp-json\/wp\/v2\/product_tag?post=23459"}],"curies":[{"name":"wp","href":"https:\/\/api.w.org\/{rel}","templated":true}]}}