{"id":23448,"date":"2022-10-16T21:36:21","date_gmt":"2022-10-16T18:36:21","guid":{"rendered":"https:\/\/prelive2.pomello.ee\/toode\/pinsettisarja\/"},"modified":"2022-10-16T21:36:21","modified_gmt":"2022-10-16T18:36:21","slug":"pinsettisarja","status":"publish","type":"product","link":"https:\/\/prelive2.pomello.ee\/fi\/toode\/pinsettisarja\/","title":{"rendered":"Pinsettisarja"},"content":{"rendered":"<p>Puhdistus:<br \/>\n1. Puhdista v\u00e4litt\u00f6m\u00e4sti jokaisen k\u00e4yt\u00f6n j\u00e4lkeen l\u00e4mpim\u00e4ll\u00e4 vedell\u00e4 ja antibakteerisella saippualla.<br \/>\n2. Desinfioi 70 % alkoholilla<br \/>\n3. Huuhtele sitten vedell\u00e4 ja kuivaa.<br \/>\n4. Aseta tuote steriiliin, suljettuun astiaan.<\/p>\n","protected":false},"excerpt":{"rendered":"<p>Pinsettisarja sis\u00e4lt\u00e4\u00e4 4 erip\u00e4ist\u00e4 pinsetti\u00e4 k\u00e4yt\u00e4nn\u00f6llisess\u00e4 keinonahkalaukussa.<\/p>\n","protected":false},"featured_media":22217,"comment_status":"open","ping_status":"closed","template":"","meta":{"_monsterinsights_skip_tracking":false,"_monsterinsights_sitenote_active":false,"_monsterinsights_sitenote_note":"","_monsterinsights_sitenote_category":0},"product_cat":[476,511,512,561,540],"product_tag":[],"class_list":{"0":"post-23448","1":"product","2":"type-product","3":"status-publish","4":"has-post-thumbnail","6":"product_cat-kulmakarvat","7":"product_cat-kulmakarvojen-tarvikkeet","8":"product_cat-parhaat-tarjoukset","9":"product_cat-pinsetit","10":"product_cat-tarvikkeet","11":"pa_brand-pomello-fi","12":"pa_suurus-96-cm-fi","13":"pa_varv-mix-fi","15":"first","16":"outofstock","17":"sale","18":"taxable","19":"shipping-taxable","20":"purchasable","21":"product-type-simple"},"_links":{"self":[{"href":"https:\/\/prelive2.pomello.ee\/fi\/wp-json\/wp\/v2\/product\/23448","targetHints":{"allow":["GET"]}}],"collection":[{"href":"https:\/\/prelive2.pomello.ee\/fi\/wp-json\/wp\/v2\/product"}],"about":[{"href":"https:\/\/prelive2.pomello.ee\/fi\/wp-json\/wp\/v2\/types\/product"}],"replies":[{"embeddable":true,"href":"https:\/\/prelive2.pomello.ee\/fi\/wp-json\/wp\/v2\/comments?post=23448"}],"version-history":[{"count":0,"href":"https:\/\/prelive2.pomello.ee\/fi\/wp-json\/wp\/v2\/product\/23448\/revisions"}],"wp:featuredmedia":[{"embeddable":true,"href":"https:\/\/prelive2.pomello.ee\/fi\/wp-json\/wp\/v2\/media\/22217"}],"wp:attachment":[{"href":"https:\/\/prelive2.pomello.ee\/fi\/wp-json\/wp\/v2\/media?parent=23448"}],"wp:term":[{"taxonomy":"product_cat","embeddable":true,"href":"https:\/\/prelive2.pomello.ee\/fi\/wp-json\/wp\/v2\/product_cat?post=23448"},{"taxonomy":"product_tag","embeddable":true,"href":"https:\/\/prelive2.pomello.ee\/fi\/wp-json\/wp\/v2\/product_tag?post=23448"}],"curies":[{"name":"wp","href":"https:\/\/api.w.org\/{rel}","templated":true}]}}