{"id":23446,"date":"2022-10-16T21:36:21","date_gmt":"2022-10-16T18:36:21","guid":{"rendered":"https:\/\/prelive2.pomello.ee\/toode\/dolly-silikonimuotit\/"},"modified":"2022-10-16T21:36:21","modified_gmt":"2022-10-16T18:36:21","slug":"dolly-silikonimuotit","status":"publish","type":"product","link":"https:\/\/prelive2.pomello.ee\/fi\/toode\/dolly-silikonimuotit\/","title":{"rendered":"Dolly Silikonimuotit"},"content":{"rendered":"<p>Tuote on uudelleenk\u00e4ytett\u00e4v\u00e4.<\/p>\n<p>&nbsp;<\/p>\n<p><strong>Puhdistus:<\/strong><br \/>\n1. Puhdista v\u00e4litt\u00f6m\u00e4sti jokaisen k\u00e4yt\u00f6n j\u00e4lkeen l\u00e4mpim\u00e4ll\u00e4 vedell\u00e4 ja antibakteerisella saippualla.<br \/>\n2. Desinfioi 70 % alkoholilla<br \/>\n3. Huuhtele sitten vedell\u00e4 ja kuivaa.<br \/>\n4. Aseta tuote steriiliin, suljettuun astiaan.<\/p>\n<p>&nbsp;<\/p>\n","protected":false},"excerpt":{"rendered":"<p>Setiss\u00e4 olevat Dolly-silikonimuotit ovat klassisia teardrop-tyyppisi\u00e4 silikonityynyj\u00e4 ripsien kohotuksessa. Sarjassa 5 paria: S, M, M1, M2, L<\/p>\n","protected":false},"featured_media":22782,"comment_status":"open","ping_status":"closed","template":"","meta":{"_monsterinsights_skip_tracking":false,"_monsterinsights_sitenote_active":false,"_monsterinsights_sitenote_note":"","_monsterinsights_sitenote_category":0},"product_cat":[516,521,475],"product_tag":[],"class_list":{"0":"post-23446","1":"product","2":"type-product","3":"status-publish","4":"has-post-thumbnail","6":"product_cat-lash-lift-fi","7":"product_cat-silikonityynyt","8":"product_cat-ripset","9":"pa_brand-pomello-fi","10":"pa_varv-heleroosa-fi","11":"pa_varv-mix-fi","13":"first","14":"outofstock","15":"taxable","16":"shipping-taxable","17":"purchasable","18":"product-type-variable"},"_links":{"self":[{"href":"https:\/\/prelive2.pomello.ee\/fi\/wp-json\/wp\/v2\/product\/23446","targetHints":{"allow":["GET"]}}],"collection":[{"href":"https:\/\/prelive2.pomello.ee\/fi\/wp-json\/wp\/v2\/product"}],"about":[{"href":"https:\/\/prelive2.pomello.ee\/fi\/wp-json\/wp\/v2\/types\/product"}],"replies":[{"embeddable":true,"href":"https:\/\/prelive2.pomello.ee\/fi\/wp-json\/wp\/v2\/comments?post=23446"}],"version-history":[{"count":0,"href":"https:\/\/prelive2.pomello.ee\/fi\/wp-json\/wp\/v2\/product\/23446\/revisions"}],"wp:featuredmedia":[{"embeddable":true,"href":"https:\/\/prelive2.pomello.ee\/fi\/wp-json\/wp\/v2\/media\/22782"}],"wp:attachment":[{"href":"https:\/\/prelive2.pomello.ee\/fi\/wp-json\/wp\/v2\/media?parent=23446"}],"wp:term":[{"taxonomy":"product_cat","embeddable":true,"href":"https:\/\/prelive2.pomello.ee\/fi\/wp-json\/wp\/v2\/product_cat?post=23446"},{"taxonomy":"product_tag","embeddable":true,"href":"https:\/\/prelive2.pomello.ee\/fi\/wp-json\/wp\/v2\/product_tag?post=23446"}],"curies":[{"name":"wp","href":"https:\/\/api.w.org\/{rel}","templated":true}]}}