{"id":23444,"date":"2022-10-16T21:36:21","date_gmt":"2022-10-16T18:36:21","guid":{"rendered":"https:\/\/prelive2.pomello.ee\/toode\/minilampomittari-hygrometri\/"},"modified":"2022-10-16T21:36:21","modified_gmt":"2022-10-16T18:36:21","slug":"minilampomittari-hygrometri","status":"publish","type":"product","link":"https:\/\/prelive2.pomello.ee\/fi\/toode\/minilampomittari-hygrometri\/","title":{"rendered":"Minil\u00e4mp\u00f6mittari\/hygrometri"},"content":{"rendered":"<p>Laite mittaa l\u00e4mp\u00f6tilan lis\u00e4ksi my\u00f6s kosteutta. Soveltuu my\u00f6s ripsiteknikkojen k\u00e4ytt\u00f6\u00f6n.<\/p>\n<p>Tuotteen mitat: 4,5 x 4,5 x 1,5 cm<br \/>\nTuote toimii 1 x AG13 paristolla (ei sis\u00e4lly)<\/p>\n","protected":false},"excerpt":{"rendered":"<p>L\u00e4mp\u00f6mittari ja kosteusmittari ovat t\u00e4rke\u00e4 osa ripsien kohotustoimenpiteen suorittamista ja oikean ajoituskaavion k\u00e4ytt\u00e4mist\u00e4, jotta tiedet\u00e4\u00e4n, mik\u00e4 l\u00e4mp\u00f6tila on tietyss\u00e4 paikassa.<\/p>\n","protected":false},"featured_media":22215,"comment_status":"open","ping_status":"closed","template":"","meta":{"_monsterinsights_skip_tracking":false,"_monsterinsights_sitenote_active":false,"_monsterinsights_sitenote_note":"","_monsterinsights_sitenote_category":0},"product_cat":[559,512,540],"product_tag":[],"class_list":{"0":"post-23444","1":"product","2":"type-product","3":"status-publish","4":"has-post-thumbnail","6":"product_cat-laitteita","7":"product_cat-parhaat-tarjoukset","8":"product_cat-tarvikkeet","9":"pa_brand-pomello-fi","10":"pa_varv-valge-fi","12":"first","13":"instock","14":"sale","15":"taxable","16":"shipping-taxable","17":"purchasable","18":"product-type-simple"},"_links":{"self":[{"href":"https:\/\/prelive2.pomello.ee\/fi\/wp-json\/wp\/v2\/product\/23444","targetHints":{"allow":["GET"]}}],"collection":[{"href":"https:\/\/prelive2.pomello.ee\/fi\/wp-json\/wp\/v2\/product"}],"about":[{"href":"https:\/\/prelive2.pomello.ee\/fi\/wp-json\/wp\/v2\/types\/product"}],"replies":[{"embeddable":true,"href":"https:\/\/prelive2.pomello.ee\/fi\/wp-json\/wp\/v2\/comments?post=23444"}],"version-history":[{"count":0,"href":"https:\/\/prelive2.pomello.ee\/fi\/wp-json\/wp\/v2\/product\/23444\/revisions"}],"wp:featuredmedia":[{"embeddable":true,"href":"https:\/\/prelive2.pomello.ee\/fi\/wp-json\/wp\/v2\/media\/22215"}],"wp:attachment":[{"href":"https:\/\/prelive2.pomello.ee\/fi\/wp-json\/wp\/v2\/media?parent=23444"}],"wp:term":[{"taxonomy":"product_cat","embeddable":true,"href":"https:\/\/prelive2.pomello.ee\/fi\/wp-json\/wp\/v2\/product_cat?post=23444"},{"taxonomy":"product_tag","embeddable":true,"href":"https:\/\/prelive2.pomello.ee\/fi\/wp-json\/wp\/v2\/product_tag?post=23444"}],"curies":[{"name":"wp","href":"https:\/\/api.w.org\/{rel}","templated":true}]}}