{"id":23442,"date":"2022-10-16T21:36:21","date_gmt":"2022-10-16T18:36:21","guid":{"rendered":"https:\/\/prelive2.pomello.ee\/toode\/interdental-brushes\/"},"modified":"2022-10-16T21:36:21","modified_gmt":"2022-10-16T18:36:21","slug":"interdental-brushes","status":"publish","type":"product","link":"https:\/\/prelive2.pomello.ee\/fi\/toode\/interdental-brushes\/","title":{"rendered":"Interdental brushes"},"content":{"rendered":"<p>K\u00e4ytt\u00f6: Tuote voidaan k\u00e4ytt\u00e4\u00e4 uudelleen, jos noudatat hygieniavaatimuksia ja puhdistat ja desinfioit tuotteen jokaisen k\u00e4yt\u00f6n j\u00e4lkeen.<\/p>\n","protected":false},"excerpt":{"rendered":"<p>Interdental brushes &#8211; joustavalla p\u00e4\u00e4ll\u00e4 varustettu miniharja, jolla voidaan levitt\u00e4\u00e4 kosteuttavia emulsioita ja saavuttaa ihanteellinen karvojen sijoitus kulmakarvoja laminoitaessa.<\/p>\n","protected":false},"featured_media":22429,"comment_status":"open","ping_status":"closed","template":"","meta":{"_monsterinsights_skip_tracking":false,"_monsterinsights_sitenote_active":false,"_monsterinsights_sitenote_note":"","_monsterinsights_sitenote_category":0},"product_cat":[476,511,541,475,546,540],"product_tag":[],"class_list":{"0":"post-23442","1":"product","2":"type-product","3":"status-publish","4":"has-post-thumbnail","6":"product_cat-kulmakarvat","7":"product_cat-kulmakarvojen-tarvikkeet","8":"product_cat-muut-tyokalut-fi","9":"product_cat-ripset","10":"product_cat-ripsien-tarvikkeet","11":"product_cat-tarvikkeet","12":"pa_brand-pomello-fi","13":"pa_suurus-10-tk-plastik-sunteetika-fi","14":"pa_varv-kollane-fi","15":"pa_varv-roosa-fi","17":"first","18":"instock","19":"taxable","20":"shipping-taxable","21":"purchasable","22":"product-type-variable"},"_links":{"self":[{"href":"https:\/\/prelive2.pomello.ee\/fi\/wp-json\/wp\/v2\/product\/23442","targetHints":{"allow":["GET"]}}],"collection":[{"href":"https:\/\/prelive2.pomello.ee\/fi\/wp-json\/wp\/v2\/product"}],"about":[{"href":"https:\/\/prelive2.pomello.ee\/fi\/wp-json\/wp\/v2\/types\/product"}],"replies":[{"embeddable":true,"href":"https:\/\/prelive2.pomello.ee\/fi\/wp-json\/wp\/v2\/comments?post=23442"}],"version-history":[{"count":0,"href":"https:\/\/prelive2.pomello.ee\/fi\/wp-json\/wp\/v2\/product\/23442\/revisions"}],"wp:featuredmedia":[{"embeddable":true,"href":"https:\/\/prelive2.pomello.ee\/fi\/wp-json\/wp\/v2\/media\/22429"}],"wp:attachment":[{"href":"https:\/\/prelive2.pomello.ee\/fi\/wp-json\/wp\/v2\/media?parent=23442"}],"wp:term":[{"taxonomy":"product_cat","embeddable":true,"href":"https:\/\/prelive2.pomello.ee\/fi\/wp-json\/wp\/v2\/product_cat?post=23442"},{"taxonomy":"product_tag","embeddable":true,"href":"https:\/\/prelive2.pomello.ee\/fi\/wp-json\/wp\/v2\/product_tag?post=23442"}],"curies":[{"name":"wp","href":"https:\/\/api.w.org\/{rel}","templated":true}]}}