{"id":23440,"date":"2022-10-16T21:36:21","date_gmt":"2022-10-16T18:36:21","guid":{"rendered":"https:\/\/prelive2.pomello.ee\/toode\/globacidid-valmisliuos\/"},"modified":"2022-10-16T21:36:21","modified_gmt":"2022-10-16T18:36:21","slug":"globacidid-valmisliuos","status":"publish","type":"product","link":"https:\/\/prelive2.pomello.ee\/fi\/toode\/globacidid-valmisliuos\/","title":{"rendered":"GLOBACID\u00aeID valmisliuos"},"content":{"rendered":"<p><strong>TUOTTEEN OMINAISUUDET<\/strong><br \/>\nlaajalla toiminta-alalla<br \/>\nsoveltuu k\u00e4ytett\u00e4v\u00e4ksi sek\u00e4 instrumentti- ett\u00e4 ultra\u00e4\u00e4nikylvyiss\u00e4 sek\u00e4 endoskooppien konepesulaitteissa (vaahdonestoaineen lis\u00e4\u00e4minen on suositeltavaa)<br \/>\nk\u00e4yt\u00f6ss\u00e4 oleva ty\u00f6liuos s\u00e4ilyy jopa 7 p\u00e4iv\u00e4\u00e4<\/p>\n<p>&nbsp;<\/p>\n<p><strong>TEHOKKUUSAIKA<\/strong><br \/>\n5 minuuttia<\/p>\n<p>&nbsp;<\/p>\n<p><strong>MIKROBIOLOGINEN SPEKTRI<\/strong><br \/>\nTuote on bakteereja tappavia, tuberkuloosia tuhoavia, hiival\u00e4\u00e4kkeit\u00e4, viruksia tuhoavia vaipallisia viruksia (mukaan lukien HBV, HIV, HCV, koronavirus, influenssavirus) ja vaipattomia viruksia (mukaan lukien rota-, noro-, adeno- ja poliovirus).<\/p>\n<p>&nbsp;<\/p>\n<p><strong>S\u00c4VELLYS<\/strong><br \/>\n100 g tuotetta sis\u00e4lt\u00e4\u00e4 vaikuttavia aineita: amiinia 0,56 g, kvatern\u00e4\u00e4risi\u00e4 ammoniumyhdisteit\u00e4 0,36 g<br \/>\npH 11-12<br \/>\nTuotteella on l\u00e4\u00e4kinn\u00e4llisi\u00e4 laitteita koskevan direktiivin 93\/42\/ETY mukainen CE-merkki<\/p>\n","protected":false},"excerpt":{"rendered":"<p>Amiinipohjainen instrumenttien liotus- ja desinfiointiaine<\/p>\n<p>&nbsp;<\/p>\n<p>Globacid\u00aeID valmisliuos on kustannustehokas, laajakirjoinen aldehydi-, fenoli- ja kloorivapaa aine, jolla on eritt\u00e4in hyv\u00e4t orgaanisen lianpoisto-ominaisuudet metallista valmistettujen instrumenttien ja tarvikkeiden esi- ja loppudesinfiointiin. keinotekoiset materiaalit sek\u00e4 kaikki endoskoopit.<\/p>\n<p>Lis\u00e4ksi se t\u00e4ytt\u00e4\u00e4 elintarviketeollisuudessa, kauneuspalveluissa ja muilla aloilla asetetut vaatimukset.<\/p>\n","protected":false},"featured_media":22489,"comment_status":"open","ping_status":"closed","template":"","meta":{"_monsterinsights_skip_tracking":false,"_monsterinsights_sitenote_active":false,"_monsterinsights_sitenote_note":"","_monsterinsights_sitenote_category":0},"product_cat":[509,515,476,557,475,540],"product_tag":[],"class_list":{"0":"post-23440","1":"product","2":"type-product","3":"status-publish","4":"has-post-thumbnail","6":"product_cat-hygienia","7":"product_cat-hygienia-ripset-fi","8":"product_cat-kulmakarvat","9":"product_cat-desinfiointi","10":"product_cat-ripset","11":"product_cat-tarvikkeet","12":"pa_brand-goodpoint-chemicals-fi","13":"pa_suurus-1-l-fi","15":"first","16":"instock","17":"taxable","18":"shipping-taxable","19":"purchasable","20":"product-type-simple"},"_links":{"self":[{"href":"https:\/\/prelive2.pomello.ee\/fi\/wp-json\/wp\/v2\/product\/23440","targetHints":{"allow":["GET"]}}],"collection":[{"href":"https:\/\/prelive2.pomello.ee\/fi\/wp-json\/wp\/v2\/product"}],"about":[{"href":"https:\/\/prelive2.pomello.ee\/fi\/wp-json\/wp\/v2\/types\/product"}],"replies":[{"embeddable":true,"href":"https:\/\/prelive2.pomello.ee\/fi\/wp-json\/wp\/v2\/comments?post=23440"}],"version-history":[{"count":0,"href":"https:\/\/prelive2.pomello.ee\/fi\/wp-json\/wp\/v2\/product\/23440\/revisions"}],"wp:featuredmedia":[{"embeddable":true,"href":"https:\/\/prelive2.pomello.ee\/fi\/wp-json\/wp\/v2\/media\/22489"}],"wp:attachment":[{"href":"https:\/\/prelive2.pomello.ee\/fi\/wp-json\/wp\/v2\/media?parent=23440"}],"wp:term":[{"taxonomy":"product_cat","embeddable":true,"href":"https:\/\/prelive2.pomello.ee\/fi\/wp-json\/wp\/v2\/product_cat?post=23440"},{"taxonomy":"product_tag","embeddable":true,"href":"https:\/\/prelive2.pomello.ee\/fi\/wp-json\/wp\/v2\/product_tag?post=23440"}],"curies":[{"name":"wp","href":"https:\/\/api.w.org\/{rel}","templated":true}]}}