{"id":23436,"date":"2022-10-16T21:36:21","date_gmt":"2022-10-16T18:36:21","guid":{"rendered":"https:\/\/prelive2.pomello.ee\/toode\/globacidaf-med\/"},"modified":"2022-10-16T21:36:21","modified_gmt":"2022-10-16T18:36:21","slug":"globacidaf-med","status":"publish","type":"product","link":"https:\/\/prelive2.pomello.ee\/fi\/toode\/globacidaf-med\/","title":{"rendered":"GLOBACID\u00aeAF Med"},"content":{"rendered":"<p><strong>TUOTTEEN OMINAISUUDET<\/strong><br \/>\nnopea vaikutusaika (30-60 s) perustuu alkoholiin, ei sis\u00e4ll\u00e4 aldehydej\u00e4, kvaternaarisia ammoniumyhdisteit\u00e4 tai kloori-ioneja, ei j\u00e4t\u00e4 j\u00e4\u00e4mi\u00e4, sopii erityisesti vaikeap\u00e4\u00e4syisiin paikkoihin, ei tarvitse pest\u00e4 pois, ei muuttaa pinnan visuaalista ulkon\u00e4k\u00f6\u00e4<\/p>\n<p>&nbsp;<\/p>\n<p><strong>TEHOKKUUSAIKA<\/strong><br \/>\n30 sekuntia (Noro ja Polio 60 sekuntia)<\/p>\n<p>&nbsp;<\/p>\n<p><strong>MIKROBIOLOGINEN SPEKTRI<\/strong><br \/>\nTuote on bakteereja tappava, tuberkuloosia tuhoava, antifungaalinen, sill\u00e4 on virusidinen vaikutus vaipallisia viruksia (mukaan lukien HBV, HIV, HCV, koronavirus, influenssavirus) ja vaipattomia viruksia (mukaan lukien rota-, noro-, adeno- ja poliovirus) vastaan.<\/p>\n<p>&nbsp;<\/p>\n<p><strong>S\u00c4VELLYS<\/strong><br \/>\n100g tuotetta sis\u00e4lt\u00e4\u00e4 vaikuttavia aineita: propan-2-olia 60g, etanolia 15g Tuotteella on l\u00e4\u00e4kinn\u00e4llisist\u00e4 laitteista annetun direktiivin 93\/42\/ETY mukainen CE-merkint\u00e4 Biosidirekisterinumero: 2254\/21 K\u00e4yt\u00e4 biosidia turvallisesti! Lue aina oheiset tiedot ennen k\u00e4ytt\u00f6\u00e4!<\/p>\n","protected":false},"excerpt":{"rendered":"<p>Alkoholipohjainen pikadesinfiointiaine<\/p>\n<p>&nbsp;<\/p>\n<p>Globacid\u00aeAF med on k\u00e4ytt\u00f6valmis desinfiointiaine, joka on suunniteltu nopeaan desinfiointiin ja sopii k\u00e4ytett\u00e4v\u00e4ksi kaikille alkoholia kest\u00e4ville pinnoille (mukaan lukien l\u00e4\u00e4ketieteelliset laitteet). Tuote ei j\u00e4t\u00e4 pinnoille j\u00e4\u00e4mi\u00e4 k\u00e4yt\u00f6n j\u00e4lkeen, joten se sopii erinomaisesti my\u00f6s elintarvikkeiden ja elintarvikkeiden kanssa kosketuksiin joutuvien pintojen desinfiointiin.<br \/>\nT\u00e4ytt\u00e4\u00e4 terveydenhuollon, elintarviketeollisuuden, kauneuspalveluiden ja muiden alojen vaatimukset.<\/p>\n","protected":false},"featured_media":22490,"comment_status":"open","ping_status":"closed","template":"","meta":{"_monsterinsights_skip_tracking":false,"_monsterinsights_sitenote_active":false,"_monsterinsights_sitenote_note":"","_monsterinsights_sitenote_category":0},"product_cat":[515,509,476,557,475,540],"product_tag":[],"class_list":{"0":"post-23436","1":"product","2":"type-product","3":"status-publish","4":"has-post-thumbnail","6":"product_cat-hygienia-ripset-fi","7":"product_cat-hygienia","8":"product_cat-kulmakarvat","9":"product_cat-desinfiointi","10":"product_cat-ripset","11":"product_cat-tarvikkeet","12":"pa_brand-goodpoint-chemicals-fi","13":"pa_suurus-1-l-fi","15":"first","16":"instock","17":"taxable","18":"shipping-taxable","19":"purchasable","20":"product-type-simple"},"_links":{"self":[{"href":"https:\/\/prelive2.pomello.ee\/fi\/wp-json\/wp\/v2\/product\/23436","targetHints":{"allow":["GET"]}}],"collection":[{"href":"https:\/\/prelive2.pomello.ee\/fi\/wp-json\/wp\/v2\/product"}],"about":[{"href":"https:\/\/prelive2.pomello.ee\/fi\/wp-json\/wp\/v2\/types\/product"}],"replies":[{"embeddable":true,"href":"https:\/\/prelive2.pomello.ee\/fi\/wp-json\/wp\/v2\/comments?post=23436"}],"version-history":[{"count":0,"href":"https:\/\/prelive2.pomello.ee\/fi\/wp-json\/wp\/v2\/product\/23436\/revisions"}],"wp:featuredmedia":[{"embeddable":true,"href":"https:\/\/prelive2.pomello.ee\/fi\/wp-json\/wp\/v2\/media\/22490"}],"wp:attachment":[{"href":"https:\/\/prelive2.pomello.ee\/fi\/wp-json\/wp\/v2\/media?parent=23436"}],"wp:term":[{"taxonomy":"product_cat","embeddable":true,"href":"https:\/\/prelive2.pomello.ee\/fi\/wp-json\/wp\/v2\/product_cat?post=23436"},{"taxonomy":"product_tag","embeddable":true,"href":"https:\/\/prelive2.pomello.ee\/fi\/wp-json\/wp\/v2\/product_tag?post=23436"}],"curies":[{"name":"wp","href":"https:\/\/api.w.org\/{rel}","templated":true}]}}