{"id":23423,"date":"2022-10-16T21:36:21","date_gmt":"2022-10-16T18:36:21","guid":{"rendered":"https:\/\/prelive2.pomello.ee\/toode\/xanitalia-multi-directional-wax\/"},"modified":"2022-10-16T21:36:21","modified_gmt":"2022-10-16T18:36:21","slug":"xanitalia-multi-directional-wax","status":"publish","type":"product","link":"https:\/\/prelive2.pomello.ee\/fi\/toode\/xanitalia-multi-directional-wax\/","title":{"rendered":"Xanitalia Multi-Directional Wax"},"content":{"rendered":"<p>Uuden sukupolven kova vaha koko vartalon depilaatioon. Vahan elastinen rakenne ja matala l\u00e4mp\u00f6tila mahdollistavat puhtaan karvanpoiston 1 mm:st\u00e4. Vaha ei tarvitse vahapaperia.<\/p>\n<p>&nbsp;<\/p>\n<p><strong>K\u00e4ytt\u00f6:<\/strong><br \/>\n&#8211; Kuumenna vaha sopivassa laitteessa haluttuun l\u00e4mp\u00f6tilaan<br \/>\n&#8211; Testaa vahan l\u00e4mp\u00f6tila levitt\u00e4m\u00e4ll\u00e4 pieni m\u00e4\u00e4r\u00e4 vahaa ranteen sis\u00e4puolelle<br \/>\n&#8211; Kun l\u00e4mp\u00f6tila on sopiva, levit\u00e4 vahaa halutulle alueelle hiusten kasvusuunnassa<br \/>\n&#8211; Odota hetki, ett\u00e4 vahanauha kovettuu, ved\u00e4 iho kire\u00e4ksi ja poista sitten vahanauha nopealla liikkeell\u00e4 hiusten vastakkaiseen suuntaan.<\/p>\n","protected":false},"excerpt":{"rendered":"<p>Vie depilaatio uudelle tasolle!<\/p>\n<p>&nbsp;<\/p>\n<p>Mestareiden ja asiakkaiden TOP1 suosikki.<\/p>\n<p>&nbsp;<\/p>\n<p>Uudet kovavaharakeita, jotka voidaan levitt\u00e4\u00e4 ja poistaa mihin tahansa suuntaan. Erityinen rakennevaha mahdollistaa t\u00e4ydellisen karvanpoiston. Hell\u00e4varainen koostumus, ihana tuoksu ja sopii kaikkien kehon osien vahaukseen. Kosmetologien ja heid\u00e4n asiakkaidensa suuri suosikki!<\/p>\n","protected":false},"featured_media":22679,"comment_status":"open","ping_status":"closed","template":"","meta":{"_monsterinsights_skip_tracking":false,"_monsterinsights_sitenote_active":false,"_monsterinsights_sitenote_note":"","_monsterinsights_sitenote_category":0},"product_cat":[507,542,476,540,555],"product_tag":[],"class_list":{"0":"post-23423","1":"product","2":"type-product","3":"status-publish","4":"has-post-thumbnail","6":"product_cat-karvanpoisto","7":"product_cat-karvanpoisto-tarvikkeet-fi","8":"product_cat-kulmakarvat","9":"product_cat-tarvikkeet","10":"product_cat-vahat","11":"pa_brand-xanitalia-fi","12":"pa_suurus-passion-fruit-500-g-fi","14":"first","15":"outofstock","16":"taxable","17":"shipping-taxable","18":"purchasable","19":"product-type-simple"},"_links":{"self":[{"href":"https:\/\/prelive2.pomello.ee\/fi\/wp-json\/wp\/v2\/product\/23423","targetHints":{"allow":["GET"]}}],"collection":[{"href":"https:\/\/prelive2.pomello.ee\/fi\/wp-json\/wp\/v2\/product"}],"about":[{"href":"https:\/\/prelive2.pomello.ee\/fi\/wp-json\/wp\/v2\/types\/product"}],"replies":[{"embeddable":true,"href":"https:\/\/prelive2.pomello.ee\/fi\/wp-json\/wp\/v2\/comments?post=23423"}],"version-history":[{"count":0,"href":"https:\/\/prelive2.pomello.ee\/fi\/wp-json\/wp\/v2\/product\/23423\/revisions"}],"wp:featuredmedia":[{"embeddable":true,"href":"https:\/\/prelive2.pomello.ee\/fi\/wp-json\/wp\/v2\/media\/22679"}],"wp:attachment":[{"href":"https:\/\/prelive2.pomello.ee\/fi\/wp-json\/wp\/v2\/media?parent=23423"}],"wp:term":[{"taxonomy":"product_cat","embeddable":true,"href":"https:\/\/prelive2.pomello.ee\/fi\/wp-json\/wp\/v2\/product_cat?post=23423"},{"taxonomy":"product_tag","embeddable":true,"href":"https:\/\/prelive2.pomello.ee\/fi\/wp-json\/wp\/v2\/product_tag?post=23423"}],"curies":[{"name":"wp","href":"https:\/\/api.w.org\/{rel}","templated":true}]}}