{"id":23420,"date":"2022-10-16T21:36:21","date_gmt":"2022-10-16T18:36:21","guid":{"rendered":"https:\/\/prelive2.pomello.ee\/toode\/rica-black-brasiilia-hard-wax\/"},"modified":"2022-10-16T21:36:21","modified_gmt":"2022-10-16T18:36:21","slug":"rica-black-brasiilia-hard-wax","status":"publish","type":"product","link":"https:\/\/prelive2.pomello.ee\/fi\/toode\/rica-black-brasiilia-hard-wax\/","title":{"rendered":"RICA Black Brasiilia Hard wax"},"content":{"rendered":"<p>Sulautuu alemmissa l\u00e4mp\u00f6tiloissa ja levitet\u00e4\u00e4n ohuempina kerroksina kuin perinteinen kova vaha. Sopii my\u00f6s miehille.<\/p>\n<p>&nbsp;<\/p>\n<p><strong>K\u00e4ytt\u00f6:<\/strong><br \/>\n&#8211; Kuumenna vaha sopivassa laitteessa haluttuun l\u00e4mp\u00f6tilaan<br \/>\n&#8211; Testaa vahan l\u00e4mp\u00f6tila levitt\u00e4m\u00e4ll\u00e4 pieni m\u00e4\u00e4r\u00e4 vahaa ranteen sis\u00e4puolelle<br \/>\n&#8211; Kun l\u00e4mp\u00f6tila on sopiva, levit\u00e4 vahaa halutulle alueelle hiusten kasvusuunnassa<br \/>\n&#8211; Odota hetki, ett\u00e4 vahanauha kovettuu, ved\u00e4 iho kire\u00e4ksi ja poista sitten vahanauha nopealla liikkeell\u00e4 hiusten vastakkaiseen suuntaan.<\/p>\n","protected":false},"excerpt":{"rendered":"<p>Rica Black Brazilian hard wax on luonnollinen kova vaha, joka ei vaadi vahapaperia, sit\u00e4 suositellaan k\u00e4ytett\u00e4v\u00e4ksi herk\u00e4lle iholle, kuten kasvoille, kainaloihin ja bikinialueelle. Vaha sis\u00e4lt\u00e4\u00e4 kasvihiilt\u00e4, \u200b\u200bjoka on eritt\u00e4in hell\u00e4varainen iholle.<\/p>\n<p>&nbsp;<\/p>\n<p>Upea vaha, joka sis\u00e4lt\u00e4\u00e4 kasvihiilt\u00e4. Puuhiili v\u00e4hent\u00e4\u00e4 \u00e4rsytyst\u00e4 ja punoitusta ja on eritt\u00e4in pehme\u00e4\u00e4, mestareiden suosikki.<\/p>\n","protected":false},"featured_media":22182,"comment_status":"open","ping_status":"closed","template":"","meta":{"_monsterinsights_skip_tracking":false,"_monsterinsights_sitenote_active":false,"_monsterinsights_sitenote_note":"","_monsterinsights_sitenote_category":0},"product_cat":[507,542,476,512,540,555],"product_tag":[],"class_list":{"0":"post-23420","1":"product","2":"type-product","3":"status-publish","4":"has-post-thumbnail","6":"product_cat-karvanpoisto","7":"product_cat-karvanpoisto-tarvikkeet-fi","8":"product_cat-kulmakarvat","9":"product_cat-parhaat-tarjoukset","10":"product_cat-tarvikkeet","11":"product_cat-vahat","12":"pa_brand-rica-fi","13":"pa_suurus-400-ml-fi","15":"first","16":"instock","17":"sale","18":"taxable","19":"shipping-taxable","20":"purchasable","21":"product-type-simple"},"_links":{"self":[{"href":"https:\/\/prelive2.pomello.ee\/fi\/wp-json\/wp\/v2\/product\/23420","targetHints":{"allow":["GET"]}}],"collection":[{"href":"https:\/\/prelive2.pomello.ee\/fi\/wp-json\/wp\/v2\/product"}],"about":[{"href":"https:\/\/prelive2.pomello.ee\/fi\/wp-json\/wp\/v2\/types\/product"}],"replies":[{"embeddable":true,"href":"https:\/\/prelive2.pomello.ee\/fi\/wp-json\/wp\/v2\/comments?post=23420"}],"version-history":[{"count":0,"href":"https:\/\/prelive2.pomello.ee\/fi\/wp-json\/wp\/v2\/product\/23420\/revisions"}],"wp:featuredmedia":[{"embeddable":true,"href":"https:\/\/prelive2.pomello.ee\/fi\/wp-json\/wp\/v2\/media\/22182"}],"wp:attachment":[{"href":"https:\/\/prelive2.pomello.ee\/fi\/wp-json\/wp\/v2\/media?parent=23420"}],"wp:term":[{"taxonomy":"product_cat","embeddable":true,"href":"https:\/\/prelive2.pomello.ee\/fi\/wp-json\/wp\/v2\/product_cat?post=23420"},{"taxonomy":"product_tag","embeddable":true,"href":"https:\/\/prelive2.pomello.ee\/fi\/wp-json\/wp\/v2\/product_tag?post=23420"}],"curies":[{"name":"wp","href":"https:\/\/api.w.org\/{rel}","templated":true}]}}