{"id":23417,"date":"2022-10-16T21:36:20","date_gmt":"2022-10-16T18:36:20","guid":{"rendered":"https:\/\/prelive2.pomello.ee\/toode\/rica-cotton-geeli-ennen-karvanpoistoa\/"},"modified":"2022-10-16T21:36:20","modified_gmt":"2022-10-16T18:36:20","slug":"rica-cotton-geeli-ennen-karvanpoistoa","status":"publish","type":"product","link":"https:\/\/prelive2.pomello.ee\/fi\/toode\/rica-cotton-geeli-ennen-karvanpoistoa\/","title":{"rendered":"RICA Cotton geeli ennen karvanpoistoa"},"content":{"rendered":"<p>Rica Cotton geeli ennen karvanpoistoa mukana oleva puuvillauute on luonnollinen pehmitt\u00e4v\u00e4 ainesosa, jota k\u00e4ytet\u00e4\u00e4n kosteuttamaan ja pehment\u00e4m\u00e4\u00e4n ihoa<\/p>\n","protected":false},"excerpt":{"rendered":"<p>Rica Cotton on karvanpoistoa edelt\u00e4v\u00e4 geeli, joka valmistelee ihon ennen kovavahaa ja v\u00e4hent\u00e4\u00e4 \u00e4rsytyst\u00e4. Geeli est\u00e4\u00e4 vahan kiinnittymisen ihoon tehden vahauksesta k\u00e4yt\u00e4nn\u00f6ss\u00e4 kivuttoman, puhtaan ja tehokkaan.<\/p>\n<p>&nbsp;<\/p>\n<p>Geeli on paras valinta ennen karvanpoistoa, sopii k\u00e4ytett\u00e4v\u00e4ksi kaikilla alueilla.<\/p>\n","protected":false},"featured_media":22678,"comment_status":"open","ping_status":"closed","template":"","meta":{"_monsterinsights_skip_tracking":false,"_monsterinsights_sitenote_active":false,"_monsterinsights_sitenote_note":"","_monsterinsights_sitenote_category":0},"product_cat":[480,507,542,476,540],"product_tag":[],"class_list":{"0":"post-23417","1":"product","2":"type-product","3":"status-publish","4":"has-post-thumbnail","6":"product_cat-esihoito","7":"product_cat-karvanpoisto","8":"product_cat-karvanpoisto-tarvikkeet-fi","9":"product_cat-kulmakarvat","10":"product_cat-tarvikkeet","11":"pa_brand-rica-fi","12":"pa_suurus-250-ml-fi","14":"first","15":"outofstock","16":"taxable","17":"shipping-taxable","18":"purchasable","19":"product-type-simple"},"_links":{"self":[{"href":"https:\/\/prelive2.pomello.ee\/fi\/wp-json\/wp\/v2\/product\/23417","targetHints":{"allow":["GET"]}}],"collection":[{"href":"https:\/\/prelive2.pomello.ee\/fi\/wp-json\/wp\/v2\/product"}],"about":[{"href":"https:\/\/prelive2.pomello.ee\/fi\/wp-json\/wp\/v2\/types\/product"}],"replies":[{"embeddable":true,"href":"https:\/\/prelive2.pomello.ee\/fi\/wp-json\/wp\/v2\/comments?post=23417"}],"version-history":[{"count":0,"href":"https:\/\/prelive2.pomello.ee\/fi\/wp-json\/wp\/v2\/product\/23417\/revisions"}],"wp:featuredmedia":[{"embeddable":true,"href":"https:\/\/prelive2.pomello.ee\/fi\/wp-json\/wp\/v2\/media\/22678"}],"wp:attachment":[{"href":"https:\/\/prelive2.pomello.ee\/fi\/wp-json\/wp\/v2\/media?parent=23417"}],"wp:term":[{"taxonomy":"product_cat","embeddable":true,"href":"https:\/\/prelive2.pomello.ee\/fi\/wp-json\/wp\/v2\/product_cat?post=23417"},{"taxonomy":"product_tag","embeddable":true,"href":"https:\/\/prelive2.pomello.ee\/fi\/wp-json\/wp\/v2\/product_tag?post=23417"}],"curies":[{"name":"wp","href":"https:\/\/api.w.org\/{rel}","templated":true}]}}