{"id":23415,"date":"2022-10-16T21:36:20","date_gmt":"2022-10-16T18:36:20","guid":{"rendered":"https:\/\/prelive2.pomello.ee\/toode\/rica-avocado-karvanpoiston-jalkeen\/"},"modified":"2022-10-16T21:36:20","modified_gmt":"2022-10-16T18:36:20","slug":"rica-avocado-karvanpoiston-jalkeen","status":"publish","type":"product","link":"https:\/\/prelive2.pomello.ee\/fi\/toode\/rica-avocado-karvanpoiston-jalkeen\/","title":{"rendered":"Rica Avocado karvanpoiston j\u00e4lkeen"},"content":{"rendered":"<p>Rica Avocado karvanpoiston j\u00e4lkeinen \u00f6ljy ravintoaineineen makean manteli- ja aloe verauutteilla rauhoittaa ihoa karvanpoiston j\u00e4lkeen. Sopii my\u00f6s herk\u00e4lle iholle, A-, D- ja E-vitamiinit hoitavat ihoa. Aloe vera -uute v\u00e4hent\u00e4\u00e4 ihon punoitusta. Levit\u00e4 tuotetta vanulappuun ja puhdista vahattu alue, sopii k\u00e4ytett\u00e4v\u00e4ksi kaikentyyppisten vahojen kanssa.<\/p>\n","protected":false},"excerpt":{"rendered":"<p>Rica Avocado depilation j\u00e4lkeisell\u00e4 \u00f6ljyll\u00e4 on anti-inflammatorisia ominaisuuksia, se on kevyt iholle ja poistaa kaikki vahaj\u00e4\u00e4m\u00e4t. \u00d6ljy kosteuttaa, ravitsee ja kiinteytt\u00e4\u00e4 ihoa, lis\u00e4ksi se v\u00e4hent\u00e4\u00e4 ihon punoitusta vahauksen j\u00e4lkeen.<\/p>\n<p>&nbsp;<\/p>\n<p>Loistava vahauksen j\u00e4lkeinen tuote, joka rauhoittaa ihoa ja v\u00e4hent\u00e4\u00e4 punoitusta.<\/p>\n","protected":false},"featured_media":22677,"comment_status":"open","ping_status":"closed","template":"","meta":{"_monsterinsights_skip_tracking":false,"_monsterinsights_sitenote_active":false,"_monsterinsights_sitenote_note":"","_monsterinsights_sitenote_category":0},"product_cat":[552,507,542,476,540],"product_tag":[],"class_list":{"0":"post-23415","1":"product","2":"type-product","3":"status-publish","4":"has-post-thumbnail","6":"product_cat-jalkihuolto","7":"product_cat-karvanpoisto","8":"product_cat-karvanpoisto-tarvikkeet-fi","9":"product_cat-kulmakarvat","10":"product_cat-tarvikkeet","11":"pa_brand-rica-fi","12":"pa_suurus-250-ml-fi","14":"first","15":"outofstock","16":"taxable","17":"shipping-taxable","18":"purchasable","19":"product-type-simple"},"_links":{"self":[{"href":"https:\/\/prelive2.pomello.ee\/fi\/wp-json\/wp\/v2\/product\/23415","targetHints":{"allow":["GET"]}}],"collection":[{"href":"https:\/\/prelive2.pomello.ee\/fi\/wp-json\/wp\/v2\/product"}],"about":[{"href":"https:\/\/prelive2.pomello.ee\/fi\/wp-json\/wp\/v2\/types\/product"}],"replies":[{"embeddable":true,"href":"https:\/\/prelive2.pomello.ee\/fi\/wp-json\/wp\/v2\/comments?post=23415"}],"version-history":[{"count":0,"href":"https:\/\/prelive2.pomello.ee\/fi\/wp-json\/wp\/v2\/product\/23415\/revisions"}],"wp:featuredmedia":[{"embeddable":true,"href":"https:\/\/prelive2.pomello.ee\/fi\/wp-json\/wp\/v2\/media\/22677"}],"wp:attachment":[{"href":"https:\/\/prelive2.pomello.ee\/fi\/wp-json\/wp\/v2\/media?parent=23415"}],"wp:term":[{"taxonomy":"product_cat","embeddable":true,"href":"https:\/\/prelive2.pomello.ee\/fi\/wp-json\/wp\/v2\/product_cat?post=23415"},{"taxonomy":"product_tag","embeddable":true,"href":"https:\/\/prelive2.pomello.ee\/fi\/wp-json\/wp\/v2\/product_tag?post=23415"}],"curies":[{"name":"wp","href":"https:\/\/api.w.org\/{rel}","templated":true}]}}