{"id":23413,"date":"2022-10-16T21:36:20","date_gmt":"2022-10-16T18:36:20","guid":{"rendered":"https:\/\/prelive2.pomello.ee\/toode\/lash-lift-silikoni-kompensaattorit\/"},"modified":"2022-10-16T21:36:20","modified_gmt":"2022-10-16T18:36:20","slug":"lash-lift-silikoni-kompensaattorit","status":"publish","type":"product","link":"https:\/\/prelive2.pomello.ee\/fi\/toode\/lash-lift-silikoni-kompensaattorit\/","title":{"rendered":"Lash Lift Silikoni kompensaattorit"},"content":{"rendered":"<p><strong>Tuote on uudelleenk\u00e4ytett\u00e4v\u00e4.<\/strong><\/p>\n<p>&nbsp;<\/p>\n<p><strong>Puhdistus:<\/strong><br \/>\n1. Puhdista v\u00e4litt\u00f6m\u00e4sti jokaisen k\u00e4yt\u00f6n j\u00e4lkeen l\u00e4mpim\u00e4ll\u00e4 vedell\u00e4 ja antibakteerisella saippualla.<br \/>\n2. Desinfioi 70-prosenttisella alkoholipohjaisella tuotteella.<br \/>\n3. Huuhtele sitten vedell\u00e4 ja kuivaa.<br \/>\n4. Aseta tuote steriiliin, suljettuun astiaan.<\/p>\n","protected":false},"excerpt":{"rendered":"<p>Silikonikompensaattorit &#8211; Lash lift -toimenpiteen aikana jotkut ripset voivat irrota silikonimoutit, ja jos niit\u00e4 ei kiinnitet\u00e4, t\u00e4m\u00e4 vaikuttaa t\u00e4ydelliseen kiharatulokseen. Jotta lopputulos olisi aina t\u00e4ydellinen, on irtonaiset karvat kiinnitett\u00e4v\u00e4 silikoniliuskoilla &#8211; tarvittaessa my\u00f6s vaiheessa 1.<\/p>\n","protected":false},"featured_media":22428,"comment_status":"open","ping_status":"closed","template":"","meta":{"_monsterinsights_skip_tracking":false,"_monsterinsights_sitenote_active":false,"_monsterinsights_sitenote_note":"","_monsterinsights_sitenote_category":0},"product_cat":[516,521,512,475],"product_tag":[],"class_list":{"0":"post-23413","1":"product","2":"type-product","3":"status-publish","4":"has-post-thumbnail","6":"product_cat-lash-lift-fi","7":"product_cat-silikonityynyt","8":"product_cat-parhaat-tarjoukset","9":"product_cat-ripset","10":"pa_brand-pomello-fi","11":"pa_suurus-one-size-fi","12":"pa_varv-neoonkollane-fi","13":"pa_varv-neoonroosa-fi","14":"pa_varv-valge-sadelusega-fi","16":"first","17":"instock","18":"sale","19":"taxable","20":"shipping-taxable","21":"purchasable","22":"product-type-variable"},"_links":{"self":[{"href":"https:\/\/prelive2.pomello.ee\/fi\/wp-json\/wp\/v2\/product\/23413","targetHints":{"allow":["GET"]}}],"collection":[{"href":"https:\/\/prelive2.pomello.ee\/fi\/wp-json\/wp\/v2\/product"}],"about":[{"href":"https:\/\/prelive2.pomello.ee\/fi\/wp-json\/wp\/v2\/types\/product"}],"replies":[{"embeddable":true,"href":"https:\/\/prelive2.pomello.ee\/fi\/wp-json\/wp\/v2\/comments?post=23413"}],"version-history":[{"count":0,"href":"https:\/\/prelive2.pomello.ee\/fi\/wp-json\/wp\/v2\/product\/23413\/revisions"}],"wp:featuredmedia":[{"embeddable":true,"href":"https:\/\/prelive2.pomello.ee\/fi\/wp-json\/wp\/v2\/media\/22428"}],"wp:attachment":[{"href":"https:\/\/prelive2.pomello.ee\/fi\/wp-json\/wp\/v2\/media?parent=23413"}],"wp:term":[{"taxonomy":"product_cat","embeddable":true,"href":"https:\/\/prelive2.pomello.ee\/fi\/wp-json\/wp\/v2\/product_cat?post=23413"},{"taxonomy":"product_tag","embeddable":true,"href":"https:\/\/prelive2.pomello.ee\/fi\/wp-json\/wp\/v2\/product_tag?post=23413"}],"curies":[{"name":"wp","href":"https:\/\/api.w.org\/{rel}","templated":true}]}}