{"id":23407,"date":"2022-10-16T21:36:20","date_gmt":"2022-10-16T18:36:20","guid":{"rendered":"https:\/\/prelive2.pomello.ee\/toode\/y-kampa\/"},"modified":"2022-10-16T21:36:20","modified_gmt":"2022-10-16T18:36:20","slug":"y-kampa","status":"publish","type":"product","link":"https:\/\/prelive2.pomello.ee\/fi\/toode\/y-kampa\/","title":{"rendered":"Y-kampa"},"content":{"rendered":"<p>Tuote on uudelleenk\u00e4ytett\u00e4v\u00e4.<\/p>\n<p>Puhdistus:<br \/>\n1. Puhdista v\u00e4litt\u00f6m\u00e4sti jokaisen k\u00e4yt\u00f6n j\u00e4lkeen l\u00e4mpim\u00e4ll\u00e4 vedell\u00e4 ja antibakteerisella saippualla.<br \/>\n2. Desinfioi 70-prosenttisella alkoholipohjaisella tuotteella.<br \/>\n3. Huuhtele sitten vedell\u00e4 ja kuivaa.<br \/>\n4. Aseta tuote steriiliin, suljettuun astiaan.<\/p>\n","protected":false},"excerpt":{"rendered":"<p>Pieni Y-kampa, jolla kiinnitet\u00e4\u00e4n ja erotetaan ripset silikonityynyyn ripsien kohotuksessa.<\/p>\n<p>&nbsp;<\/p>\n<p>Lyhyemmill\u00e4 hampailla.<\/p>\n","protected":false},"featured_media":22458,"comment_status":"closed","ping_status":"closed","template":"","meta":{"_monsterinsights_skip_tracking":false,"_monsterinsights_sitenote_active":false,"_monsterinsights_sitenote_note":"","_monsterinsights_sitenote_category":0},"product_cat":[516,541,475,546,544,540],"product_tag":[],"class_list":{"0":"post-23407","1":"product","2":"type-product","3":"status-publish","4":"has-post-thumbnail","6":"product_cat-lash-lift-fi","7":"product_cat-muut-tyokalut-fi","8":"product_cat-ripset","9":"product_cat-ripsien-tarvikkeet","10":"product_cat-tarvikkeet-fi","11":"product_cat-tarvikkeet","12":"pa_brand-pomello-fi","13":"pa_varv-labipaistev-fi","15":"first","16":"instock","17":"sale","18":"taxable","19":"shipping-taxable","20":"purchasable","21":"product-type-simple"},"_links":{"self":[{"href":"https:\/\/prelive2.pomello.ee\/fi\/wp-json\/wp\/v2\/product\/23407","targetHints":{"allow":["GET"]}}],"collection":[{"href":"https:\/\/prelive2.pomello.ee\/fi\/wp-json\/wp\/v2\/product"}],"about":[{"href":"https:\/\/prelive2.pomello.ee\/fi\/wp-json\/wp\/v2\/types\/product"}],"replies":[{"embeddable":true,"href":"https:\/\/prelive2.pomello.ee\/fi\/wp-json\/wp\/v2\/comments?post=23407"}],"version-history":[{"count":0,"href":"https:\/\/prelive2.pomello.ee\/fi\/wp-json\/wp\/v2\/product\/23407\/revisions"}],"wp:featuredmedia":[{"embeddable":true,"href":"https:\/\/prelive2.pomello.ee\/fi\/wp-json\/wp\/v2\/media\/22458"}],"wp:attachment":[{"href":"https:\/\/prelive2.pomello.ee\/fi\/wp-json\/wp\/v2\/media?parent=23407"}],"wp:term":[{"taxonomy":"product_cat","embeddable":true,"href":"https:\/\/prelive2.pomello.ee\/fi\/wp-json\/wp\/v2\/product_cat?post=23407"},{"taxonomy":"product_tag","embeddable":true,"href":"https:\/\/prelive2.pomello.ee\/fi\/wp-json\/wp\/v2\/product_tag?post=23407"}],"curies":[{"name":"wp","href":"https:\/\/api.w.org\/{rel}","templated":true}]}}