{"id":23405,"date":"2022-10-16T21:36:20","date_gmt":"2022-10-16T18:36:20","guid":{"rendered":"https:\/\/prelive2.pomello.ee\/toode\/wow-silikonimuotit\/"},"modified":"2022-10-16T21:36:20","modified_gmt":"2022-10-16T18:36:20","slug":"wow-silikonimuotit","status":"publish","type":"product","link":"https:\/\/prelive2.pomello.ee\/fi\/toode\/wow-silikonimuotit\/","title":{"rendered":"WOW Silikonimuotit"},"content":{"rendered":"<p>Pari Silikonimuotit 4 eri v\u00e4riss\u00e4 koossa S, M, L, XL<\/p>\n<p>&nbsp;<\/p>\n<p>Tuote on uudelleenk\u00e4ytett\u00e4v\u00e4.<\/p>\n<p>&nbsp;<\/p>\n<p>L\u00f6yd\u00e4t esittelyvideon Silikonimuotit <a href=\"https:\/\/www.instagram.com\/reel\/ClMFWEcvQS8\/?igshid=YmMyMTA2M2Y%3D\" target=\"_blank\" rel=\"noopener\"><strong>t\u00e4\u00e4lt\u00e4<\/strong><\/a><\/p>\n<p>&nbsp;<\/p>\n<p><strong>Puhdistus:<\/strong><\/p>\n<ol>\n<li>Puhdista v\u00e4litt\u00f6m\u00e4sti jokaisen k\u00e4yt\u00f6n j\u00e4lkeen l\u00e4mpim\u00e4ll\u00e4 vedell\u00e4 ja antibakteerisella saippualla.<\/li>\n<li>Desinfioi 70 % alkoholipohjaisella aineella.<\/li>\n<li>Huuhtele sitten vedell\u00e4 ja kuivaa.<\/li>\n<li>Aseta tuote steriiliin suljettuun astiaan.<\/li>\n<\/ol>\n<p>&nbsp;<\/p>\n<p>VAIN AMMATTIMAISEEN K\u00c4YTT\u00d6\u00d6N!<\/p>\n<p>&nbsp;<\/p>\n<p><iframe title=\"WOW Silikoonpadjad\" width=\"1170\" height=\"658\" src=\"https:\/\/www.youtube.com\/embed\/XhsH94VPQzA?feature=oembed\" frameborder=\"0\" allow=\"accelerometer; autoplay; clipboard-write; encrypted-media; gyroscope; picture-in-picture; web-share\" allowfullscreen><\/iframe><\/p>\n<p>&nbsp;<\/p>\n","protected":false},"excerpt":{"rendered":"<p>Teadropin klassiset silikonimuotit &#8211; 4 eri kokoa.<\/p>\n<p>&nbsp;<\/p>\n<p>Valmistettu korkealaatuisesta pehme\u00e4st\u00e4 ja joustavasta silikonista, eritt\u00e4in mukava asettaa silm\u00e4luomille.<\/p>\n<p>&nbsp;<\/p>\n<p>Pomello-silikonimuotit voit luoda eritt\u00e4in kauniin ja tehokkaan M+ mutkan.<\/p>\n<p>&nbsp;<\/p>\n<p>Silikonimuotit, jotka eiv\u00e4t vaadi liimaa kiinnittymiseen silm\u00e4luomeen. Ergonominen ja sopii kaikille silm\u00e4muodoille.<\/p>\n","protected":false},"featured_media":22426,"comment_status":"open","ping_status":"closed","template":"","meta":{"_monsterinsights_skip_tracking":false,"_monsterinsights_sitenote_active":false,"_monsterinsights_sitenote_note":"","_monsterinsights_sitenote_category":0},"product_cat":[516,521,512,475],"product_tag":[],"class_list":{"0":"post-23405","1":"product","2":"type-product","3":"status-publish","4":"has-post-thumbnail","6":"product_cat-lash-lift-fi","7":"product_cat-silikonityynyt","8":"product_cat-parhaat-tarjoukset","9":"product_cat-ripset","11":"first","12":"instock","13":"sale","14":"taxable","15":"shipping-taxable","16":"purchasable","17":"product-type-simple"},"_links":{"self":[{"href":"https:\/\/prelive2.pomello.ee\/fi\/wp-json\/wp\/v2\/product\/23405","targetHints":{"allow":["GET"]}}],"collection":[{"href":"https:\/\/prelive2.pomello.ee\/fi\/wp-json\/wp\/v2\/product"}],"about":[{"href":"https:\/\/prelive2.pomello.ee\/fi\/wp-json\/wp\/v2\/types\/product"}],"replies":[{"embeddable":true,"href":"https:\/\/prelive2.pomello.ee\/fi\/wp-json\/wp\/v2\/comments?post=23405"}],"version-history":[{"count":0,"href":"https:\/\/prelive2.pomello.ee\/fi\/wp-json\/wp\/v2\/product\/23405\/revisions"}],"wp:featuredmedia":[{"embeddable":true,"href":"https:\/\/prelive2.pomello.ee\/fi\/wp-json\/wp\/v2\/media\/22426"}],"wp:attachment":[{"href":"https:\/\/prelive2.pomello.ee\/fi\/wp-json\/wp\/v2\/media?parent=23405"}],"wp:term":[{"taxonomy":"product_cat","embeddable":true,"href":"https:\/\/prelive2.pomello.ee\/fi\/wp-json\/wp\/v2\/product_cat?post=23405"},{"taxonomy":"product_tag","embeddable":true,"href":"https:\/\/prelive2.pomello.ee\/fi\/wp-json\/wp\/v2\/product_tag?post=23405"}],"curies":[{"name":"wp","href":"https:\/\/api.w.org\/{rel}","templated":true}]}}