{"id":23403,"date":"2022-10-16T21:36:20","date_gmt":"2022-10-16T18:36:20","guid":{"rendered":"https:\/\/prelive2.pomello.ee\/toode\/apraise-vaseliini\/"},"modified":"2022-10-16T21:36:20","modified_gmt":"2022-10-16T18:36:20","slug":"apraise-vaseliini","status":"publish","type":"product","link":"https:\/\/prelive2.pomello.ee\/fi\/toode\/apraise-vaseliini\/","title":{"rendered":"Apraise Vaseliini"},"content":{"rendered":"<p>K\u00e4ytt\u00f6: Levit\u00e4 Apraise vaseliinia silmien ymp\u00e4rille ennen v\u00e4rin levitt\u00e4mist\u00e4 est\u00e4\u00e4ksesi v\u00e4rin levi\u00e4misen iholle.<\/p>\n<p>&nbsp;<\/p>\n<p>Ainesosat: Vaseliini<\/p>\n","protected":false},"excerpt":{"rendered":"<p>Apraise vaseliini on tehokas tapa suojata ihoa v\u00e4ritahroja vastaan.<\/p>\n","protected":false},"featured_media":22491,"comment_status":"open","ping_status":"closed","template":"","meta":{"_monsterinsights_skip_tracking":false,"_monsterinsights_sitenote_active":false,"_monsterinsights_sitenote_note":"","_monsterinsights_sitenote_category":0},"product_cat":[931,518,915,916,476,475,479,478],"product_tag":[],"class_list":{"0":"post-23403","1":"product","2":"type-product","3":"status-publish","4":"has-post-thumbnail","6":"product_cat-valmistus-ja-suojavoiteet","7":"product_cat-jalkihoito","8":"product_cat-esi-ja-jalkihoito","9":"product_cat-esihoito-fi","10":"product_cat-kulmakarvat","11":"product_cat-ripset","12":"product_cat-ripsien-ja-kulmakarvojen-varit-fi","13":"product_cat-ripsien-ja-kulmakarvojen-varit","14":"pa_brand-apraise-fi","15":"pa_suurus-50-ml-fi","17":"first","18":"instock","19":"taxable","20":"shipping-taxable","21":"purchasable","22":"product-type-simple"},"_links":{"self":[{"href":"https:\/\/prelive2.pomello.ee\/fi\/wp-json\/wp\/v2\/product\/23403","targetHints":{"allow":["GET"]}}],"collection":[{"href":"https:\/\/prelive2.pomello.ee\/fi\/wp-json\/wp\/v2\/product"}],"about":[{"href":"https:\/\/prelive2.pomello.ee\/fi\/wp-json\/wp\/v2\/types\/product"}],"replies":[{"embeddable":true,"href":"https:\/\/prelive2.pomello.ee\/fi\/wp-json\/wp\/v2\/comments?post=23403"}],"version-history":[{"count":0,"href":"https:\/\/prelive2.pomello.ee\/fi\/wp-json\/wp\/v2\/product\/23403\/revisions"}],"wp:featuredmedia":[{"embeddable":true,"href":"https:\/\/prelive2.pomello.ee\/fi\/wp-json\/wp\/v2\/media\/22491"}],"wp:attachment":[{"href":"https:\/\/prelive2.pomello.ee\/fi\/wp-json\/wp\/v2\/media?parent=23403"}],"wp:term":[{"taxonomy":"product_cat","embeddable":true,"href":"https:\/\/prelive2.pomello.ee\/fi\/wp-json\/wp\/v2\/product_cat?post=23403"},{"taxonomy":"product_tag","embeddable":true,"href":"https:\/\/prelive2.pomello.ee\/fi\/wp-json\/wp\/v2\/product_tag?post=23403"}],"curies":[{"name":"wp","href":"https:\/\/api.w.org\/{rel}","templated":true}]}}