{"id":23401,"date":"2022-10-16T21:36:20","date_gmt":"2022-10-16T18:36:20","guid":{"rendered":"https:\/\/prelive2.pomello.ee\/toode\/apraise-cream-developer-3\/"},"modified":"2022-10-16T21:36:20","modified_gmt":"2022-10-16T18:36:20","slug":"apraise-cream-developer-3","status":"publish","type":"product","link":"https:\/\/prelive2.pomello.ee\/fi\/toode\/apraise-cream-developer-3\/","title":{"rendered":"Apraise Cream Developer 3%"},"content":{"rendered":"<p>K\u00e4ytt\u00f6: K\u00e4yt\u00e4 vain Aprais ripsien ja kulmakarvojen v\u00e4rin kanssa. Katso v\u00e4rj\u00e4ysohjeet ripsien ja kulmakarvojen v\u00e4riaineen pakkauksesta. Lue huolellisesti ripsien ja kulmakarvojen v\u00e4riaineen pakkauksesta\/tietolehdest\u00e4 olevat varotoimet\/varoitukset.<\/p>\n<p>&nbsp;<\/p>\n<p>NB! Vain ammattik\u00e4ytt\u00f6\u00f6n. V\u00e4lt\u00e4 katsekontaktia. Huuhtele silm\u00e4t v\u00e4litt\u00f6m\u00e4sti runsaalla puhtaalla vedell\u00e4, jos tuotetta joutuu silmiin. Sis\u00e4lt\u00e4\u00e4 3 % vety\u00e4.<\/p>\n","protected":false},"excerpt":{"rendered":"<p>Apraise Cream Developer vahvistat ripsien ja kulmakarvojen v\u00e4ri\u00e4 ja varmistat samalla pitk\u00e4kestoisen v\u00e4rituloksen.<\/p>\n","protected":false},"featured_media":22537,"comment_status":"open","ping_status":"closed","template":"","meta":{"_monsterinsights_skip_tracking":false,"_monsterinsights_sitenote_active":false,"_monsterinsights_sitenote_note":"","_monsterinsights_sitenote_category":0},"product_cat":[901,476,475,478,479],"product_tag":[524,527,530],"class_list":{"0":"post-23401","1":"product","2":"type-product","3":"status-publish","4":"has-post-thumbnail","6":"product_cat-developers","7":"product_cat-kulmakarvat","8":"product_cat-ripset","9":"product_cat-ripsien-ja-kulmakarvojen-varit","10":"product_cat-ripsien-ja-kulmakarvojen-varit-fi","11":"product_tag-kulmakarvojen-laminointi","12":"product_tag-kulmien-vari","13":"product_tag-lash-lift-fi","14":"pa_brand-apraise-fi","15":"pa_suurus-100-ml-fi","17":"first","18":"instock","19":"taxable","20":"shipping-taxable","21":"purchasable","22":"product-type-simple"},"_links":{"self":[{"href":"https:\/\/prelive2.pomello.ee\/fi\/wp-json\/wp\/v2\/product\/23401","targetHints":{"allow":["GET"]}}],"collection":[{"href":"https:\/\/prelive2.pomello.ee\/fi\/wp-json\/wp\/v2\/product"}],"about":[{"href":"https:\/\/prelive2.pomello.ee\/fi\/wp-json\/wp\/v2\/types\/product"}],"replies":[{"embeddable":true,"href":"https:\/\/prelive2.pomello.ee\/fi\/wp-json\/wp\/v2\/comments?post=23401"}],"version-history":[{"count":0,"href":"https:\/\/prelive2.pomello.ee\/fi\/wp-json\/wp\/v2\/product\/23401\/revisions"}],"wp:featuredmedia":[{"embeddable":true,"href":"https:\/\/prelive2.pomello.ee\/fi\/wp-json\/wp\/v2\/media\/22537"}],"wp:attachment":[{"href":"https:\/\/prelive2.pomello.ee\/fi\/wp-json\/wp\/v2\/media?parent=23401"}],"wp:term":[{"taxonomy":"product_cat","embeddable":true,"href":"https:\/\/prelive2.pomello.ee\/fi\/wp-json\/wp\/v2\/product_cat?post=23401"},{"taxonomy":"product_tag","embeddable":true,"href":"https:\/\/prelive2.pomello.ee\/fi\/wp-json\/wp\/v2\/product_tag?post=23401"}],"curies":[{"name":"wp","href":"https:\/\/api.w.org\/{rel}","templated":true}]}}