{"id":23394,"date":"2022-10-16T21:36:20","date_gmt":"2022-10-16T18:36:20","guid":{"rendered":"https:\/\/prelive2.pomello.ee\/toode\/apraise-ripsi-ja-kulmavari-nro-2-sinimusta\/"},"modified":"2022-10-16T21:36:20","modified_gmt":"2022-10-16T18:36:20","slug":"apraise-ripsi-ja-kulmavari-nro-2-sinimusta","status":"publish","type":"product","link":"https:\/\/prelive2.pomello.ee\/fi\/toode\/apraise-ripsi-ja-kulmavari-nro-2-sinimusta\/","title":{"rendered":"Apraise ripsi- ja kulmav\u00e4ri, nro 2 sinimusta"},"content":{"rendered":"<p>Apraise ripsien ja kulmakarvojen v\u00e4ri on kermainen v\u00e4ri tehostekompleksilla ja mehil\u00e4isvahalla, joka tunkeutuu syv\u00e4lle hiuksiin saavuttaen loistavan v\u00e4rin. Aktiivisten ainesosien sekoitus varmistaa pitk\u00e4kestoisen ja intensiivisen v\u00e4ris\u00e4vyn, s\u00e4teilev\u00e4n kiillon ja lis\u00e4ksi parantaa n\u00e4kyv\u00e4sti ripsien ja kulmakarvojen tilaa. Tuote on vedenpit\u00e4v\u00e4 ja kulutusta kest\u00e4v\u00e4n koostumuksen ansiosta kest\u00e4\u00e4 intensiivisesti jopa 8 viikkoa.<\/p>\n<p>&nbsp;<\/p>\n<p><strong>K\u00e4ytt\u00f6<\/strong><\/p>\n<p>&nbsp;<\/p>\n<p>V\u00e4litt\u00f6m\u00e4sti ennen maalin levitt\u00e4mist\u00e4 sekoita 2 cm maalia ja 10 tippaa Aprais cream vety 3% tai v\u00e4rinkiinnitysainetta tasaiseksi kermaiseksi massaksi.<\/p>\n<p>&nbsp;<\/p>\n<p>Ennen toimenpidett\u00e4 puhdista kulmakarvat ja ripset meikist\u00e4 \u00f6ljytt\u00f6m\u00e4ll\u00e4 meikinpoistoaineella.<\/p>\n<p>&nbsp;<\/p>\n<p>Levit\u00e4 v\u00e4ri\u00e4 kulmakarvoihin, jos ripsien kemiallinen v\u00e4rj\u00e4ys on k\u00e4yt\u00f6ss\u00e4, k\u00e4yt\u00e4 suojapaperia ja vaseliinia silmien alle. Maalin vaikutusaika on 5-10 min.<\/p>\n<p>&nbsp;<\/p>\n<p>Poista kemiallinen maali altistusajan j\u00e4lkeen m\u00e4r\u00e4ll\u00e4 vanulappulla. Ripsi\u00e4 varten poista suojapaperit silm\u00e4n alta ja huuhtele loput v\u00e4rist\u00e4 vedell\u00e4.<\/p>\n<p>&nbsp;<\/p>\n<p>NB! Silm\u00e4t on pidett\u00e4v\u00e4 kiinni, kunnes kaikki maali on pesty perusteellisesti pois!<\/p>\n<p>&nbsp;<\/p>\n","protected":false},"excerpt":{"rendered":"<p>Erinomainen sinimusta, antaa monis\u00e4vyisi\u00e4 v\u00e4rituloksia, ravitsee ja lis\u00e4\u00e4 kiiltoa.<\/p>\n<p>&nbsp;<\/p>\n<p>Apraise ripsien ja kulmakarvojen v\u00e4ri on kermainen v\u00e4ri tehostekompleksilla ja mehil\u00e4isvahalla, joka tunkeutuu syv\u00e4lle hiuksiin saavuttaen loistavan v\u00e4rin. Aktiivisten ainesosien sekoitus varmistaa pitk\u00e4kestoisen ja intensiivisen v\u00e4ris\u00e4vyn, s\u00e4teilev\u00e4n kiillon ja lis\u00e4ksi parantaa n\u00e4kyv\u00e4sti ripsien ja kulmakarvojen tilaa. Tuote on vedenpit\u00e4v\u00e4 ja kulutusta kest\u00e4v\u00e4n koostumuksen ansiosta kest\u00e4\u00e4 intensiivisesti jopa 8 viikkoa.<\/p>\n","protected":false},"featured_media":22184,"comment_status":"open","ping_status":"closed","template":"","meta":{"_monsterinsights_skip_tracking":false,"_monsterinsights_sitenote_active":false,"_monsterinsights_sitenote_note":"","_monsterinsights_sitenote_category":0},"product_cat":[909,476,475,478,479],"product_tag":[],"class_list":{"0":"post-23394","1":"product","2":"type-product","3":"status-publish","4":"has-post-thumbnail","6":"product_cat-kestovari","7":"product_cat-kulmakarvat","8":"product_cat-ripset","9":"product_cat-ripsien-ja-kulmakarvojen-varit","10":"product_cat-ripsien-ja-kulmakarvojen-varit-fi","11":"pa_brand-apraise-fi","12":"pa_suurus-20-ml-fi","13":"pa_varv-sini-must-fi","15":"first","16":"outofstock","17":"taxable","18":"shipping-taxable","19":"purchasable","20":"product-type-simple"},"_links":{"self":[{"href":"https:\/\/prelive2.pomello.ee\/fi\/wp-json\/wp\/v2\/product\/23394","targetHints":{"allow":["GET"]}}],"collection":[{"href":"https:\/\/prelive2.pomello.ee\/fi\/wp-json\/wp\/v2\/product"}],"about":[{"href":"https:\/\/prelive2.pomello.ee\/fi\/wp-json\/wp\/v2\/types\/product"}],"replies":[{"embeddable":true,"href":"https:\/\/prelive2.pomello.ee\/fi\/wp-json\/wp\/v2\/comments?post=23394"}],"version-history":[{"count":0,"href":"https:\/\/prelive2.pomello.ee\/fi\/wp-json\/wp\/v2\/product\/23394\/revisions"}],"wp:featuredmedia":[{"embeddable":true,"href":"https:\/\/prelive2.pomello.ee\/fi\/wp-json\/wp\/v2\/media\/22184"}],"wp:attachment":[{"href":"https:\/\/prelive2.pomello.ee\/fi\/wp-json\/wp\/v2\/media?parent=23394"}],"wp:term":[{"taxonomy":"product_cat","embeddable":true,"href":"https:\/\/prelive2.pomello.ee\/fi\/wp-json\/wp\/v2\/product_cat?post=23394"},{"taxonomy":"product_tag","embeddable":true,"href":"https:\/\/prelive2.pomello.ee\/fi\/wp-json\/wp\/v2\/product_tag?post=23394"}],"curies":[{"name":"wp","href":"https:\/\/api.w.org\/{rel}","templated":true}]}}