{"id":23388,"date":"2022-10-16T21:36:20","date_gmt":"2022-10-16T18:36:20","guid":{"rendered":"https:\/\/prelive2.pomello.ee\/toode\/inlei-puhdistusvaahtoa-avena-100ml\/"},"modified":"2022-10-16T21:36:20","modified_gmt":"2022-10-16T18:36:20","slug":"inlei-puhdistusvaahtoa-avena-100ml","status":"publish","type":"product","link":"https:\/\/prelive2.pomello.ee\/fi\/toode\/inlei-puhdistusvaahtoa-avena-100ml\/","title":{"rendered":"INLEI\u00ae Puhdistusvaahtoa Avena 100ml"},"content":{"rendered":"<p>Puhdistusvaahto, jolla on vahvistava ja ravitseva vaikutus.<\/p>\n<p>&nbsp;<\/p>\n<p>\u00d6ljyt\u00f6n &#8211; ihanteellinen k\u00e4ytett\u00e4v\u00e4ksi ripsienpidennysten kanssa.<\/p>\n<p>&nbsp;<\/p>\n<p>Innovatiivinen vaahtokoostumus, joka on kehitetty kaikille ihotyypeille, puhdistaa ja poistaa iholta ja hiuksista meikin ja lian perusteellisesti.<\/p>\n<p>Kauran aktiiviaine vahvistaa hiuskuituja tehden niist\u00e4 silkinpehmeit\u00e4 ja samalla kosteuttaa kasvojen ihoa. Kauran ainesosien herkk\u00e4 vuorovaikutus edist\u00e4\u00e4 ik\u00e4\u00e4ntymisen merkkien v\u00e4hent\u00e4mist\u00e4, epiteelikudoksen rakennetta sek\u00e4 kunkin ripsen ja kulmakarvan vahvistumista.<\/p>\n<p>&nbsp;<\/p>\n<p>Suositellaan k\u00e4ytett\u00e4v\u00e4ksi p\u00e4ivitt\u00e4in ja InLei\u00ae &#8221;Lash Filler&#8221; -toimenpiteen j\u00e4lkeen tukemaan luonnollisia terveit\u00e4 ripsi\u00e4 ja kulmakarvoja. Suojaa t\u00e4yteainetta ja maalia huuhtoutumiselta; ripsienpidennyksill\u00e4 erityinen \u00f6ljyt\u00f6n koostumus pident\u00e4\u00e4 liiman kestoa.<\/p>\n<p>&nbsp;<\/p>\n","protected":false},"excerpt":{"rendered":"<p>INLEI Avena kaurapuhdistusvaahto kulmakarvoille, ripsille ja kasvoille. Hell\u00e4varaisesti vaahtoava vaahto sopii erinomaisesti kaikille alueille. Poistaa tehokkaasti meikin, \u00f6ljyt, lian jne. ripsist\u00e4, kulmakarvoista ja ihosta. \u00d6ljyt\u00f6n koostumus tekee siit\u00e4 monipuolisen, soveltuu k\u00e4ytett\u00e4v\u00e4ksi my\u00f6s ripsienpidennysten kanssa.<\/p>\n","protected":false},"featured_media":22102,"comment_status":"open","ping_status":"closed","template":"","meta":{"_monsterinsights_skip_tracking":false,"_monsterinsights_sitenote_active":false,"_monsterinsights_sitenote_note":"","_monsterinsights_sitenote_category":0},"product_cat":[518,915,476,520,475],"product_tag":[],"class_list":{"0":"post-23388","1":"product","2":"type-product","3":"status-publish","4":"has-post-thumbnail","6":"product_cat-jalkihoito","7":"product_cat-esi-ja-jalkihoito","8":"product_cat-kulmakarvat","9":"product_cat-puhdistustuotteet","10":"product_cat-ripset","11":"pa_brand-inlei-fi","12":"pa_suurus-100-ml-fi","14":"first","15":"instock","16":"taxable","17":"shipping-taxable","18":"purchasable","19":"product-type-simple"},"_links":{"self":[{"href":"https:\/\/prelive2.pomello.ee\/fi\/wp-json\/wp\/v2\/product\/23388","targetHints":{"allow":["GET"]}}],"collection":[{"href":"https:\/\/prelive2.pomello.ee\/fi\/wp-json\/wp\/v2\/product"}],"about":[{"href":"https:\/\/prelive2.pomello.ee\/fi\/wp-json\/wp\/v2\/types\/product"}],"replies":[{"embeddable":true,"href":"https:\/\/prelive2.pomello.ee\/fi\/wp-json\/wp\/v2\/comments?post=23388"}],"version-history":[{"count":0,"href":"https:\/\/prelive2.pomello.ee\/fi\/wp-json\/wp\/v2\/product\/23388\/revisions"}],"wp:featuredmedia":[{"embeddable":true,"href":"https:\/\/prelive2.pomello.ee\/fi\/wp-json\/wp\/v2\/media\/22102"}],"wp:attachment":[{"href":"https:\/\/prelive2.pomello.ee\/fi\/wp-json\/wp\/v2\/media?parent=23388"}],"wp:term":[{"taxonomy":"product_cat","embeddable":true,"href":"https:\/\/prelive2.pomello.ee\/fi\/wp-json\/wp\/v2\/product_cat?post=23388"},{"taxonomy":"product_tag","embeddable":true,"href":"https:\/\/prelive2.pomello.ee\/fi\/wp-json\/wp\/v2\/product_tag?post=23388"}],"curies":[{"name":"wp","href":"https:\/\/api.w.org\/{rel}","templated":true}]}}