{"id":23386,"date":"2022-10-16T21:36:20","date_gmt":"2022-10-16T18:36:20","guid":{"rendered":"https:\/\/prelive2.pomello.ee\/toode\/inlei-helper\/"},"modified":"2024-03-19T23:59:56","modified_gmt":"2024-03-19T20:59:56","slug":"inlei-helper","status":"publish","type":"product","link":"https:\/\/prelive2.pomello.ee\/fi\/toode\/inlei-helper\/","title":{"rendered":"INLEI\u00ae Helper"},"content":{"rendered":"<p>InLei\u00ae Helper on mullistava kampa ripsien kampaamiseen silikoni moutit!<\/p>\n<p>Helper on k\u00e4yt\u00e4nn\u00f6llinen ja helppok\u00e4ytt\u00f6inen, sopii kaikentyyppisille ripsille luonnollisten ripsien asettamiseen ja kohdistamiseen silikonimoutit Lash Lifit -toimenpiteen aikana. Ainutlaatuinen ja eritt\u00e4in mukava S-muoto tekee siit\u00e4 helpon pit\u00e4\u00e4 ja k\u00e4ytt\u00e4\u00e4.<\/p>\n<p>Valmistettu Italiassa.<\/p>\n<p>Materiaali: Polykarbonaatti<\/p>\n<p>Tuote on uudelleenk\u00e4ytett\u00e4v\u00e4.<\/p>\n<p>Puhdistus:<br \/>\n1. Puhdista v\u00e4litt\u00f6m\u00e4sti jokaisen k\u00e4yt\u00f6n j\u00e4lkeen l\u00e4mpim\u00e4ll\u00e4 vedell\u00e4 ja antibakteerisella saippualla.<br \/>\n2. Desinfioi 70-prosenttisella alkoholipohjaisella tuotteella.<br \/>\n3. Huuhtele sitten vedell\u00e4 ja kuivaa.<br \/>\n4. Aseta tuote steriiliin, suljettuun astiaan.<\/p>\n","protected":false},"excerpt":{"rendered":"<p>Universaali ripsien kohotuskampa. &#8221;Helper&#8221; on k\u00e4yt\u00e4nn\u00f6llinen ja helppok\u00e4ytt\u00f6inen, sopii kaikentyyppisille ripsille liimaamiseen ja ripsien erottamiseen silikonimoutit ripsien kohotustoimenpiteen aikana. Ainutlaatuinen ja eritt\u00e4in mukava S-muoto tekee siit\u00e4 eritt\u00e4in mukavan pit\u00e4\u00e4 ja k\u00e4ytt\u00e4\u00e4. .<\/p>\n","protected":false},"featured_media":22095,"comment_status":"open","ping_status":"closed","template":"","meta":{"_monsterinsights_skip_tracking":false,"_monsterinsights_sitenote_active":false,"_monsterinsights_sitenote_note":"","_monsterinsights_sitenote_category":0},"product_cat":[516,541,475,544,540],"product_tag":[],"class_list":{"0":"post-23386","1":"product","2":"type-product","3":"status-publish","4":"has-post-thumbnail","6":"product_cat-lash-lift-fi","7":"product_cat-muut-tyokalut-fi","8":"product_cat-ripset","9":"product_cat-tarvikkeet-fi","10":"product_cat-tarvikkeet","11":"pa_brand-inlei-fi","13":"first","14":"instock","15":"taxable","16":"shipping-taxable","17":"purchasable","18":"product-type-simple"},"_links":{"self":[{"href":"https:\/\/prelive2.pomello.ee\/fi\/wp-json\/wp\/v2\/product\/23386","targetHints":{"allow":["GET"]}}],"collection":[{"href":"https:\/\/prelive2.pomello.ee\/fi\/wp-json\/wp\/v2\/product"}],"about":[{"href":"https:\/\/prelive2.pomello.ee\/fi\/wp-json\/wp\/v2\/types\/product"}],"replies":[{"embeddable":true,"href":"https:\/\/prelive2.pomello.ee\/fi\/wp-json\/wp\/v2\/comments?post=23386"}],"version-history":[{"count":0,"href":"https:\/\/prelive2.pomello.ee\/fi\/wp-json\/wp\/v2\/product\/23386\/revisions"}],"wp:featuredmedia":[{"embeddable":true,"href":"https:\/\/prelive2.pomello.ee\/fi\/wp-json\/wp\/v2\/media\/22095"}],"wp:attachment":[{"href":"https:\/\/prelive2.pomello.ee\/fi\/wp-json\/wp\/v2\/media?parent=23386"}],"wp:term":[{"taxonomy":"product_cat","embeddable":true,"href":"https:\/\/prelive2.pomello.ee\/fi\/wp-json\/wp\/v2\/product_cat?post=23386"},{"taxonomy":"product_tag","embeddable":true,"href":"https:\/\/prelive2.pomello.ee\/fi\/wp-json\/wp\/v2\/product_tag?post=23386"}],"curies":[{"name":"wp","href":"https:\/\/api.w.org\/{rel}","templated":true}]}}