{"id":23384,"date":"2022-10-16T21:36:20","date_gmt":"2022-10-16T18:36:20","guid":{"rendered":"https:\/\/prelive2.pomello.ee\/toode\/inlei-helper-2-0\/"},"modified":"2024-03-19T23:55:45","modified_gmt":"2024-03-19T20:55:45","slug":"inlei-helper-2-0","status":"publish","type":"product","link":"https:\/\/prelive2.pomello.ee\/fi\/toode\/inlei-helper-2-0\/","title":{"rendered":"INLEI\u00ae Helper 2.0"},"content":{"rendered":"<p>InLei\u00ae Helper 2.0 on vallankumouksellinen kampa ripsien kampaamiseen silikoni moutit!<\/p>\n<p>&nbsp;<\/p>\n<p>Helper 2.0 on ihanteellinen hienojen tai eritt\u00e4in ohuiden ripsien kampaamiseen. Kampan leveys on identtinen Helperin klassisen version kanssa, mutta hampaat ovat paljon pienempi\u00e4 ja tihe\u00e4mpi\u00e4, joten voit erottaa ohuimmatkin karvat.<\/p>\n<p>&nbsp;<\/p>\n<p>Hampaiden sivuilla voit erottaa ripset hyvin toisistaan \u200b\u200bja antaa oikean suunnan. Tasainen osa antaa hiuksille oikean kireyden.<\/p>\n<p>&nbsp;<\/p>\n<p>Uuden Helper 2.0:n Tiffany-v\u00e4ri tekee siit\u00e4 v\u00e4litt\u00f6m\u00e4sti tunnistettavissa ty\u00f6paikalla, ja se on erityisesti suunniteltu siten, ettei sit\u00e4 pid\u00e4 sekoittaa l\u00e4pin\u00e4kyv\u00e4\u00e4n.<\/p>\n<p>&nbsp;<\/p>\n<p>Ainutlaatuinen ja eritt\u00e4in mukava S-muoto tekee siit\u00e4 helpon pit\u00e4\u00e4 ja k\u00e4ytt\u00e4\u00e4.<\/p>\n<p>&nbsp;<\/p>\n<p>Valmistettu Italiassa.<\/p>\n<p>&nbsp;<\/p>\n<p>Materiaali: Polykarbonaatti<\/p>\n<p>&nbsp;<\/p>\n<p>Tuote on uudelleenk\u00e4ytett\u00e4v\u00e4.<\/p>\n<p>&nbsp;<\/p>\n<p><strong>Puhdistus:<\/strong><br \/>\n1. Puhdista v\u00e4litt\u00f6m\u00e4sti jokaisen k\u00e4yt\u00f6n j\u00e4lkeen l\u00e4mpim\u00e4ll\u00e4 vedell\u00e4 ja antibakteerisella saippualla.<br \/>\n2. Desinfioi 70-prosenttisella alkoholipohjaisella tuotteella.<br \/>\n3. Huuhtele sitten vedell\u00e4 ja kuivaa.<br \/>\n4. Aseta tuote steriiliin, suljettuun astiaan.<\/p>\n","protected":false},"excerpt":{"rendered":"<p>Ripsien kohotuskampa ohuille ripsille. &#8221;Inlei Helper 2.0&#8221; on ihanteellinen hienojen tai eritt\u00e4in ohuiden ripsien kampaamiseen. Kampan leveys on identtinen &#8221;Helper&#8221;-version kanssa, mutta hampaat ovat paljon pienempi\u00e4 ja tihe\u00e4mpi\u00e4, mik\u00e4 mahdollistaa ohuimpienkin karvojen erottamisen.<\/p>\n","protected":false},"featured_media":22488,"comment_status":"open","ping_status":"closed","template":"","meta":{"_monsterinsights_skip_tracking":false,"_monsterinsights_sitenote_active":false,"_monsterinsights_sitenote_note":"","_monsterinsights_sitenote_category":0},"product_cat":[516,541,475,544,540],"product_tag":[],"class_list":{"0":"post-23384","1":"product","2":"type-product","3":"status-publish","4":"has-post-thumbnail","6":"product_cat-lash-lift-fi","7":"product_cat-muut-tyokalut-fi","8":"product_cat-ripset","9":"product_cat-tarvikkeet-fi","10":"product_cat-tarvikkeet","11":"pa_brand-inlei-fi","13":"first","14":"instock","15":"taxable","16":"shipping-taxable","17":"purchasable","18":"product-type-simple"},"_links":{"self":[{"href":"https:\/\/prelive2.pomello.ee\/fi\/wp-json\/wp\/v2\/product\/23384","targetHints":{"allow":["GET"]}}],"collection":[{"href":"https:\/\/prelive2.pomello.ee\/fi\/wp-json\/wp\/v2\/product"}],"about":[{"href":"https:\/\/prelive2.pomello.ee\/fi\/wp-json\/wp\/v2\/types\/product"}],"replies":[{"embeddable":true,"href":"https:\/\/prelive2.pomello.ee\/fi\/wp-json\/wp\/v2\/comments?post=23384"}],"version-history":[{"count":0,"href":"https:\/\/prelive2.pomello.ee\/fi\/wp-json\/wp\/v2\/product\/23384\/revisions"}],"wp:featuredmedia":[{"embeddable":true,"href":"https:\/\/prelive2.pomello.ee\/fi\/wp-json\/wp\/v2\/media\/22488"}],"wp:attachment":[{"href":"https:\/\/prelive2.pomello.ee\/fi\/wp-json\/wp\/v2\/media?parent=23384"}],"wp:term":[{"taxonomy":"product_cat","embeddable":true,"href":"https:\/\/prelive2.pomello.ee\/fi\/wp-json\/wp\/v2\/product_cat?post=23384"},{"taxonomy":"product_tag","embeddable":true,"href":"https:\/\/prelive2.pomello.ee\/fi\/wp-json\/wp\/v2\/product_tag?post=23384"}],"curies":[{"name":"wp","href":"https:\/\/api.w.org\/{rel}","templated":true}]}}