{"id":23382,"date":"2022-10-16T21:36:20","date_gmt":"2022-10-16T18:36:20","guid":{"rendered":"https:\/\/prelive2.pomello.ee\/toode\/inlei-brow-bomber-3-15ml\/"},"modified":"2022-10-16T21:36:20","modified_gmt":"2022-10-16T18:36:20","slug":"inlei-brow-bomber-3-15ml","status":"publish","type":"product","link":"https:\/\/prelive2.pomello.ee\/fi\/toode\/inlei-brow-bomber-3-15ml\/","title":{"rendered":"InLei\u00ae Brow Bomber 3 15ml"},"content":{"rendered":"<p>100% valmistettu Italiassa<\/p>\n<p>Kaava ilman vett\u00e4. Sis\u00e4lt\u00e4\u00e4 helposti imeytyvi\u00e4 luonnon\u00f6ljyj\u00e4. Ei sis\u00e4ll\u00e4 s\u00e4il\u00f6nt\u00e4aineita. Ilmaton pullo, zero waste -annostelija  <\/p>\n<p>&nbsp;<\/p>\n<p>Sis\u00e4lt\u00f6: 15 ml (jopa 60 toimenpidett\u00e4). Tuote s\u00e4ilyy auki 3 kuukautta.<\/p>\n<p>&nbsp;<\/p>\n<p><strong>Tuote sis\u00e4lt\u00e4\u00e4<\/strong><\/p>\n<ul>\n<li>Macadamia\u00f6ljy, joka ravitsee, kosteuttaa ja t\u00e4ytt\u00e4\u00e4 hiukset rasittamatta niit\u00e4<\/li>\n<li>Argan\u00f6ljy, joka korjaa kuivia ja hauraita hiuksia<\/li>\n<li>Manteli\u00f6ljy\u00e4, joka tekee turkista pehme\u00e4n ja kiilt\u00e4v\u00e4n<\/li>\n<li>Keh\u00e4kukkauute, jolla on rauhoittava vaikutus punoittavaan ja tulehtuneeseen ihoon<\/li>\n<li>Kamomillan kukkauute, jolla on eritt\u00e4in voimakas tulehdusta est\u00e4v\u00e4 vaikutus<\/li>\n<\/ul>\n<p>&nbsp;<\/p>\n<p><strong>Kuinka k\u00e4ytt\u00e4\u00e4:<\/strong><\/p>\n<p>&#8211; K\u00e4ytet\u00e4\u00e4n viimeisen\u00e4 tuotteena kulmakarvojen laminoinnin (InLei\u00ae BROW LIFT 1), kiinnityksen (InLei\u00ae BROW LOCK 2) ja v\u00e4rj\u00e4yksen j\u00e4lkeen.<br \/>\n&#8211; Levit\u00e4 muutama tippa BROW BOMBER 3 -tuotetta kulmakarvoille ja levit\u00e4 tuote tasaisesti kulmien alueelle siveltimell\u00e4\/kammalla.<br \/>\n&#8211; Anna vaikuttaa 5 minuuttia.<br \/>\n&#8211; Poista ylim\u00e4\u00e4r\u00e4inen tuote (tarvittaessa) taputtelemalla pyyhkeell\u00e4\/vanutyynyll\u00e4.<br \/>\n&#8211; Sit\u00e4 ei tarvitse pest\u00e4 pois.<\/p>\n<p>&nbsp;<\/p>\n<p>Lue pakkausseloste huolellisesti.<\/p>\n","protected":false},"excerpt":{"rendered":"<p>Inlei Brow Bomber eli vaihe 3 on ravitseva voide, joka on kulmakarvojen laminoinnin viimeinen vaihe. Pakkauksen avaamisen j\u00e4lkeen se s\u00e4ilyy enint\u00e4\u00e4n kolme kuukautta.<\/p>\n","protected":false},"featured_media":22121,"comment_status":"open","ping_status":"closed","template":"","meta":{"_monsterinsights_skip_tracking":false,"_monsterinsights_sitenote_active":false,"_monsterinsights_sitenote_note":"","_monsterinsights_sitenote_category":0},"product_cat":[899,476,477],"product_tag":[524],"class_list":{"0":"post-23382","1":"product","2":"type-product","3":"status-publish","4":"has-post-thumbnail","6":"product_cat-emulsiot-fi","7":"product_cat-kulmakarvat","8":"product_cat-kulmien-laminointi","9":"product_tag-kulmakarvojen-laminointi","10":"pa_brand-inlei-fi","11":"pa_suurus-15-ml-fi","13":"first","14":"instock","15":"taxable","16":"shipping-taxable","17":"purchasable","18":"product-type-simple"},"_links":{"self":[{"href":"https:\/\/prelive2.pomello.ee\/fi\/wp-json\/wp\/v2\/product\/23382","targetHints":{"allow":["GET"]}}],"collection":[{"href":"https:\/\/prelive2.pomello.ee\/fi\/wp-json\/wp\/v2\/product"}],"about":[{"href":"https:\/\/prelive2.pomello.ee\/fi\/wp-json\/wp\/v2\/types\/product"}],"replies":[{"embeddable":true,"href":"https:\/\/prelive2.pomello.ee\/fi\/wp-json\/wp\/v2\/comments?post=23382"}],"version-history":[{"count":0,"href":"https:\/\/prelive2.pomello.ee\/fi\/wp-json\/wp\/v2\/product\/23382\/revisions"}],"wp:featuredmedia":[{"embeddable":true,"href":"https:\/\/prelive2.pomello.ee\/fi\/wp-json\/wp\/v2\/media\/22121"}],"wp:attachment":[{"href":"https:\/\/prelive2.pomello.ee\/fi\/wp-json\/wp\/v2\/media?parent=23382"}],"wp:term":[{"taxonomy":"product_cat","embeddable":true,"href":"https:\/\/prelive2.pomello.ee\/fi\/wp-json\/wp\/v2\/product_cat?post=23382"},{"taxonomy":"product_tag","embeddable":true,"href":"https:\/\/prelive2.pomello.ee\/fi\/wp-json\/wp\/v2\/product_tag?post=23382"}],"curies":[{"name":"wp","href":"https:\/\/api.w.org\/{rel}","templated":true}]}}