{"id":23378,"date":"2022-10-16T21:36:19","date_gmt":"2022-10-16T18:36:19","guid":{"rendered":"https:\/\/prelive2.pomello.ee\/toode\/inlei-brow-lift-1-30ml\/"},"modified":"2022-10-16T21:36:19","modified_gmt":"2022-10-16T18:36:19","slug":"inlei-brow-lift-1-30ml","status":"publish","type":"product","link":"https:\/\/prelive2.pomello.ee\/fi\/toode\/inlei-brow-lift-1-30ml\/","title":{"rendered":"INLEI\u00ae Brow Lift 1 30ml"},"content":{"rendered":"<p>100% valmistettu Italiassa<br \/>\nAirless pullo, zero waste annostelija<br \/>\nSis\u00e4lt\u00e4\u00e4 ihoa suojaavia ainesosia<\/p>\n<p>&nbsp;<\/p>\n<p>Sis\u00e4lt\u00f6: 30 ml (jopa 40 toimenpidett\u00e4). Tuote s\u00e4ilyy auki 3 kuukautta.<\/p>\n<p>&nbsp;<\/p>\n<p>VAIN AMMATTIMAISEEN K\u00c4YTT\u00d6\u00d6N.<\/p>\n<p>&nbsp;<\/p>\n<p><strong>Kuinka k\u00e4ytt\u00e4\u00e4:<\/strong><\/p>\n<p>&#8211; Puhdista asiakkaan kulmakarvat &#8211; Kampaa kulmakarvat kunnolla ja\/tai haluttuun suuntaan. &#8211; Levit\u00e4 siveltimell\u00e4 tasainen kerros InLei\u00ae BROW LIFT 1. &#8211; Anna vaikuttaa tarvittavan ajan hiusten paksuudesta riippuen (6-12 min). \u00c4L\u00c4 K\u00c4YT\u00c4 FILMIA. &#8211; Poista tuote kuivalla vanulapulla. &#8211; Jatka sitten InLei \u00ae Brow Lock 2:lla<\/p>\n<p>&nbsp;<\/p>\n<p>Lue pakkausseloste huolellisesti.<\/p>\n","protected":false},"excerpt":{"rendered":"<p><strong>P\u00c4IVITETTY SUUNNITELU, LASIPULLO. <\/strong><\/p>\n<p>&nbsp;<\/p>\n<p>InLei\u00ae &#8221;BROW LIFT 1&#8221; tai step 1 on InLei\u00ae BROW BOMBER -sarjan vallankumouksellinen kulmakarvojen laminointituote, joka on suunniteltu tekem\u00e4\u00e4n kulmakarvoista kuuliaisia, pehmeit\u00e4, silkkisi\u00e4 ja tyylikk\u00e4it\u00e4.<\/p>\n<p>&nbsp;<\/p>\n<p>Pakkauksen avaamisen j\u00e4lkeen se s\u00e4ilyy enint\u00e4\u00e4n kolme kuukautta.<\/p>\n","protected":false},"featured_media":22118,"comment_status":"open","ping_status":"closed","template":"","meta":{"_monsterinsights_skip_tracking":false,"_monsterinsights_sitenote_active":false,"_monsterinsights_sitenote_note":"","_monsterinsights_sitenote_category":0},"product_cat":[899,476,477],"product_tag":[524],"class_list":{"0":"post-23378","1":"product","2":"type-product","3":"status-publish","4":"has-post-thumbnail","6":"product_cat-emulsiot-fi","7":"product_cat-kulmakarvat","8":"product_cat-kulmien-laminointi","9":"product_tag-kulmakarvojen-laminointi","10":"pa_brand-inlei-fi","11":"pa_suurus-30-ml-fi","13":"first","14":"instock","15":"taxable","16":"shipping-taxable","17":"purchasable","18":"product-type-simple"},"_links":{"self":[{"href":"https:\/\/prelive2.pomello.ee\/fi\/wp-json\/wp\/v2\/product\/23378","targetHints":{"allow":["GET"]}}],"collection":[{"href":"https:\/\/prelive2.pomello.ee\/fi\/wp-json\/wp\/v2\/product"}],"about":[{"href":"https:\/\/prelive2.pomello.ee\/fi\/wp-json\/wp\/v2\/types\/product"}],"replies":[{"embeddable":true,"href":"https:\/\/prelive2.pomello.ee\/fi\/wp-json\/wp\/v2\/comments?post=23378"}],"version-history":[{"count":0,"href":"https:\/\/prelive2.pomello.ee\/fi\/wp-json\/wp\/v2\/product\/23378\/revisions"}],"wp:featuredmedia":[{"embeddable":true,"href":"https:\/\/prelive2.pomello.ee\/fi\/wp-json\/wp\/v2\/media\/22118"}],"wp:attachment":[{"href":"https:\/\/prelive2.pomello.ee\/fi\/wp-json\/wp\/v2\/media?parent=23378"}],"wp:term":[{"taxonomy":"product_cat","embeddable":true,"href":"https:\/\/prelive2.pomello.ee\/fi\/wp-json\/wp\/v2\/product_cat?post=23378"},{"taxonomy":"product_tag","embeddable":true,"href":"https:\/\/prelive2.pomello.ee\/fi\/wp-json\/wp\/v2\/product_tag?post=23378"}],"curies":[{"name":"wp","href":"https:\/\/api.w.org\/{rel}","templated":true}]}}