{"id":23371,"date":"2022-10-16T21:36:19","date_gmt":"2022-10-16T18:36:19","guid":{"rendered":"https:\/\/prelive2.pomello.ee\/toode\/inlei-filler-3-15ml\/"},"modified":"2024-03-19T23:55:45","modified_gmt":"2024-03-19T20:55:45","slug":"inlei-filler-3-15ml","status":"publish","type":"product","link":"https:\/\/prelive2.pomello.ee\/fi\/toode\/inlei-filler-3-15ml\/","title":{"rendered":"INLEI\u00ae Filler 3 1,5ml"},"content":{"rendered":"<p>&#8221;FILLER 3&#8221; sitoo hiuksen omat keratiinikuidut, jolloin t\u00e4yteaineen mikrohiukkaset p\u00e4\u00e4sev\u00e4t hell\u00e4varaisesti hiuksiin. Lis\u00e4ksi se pystyy saavuttamaan karvatupen, ravitsemaan niit\u00e4 ja jatkamaan toimintaansa kuukausia sen j\u00e4lkeen, kun se on levitetty karvatupen rakenteeseen.<\/p>\n<p>&nbsp;<\/p>\n<p>Kokenut teknikko voi suorittaa v\u00e4hint\u00e4\u00e4n 5-8 toimenpidett\u00e4 yhdest\u00e4 1,5 ml:n pakkauksesta.<\/p>\n<p>&nbsp;<\/p>\n<p>Pakkauksen avaamisen j\u00e4lkeen sit\u00e4 voidaan s\u00e4ilytt\u00e4\u00e4 enint\u00e4\u00e4n kuukauden ajan.<\/p>\n<p>&nbsp;<\/p>\n<p><strong>Kuinka k\u00e4ytt\u00e4\u00e4:<\/strong><\/p>\n<p>Levit\u00e4 Fix 2 ja\/tai kemiallisen v\u00e4rj\u00e4yksen j\u00e4lkeen pieni m\u00e4\u00e4r\u00e4 emulsiota tasaisesti ripsiin, anna vaikuttaa ja poista ylim\u00e4\u00e4r\u00e4inen kostealla vanulapulla.<\/p>\n<p>&nbsp;<\/p>\n","protected":false},"excerpt":{"rendered":"<p>Inlei FILLER 3:n eli vaiheen 3 maaginen kaava kliinisesti todistetuilla tuloksilla varmistaa, ett\u00e4 luonnolliset hiukset paksuuntuvat keskim\u00e4\u00e4rin jopa 24 % kolmella hoidolla. Se ravitsee, tiivist\u00e4\u00e4 ja vahvistaa ripsien rakennetta antaen v\u00e4ri\u00e4 ja kiiltoa. Pakkauksen avaamisen j\u00e4lkeen sit\u00e4 voidaan s\u00e4ilytt\u00e4\u00e4 enint\u00e4\u00e4n kuukauden ajan.<\/p>\n","protected":false},"featured_media":22098,"comment_status":"open","ping_status":"closed","template":"","meta":{"_monsterinsights_skip_tracking":false,"_monsterinsights_sitenote_active":false,"_monsterinsights_sitenote_note":"","_monsterinsights_sitenote_category":0},"product_cat":[517,516,475],"product_tag":[530],"class_list":{"0":"post-23371","1":"product","2":"type-product","3":"status-publish","4":"has-post-thumbnail","6":"product_cat-emulsiot","7":"product_cat-lash-lift-fi","8":"product_cat-ripset","9":"product_tag-lash-lift-fi","10":"pa_brand-inlei-fi","11":"pa_suurus-1-5-ml-fi","13":"first","14":"instock","15":"taxable","16":"shipping-taxable","17":"purchasable","18":"product-type-simple"},"_links":{"self":[{"href":"https:\/\/prelive2.pomello.ee\/fi\/wp-json\/wp\/v2\/product\/23371","targetHints":{"allow":["GET"]}}],"collection":[{"href":"https:\/\/prelive2.pomello.ee\/fi\/wp-json\/wp\/v2\/product"}],"about":[{"href":"https:\/\/prelive2.pomello.ee\/fi\/wp-json\/wp\/v2\/types\/product"}],"replies":[{"embeddable":true,"href":"https:\/\/prelive2.pomello.ee\/fi\/wp-json\/wp\/v2\/comments?post=23371"}],"version-history":[{"count":0,"href":"https:\/\/prelive2.pomello.ee\/fi\/wp-json\/wp\/v2\/product\/23371\/revisions"}],"wp:featuredmedia":[{"embeddable":true,"href":"https:\/\/prelive2.pomello.ee\/fi\/wp-json\/wp\/v2\/media\/22098"}],"wp:attachment":[{"href":"https:\/\/prelive2.pomello.ee\/fi\/wp-json\/wp\/v2\/media?parent=23371"}],"wp:term":[{"taxonomy":"product_cat","embeddable":true,"href":"https:\/\/prelive2.pomello.ee\/fi\/wp-json\/wp\/v2\/product_cat?post=23371"},{"taxonomy":"product_tag","embeddable":true,"href":"https:\/\/prelive2.pomello.ee\/fi\/wp-json\/wp\/v2\/product_tag?post=23371"}],"curies":[{"name":"wp","href":"https:\/\/api.w.org\/{rel}","templated":true}]}}