{"id":23367,"date":"2022-10-16T21:36:19","date_gmt":"2022-10-16T18:36:19","guid":{"rendered":"https:\/\/prelive2.pomello.ee\/toode\/inlei-form-1-15ml\/"},"modified":"2024-03-19T23:57:28","modified_gmt":"2024-03-19T20:57:28","slug":"inlei-form-1-15ml","status":"publish","type":"product","link":"https:\/\/prelive2.pomello.ee\/fi\/toode\/inlei-form-1-15ml\/","title":{"rendered":"INLEI\u00ae Form 1 1,5ml"},"content":{"rendered":"<p>Vaikutusaika 6-14 minuuttia riippuen luonnollisten ripsien tyypist\u00e4.<\/p>\n<p>&nbsp;<\/p>\n<p>Kokenut teknikko voi suorittaa v\u00e4hint\u00e4\u00e4n 5-8 toimenpidett\u00e4 yhdest\u00e4 1,5 ml:n pakkauksesta.<\/p>\n<p>&nbsp;<\/p>\n<p>Pakkauksen avaamisen j\u00e4lkeen sit\u00e4 voidaan s\u00e4ilytt\u00e4\u00e4 enint\u00e4\u00e4n kuukauden ajan.<\/p>\n<p>&nbsp;<\/p>\n<p>Kuinka k\u00e4ytt\u00e4\u00e4: \u00c4l\u00e4 unohda k\u00e4ytt\u00e4\u00e4 koulutuksessa opittua tietoa menetelmist\u00e4 ja ajoituksista. Levit\u00e4 emulsio ripsille ohuena kerroksena 2-3 mm et\u00e4isyydell\u00e4 ripsist\u00e4<\/p>\n<p>&nbsp;<\/p>\n<p>VAIN AMMATTIMAISEEN K\u00c4YTT\u00d6\u00d6N<\/p>\n<p>&nbsp;<\/p>\n","protected":false},"excerpt":{"rendered":"<p>Inlei FORM 1 tai step 1 tarjoaa eritt\u00e4in tehokkaan, mutta turvallisen ja hell\u00e4varaisen kaavan asiakkaasi ripsille. T\u00e4m\u00e4n emulsion alkalinen pH mahdollistaa hiusten kynsinauhojen nopean ja tehokkaan avaamisen ja sen valmistelemisen seuraavaa vaihetta varten vahingoittamatta niit\u00e4. Pakkauksen avaamisen j\u00e4lkeen sit\u00e4 voidaan s\u00e4ilytt\u00e4\u00e4 enint\u00e4\u00e4n kuukauden ajan.<\/p>\n","protected":false},"featured_media":22103,"comment_status":"open","ping_status":"closed","template":"","meta":{"_monsterinsights_skip_tracking":false,"_monsterinsights_sitenote_active":false,"_monsterinsights_sitenote_note":"","_monsterinsights_sitenote_category":0},"product_cat":[517,516,475],"product_tag":[],"class_list":{"0":"post-23367","1":"product","2":"type-product","3":"status-publish","4":"has-post-thumbnail","6":"product_cat-emulsiot","7":"product_cat-lash-lift-fi","8":"product_cat-ripset","9":"pa_brand-inlei-fi","10":"pa_suurus-1-5-ml-fi","12":"first","13":"instock","14":"taxable","15":"shipping-taxable","16":"purchasable","17":"product-type-simple"},"_links":{"self":[{"href":"https:\/\/prelive2.pomello.ee\/fi\/wp-json\/wp\/v2\/product\/23367","targetHints":{"allow":["GET"]}}],"collection":[{"href":"https:\/\/prelive2.pomello.ee\/fi\/wp-json\/wp\/v2\/product"}],"about":[{"href":"https:\/\/prelive2.pomello.ee\/fi\/wp-json\/wp\/v2\/types\/product"}],"replies":[{"embeddable":true,"href":"https:\/\/prelive2.pomello.ee\/fi\/wp-json\/wp\/v2\/comments?post=23367"}],"version-history":[{"count":0,"href":"https:\/\/prelive2.pomello.ee\/fi\/wp-json\/wp\/v2\/product\/23367\/revisions"}],"wp:featuredmedia":[{"embeddable":true,"href":"https:\/\/prelive2.pomello.ee\/fi\/wp-json\/wp\/v2\/media\/22103"}],"wp:attachment":[{"href":"https:\/\/prelive2.pomello.ee\/fi\/wp-json\/wp\/v2\/media?parent=23367"}],"wp:term":[{"taxonomy":"product_cat","embeddable":true,"href":"https:\/\/prelive2.pomello.ee\/fi\/wp-json\/wp\/v2\/product_cat?post=23367"},{"taxonomy":"product_tag","embeddable":true,"href":"https:\/\/prelive2.pomello.ee\/fi\/wp-json\/wp\/v2\/product_tag?post=23367"}],"curies":[{"name":"wp","href":"https:\/\/api.w.org\/{rel}","templated":true}]}}