{"id":23362,"date":"2022-10-16T21:36:19","date_gmt":"2022-10-16T18:36:19","guid":{"rendered":"https:\/\/prelive2.pomello.ee\/toode\/my-lamination-neutralising-cream-step-2-15ml\/"},"modified":"2022-10-16T21:36:19","modified_gmt":"2022-10-16T18:36:19","slug":"my-lamination-neutralising-cream-step-2-15ml","status":"publish","type":"product","link":"https:\/\/prelive2.pomello.ee\/fi\/toode\/my-lamination-neutralising-cream-step-2-15ml\/","title":{"rendered":"My Lamination Neutralising Cream+ (Step 2) 1,5ml"},"content":{"rendered":"<p>NEUTRALIOINTIVOIDE (VAIHE 2):<br \/>\nMy Lamination Neutralizing Cream+ on lash lift -toimenpiteen j\u00e4lkeen 2. vaiheessa. Voide sitoo katkenneet sidokset yhteen ja vahvistaa ripsien uutta muotoa.<\/p>\n<p>&nbsp;<\/p>\n<p>Vaikutusaika 5-8 minuuttia riippuen luonnollisten ripsien tyypist\u00e4 jne.<\/p>\n<p>&nbsp;<\/p>\n<p>Kuinka k\u00e4ytt\u00e4\u00e4: \u00c4l\u00e4 unohda k\u00e4ytt\u00e4\u00e4 koulutuksessa opittua tietoa menetelmist\u00e4 ja ajoituksista.<\/p>\n<p>&nbsp;<\/p>\n<p>S\u00e4ilyt\u00e4 huoneenl\u00e4mm\u00f6ss\u00e4, auringonvalolta suojattuna, pakkaus tiiviisti suljettuna.<\/p>\n<p>&nbsp;<\/p>\n<p>VAIN AMMATTIMAISEEN K\u00c4YTT\u00d6\u00d6N<\/p>\n","protected":false},"excerpt":{"rendered":"<p>My Lamination Neutralizing Cream+ on ripsien lash lifti toinen vaihe eli vaihe 2. Vaihe 2 palauttaa disulfidisidokset hiuksiin ja vahvistaa ripsien uutta muotoa.<\/p>\n<p>&nbsp;<\/p>\n<p>Kokenut teknikko voi suorittaa v\u00e4hint\u00e4\u00e4n 10 toimenpidett\u00e4 yhdest\u00e4 1,5 ml:n pakkauksesta.<\/p>\n<p>&nbsp;<\/p>\n<p>Pakkauksen avaamisen j\u00e4lkeen sit\u00e4 voidaan s\u00e4ilytt\u00e4\u00e4 enint\u00e4\u00e4n kuukauden ajan.<\/p>\n","protected":false},"featured_media":22190,"comment_status":"open","ping_status":"closed","template":"","meta":{"_monsterinsights_skip_tracking":false,"_monsterinsights_sitenote_active":false,"_monsterinsights_sitenote_note":"","_monsterinsights_sitenote_category":0},"product_cat":[517,516,475],"product_tag":[],"class_list":{"0":"post-23362","1":"product","2":"type-product","3":"status-publish","4":"has-post-thumbnail","6":"product_cat-emulsiot","7":"product_cat-lash-lift-fi","8":"product_cat-ripset","9":"pa_brand-my-lamination-fi","10":"pa_suurus-1-5-ml-fi","12":"first","13":"instock","14":"taxable","15":"shipping-taxable","16":"purchasable","17":"product-type-simple"},"_links":{"self":[{"href":"https:\/\/prelive2.pomello.ee\/fi\/wp-json\/wp\/v2\/product\/23362","targetHints":{"allow":["GET"]}}],"collection":[{"href":"https:\/\/prelive2.pomello.ee\/fi\/wp-json\/wp\/v2\/product"}],"about":[{"href":"https:\/\/prelive2.pomello.ee\/fi\/wp-json\/wp\/v2\/types\/product"}],"replies":[{"embeddable":true,"href":"https:\/\/prelive2.pomello.ee\/fi\/wp-json\/wp\/v2\/comments?post=23362"}],"version-history":[{"count":0,"href":"https:\/\/prelive2.pomello.ee\/fi\/wp-json\/wp\/v2\/product\/23362\/revisions"}],"wp:featuredmedia":[{"embeddable":true,"href":"https:\/\/prelive2.pomello.ee\/fi\/wp-json\/wp\/v2\/media\/22190"}],"wp:attachment":[{"href":"https:\/\/prelive2.pomello.ee\/fi\/wp-json\/wp\/v2\/media?parent=23362"}],"wp:term":[{"taxonomy":"product_cat","embeddable":true,"href":"https:\/\/prelive2.pomello.ee\/fi\/wp-json\/wp\/v2\/product_cat?post=23362"},{"taxonomy":"product_tag","embeddable":true,"href":"https:\/\/prelive2.pomello.ee\/fi\/wp-json\/wp\/v2\/product_tag?post=23362"}],"curies":[{"name":"wp","href":"https:\/\/api.w.org\/{rel}","templated":true}]}}