{"id":23360,"date":"2022-10-16T21:36:19","date_gmt":"2022-10-16T18:36:19","guid":{"rendered":"https:\/\/prelive2.pomello.ee\/toode\/my-lamination-puhdistusvaahto-4in1-50ml\/"},"modified":"2022-10-16T21:36:19","modified_gmt":"2022-10-16T18:36:19","slug":"my-lamination-puhdistusvaahto-4in1-50ml","status":"publish","type":"product","link":"https:\/\/prelive2.pomello.ee\/fi\/toode\/my-lamination-puhdistusvaahto-4in1-50ml\/","title":{"rendered":"My Lamination Puhdistusvaahto 4in1 50ml"},"content":{"rendered":"<p>My Lamination puhdistusvaahto 4in1 puhdistusvaahdolla on neutraali pH 7. T\u00e4m\u00e4 tarkoittaa, ett\u00e4 se puhdistaa kasvoalueen hell\u00e4varaisesti kaikista meikist\u00e4, rasvoista, voiteista ja \u00f6ljyist\u00e4 \u00e4rsytt\u00e4m\u00e4tt\u00e4 silmi\u00e4 tai vahingoittamatta kulmakarvoja tai ripsi\u00e4. Sit\u00e4 voidaan k\u00e4ytt\u00e4\u00e4 toimenpiteen ensimm\u00e4isen\u00e4 vaiheena puhtaan ripsien pinnan varmistamiseksi emulsioiden levitt\u00e4miseen ja sit\u00e4 voidaan k\u00e4ytt\u00e4\u00e4 my\u00f6s toimenpiteen j\u00e4lkeen tuotej\u00e4\u00e4mien poistamiseen.<\/p>\n<p>&nbsp;<\/p>\n<p>Ripsien tai kulmakarvojen pesu laminoinnin j\u00e4lkeen ei muuta tulosta, sill\u00e4 vesi tai l\u00e4mp\u00f6 eiv\u00e4t voi vaikuttaa hiusten kynsinauhojen sis\u00e4isiin sidoksiin. Sopii k\u00e4ytett\u00e4v\u00e4ksi my\u00f6s ripsienpidennysten kanssa sek\u00e4 p\u00e4ivitt\u00e4isen\u00e4 puhdistusvaahtona kotikasvojen hoidossa.<\/p>\n<p>&nbsp;<\/p>\n<p>K\u00e4ytt\u00f6: Avaa pullo ja levit\u00e4 sopiva m\u00e4\u00e4r\u00e4 vaahtoa kevyell\u00e4 hieronnalla suoraan kasvoille tai levit\u00e4 tuotetta vanulapulle ja puhdista kasvot silm\u00e4t kiinni, ripset ja\/tai kulmakarvat. Huuhtele l\u00e4mpim\u00e4ll\u00e4 vedell\u00e4. Sopii k\u00e4ytett\u00e4v\u00e4ksi my\u00f6s ripsienpidennysten kanssa sek\u00e4 p\u00e4ivitt\u00e4isess\u00e4 kasvojenhoitorutiinissa.<\/p>\n<p>&nbsp;<\/p>\n","protected":false},"excerpt":{"rendered":"<p>My Lamination Puhdistusvaahto 4in1 on kasvojen puhdistusaine\/ripsien puhdistusaine\/kulmakarvojen puhdistusaine\/meikinpoistoaine kaikki yhdess\u00e4, jolla on rauhoittavia ominaisuuksia kamomilla-, passionkukka- ja riisiproteiiniuutteista.<\/p>\n","protected":false},"featured_media":22536,"comment_status":"open","ping_status":"closed","template":"","meta":{"_monsterinsights_skip_tracking":false,"_monsterinsights_sitenote_active":false,"_monsterinsights_sitenote_note":"","_monsterinsights_sitenote_category":0},"product_cat":[915,476,516,520,475],"product_tag":[],"class_list":{"0":"post-23360","1":"product","2":"type-product","3":"status-publish","4":"has-post-thumbnail","6":"product_cat-esi-ja-jalkihoito","7":"product_cat-kulmakarvat","8":"product_cat-lash-lift-fi","9":"product_cat-puhdistustuotteet","10":"product_cat-ripset","11":"pa_brand-my-lamination-fi","12":"pa_suurus-50-ml-fi","14":"first","15":"instock","16":"taxable","17":"shipping-taxable","18":"purchasable","19":"product-type-simple"},"_links":{"self":[{"href":"https:\/\/prelive2.pomello.ee\/fi\/wp-json\/wp\/v2\/product\/23360","targetHints":{"allow":["GET"]}}],"collection":[{"href":"https:\/\/prelive2.pomello.ee\/fi\/wp-json\/wp\/v2\/product"}],"about":[{"href":"https:\/\/prelive2.pomello.ee\/fi\/wp-json\/wp\/v2\/types\/product"}],"replies":[{"embeddable":true,"href":"https:\/\/prelive2.pomello.ee\/fi\/wp-json\/wp\/v2\/comments?post=23360"}],"version-history":[{"count":0,"href":"https:\/\/prelive2.pomello.ee\/fi\/wp-json\/wp\/v2\/product\/23360\/revisions"}],"wp:featuredmedia":[{"embeddable":true,"href":"https:\/\/prelive2.pomello.ee\/fi\/wp-json\/wp\/v2\/media\/22536"}],"wp:attachment":[{"href":"https:\/\/prelive2.pomello.ee\/fi\/wp-json\/wp\/v2\/media?parent=23360"}],"wp:term":[{"taxonomy":"product_cat","embeddable":true,"href":"https:\/\/prelive2.pomello.ee\/fi\/wp-json\/wp\/v2\/product_cat?post=23360"},{"taxonomy":"product_tag","embeddable":true,"href":"https:\/\/prelive2.pomello.ee\/fi\/wp-json\/wp\/v2\/product_tag?post=23360"}],"curies":[{"name":"wp","href":"https:\/\/api.w.org\/{rel}","templated":true}]}}