{"id":23358,"date":"2022-10-16T21:36:19","date_gmt":"2022-10-16T18:36:19","guid":{"rendered":"https:\/\/prelive2.pomello.ee\/toode\/my-lamination-lifting-cream-step1-15ml\/"},"modified":"2024-03-19T23:57:21","modified_gmt":"2024-03-19T20:57:21","slug":"my-lamination-lifting-cream-step1-15ml","status":"publish","type":"product","link":"https:\/\/prelive2.pomello.ee\/fi\/toode\/my-lamination-lifting-cream-step1-15ml\/","title":{"rendered":"My Lamination Lifting Cream+ (Step1) 1,5ml"},"content":{"rendered":"<p>LIFTING CREAM (VAIHE 1):<br \/>\nMy Lamination Lifting Cream+ on tarkoitettu lash lift -toimenpiteen ensimm\u00e4iseen vaiheeseen. Vaihe 1 on suunniteltu katkaisemaan luonnollisten ripsien disulfidisidokset ja valmistamaan ne uuteen muotoon. Koostumus pehment\u00e4\u00e4 ripsi\u00e4, avaa suomuja, tunkeutuu hell\u00e4sti hiusten sis\u00e4puolelle ja valmistelee siten ripset toiseen vaiheeseen. Voimassa on pehme\u00e4 rakenne ja miellytt\u00e4v\u00e4 kukkainen tuoksu.<\/p>\n<p>&nbsp;<\/p>\n<p>Vaikutusaika 7-12 minuuttia riippuen luonnollisten ripsien tyypist\u00e4 jne.<\/p>\n<p>&nbsp;<\/p>\n<p>Kuinka k\u00e4ytt\u00e4\u00e4: \u00c4l\u00e4 unohda k\u00e4ytt\u00e4\u00e4 koulutuksessa opittua tietoa menetelmist\u00e4 ja ajoituksista.<\/p>\n<p>&nbsp;<\/p>\n<p>S\u00e4ilyt\u00e4 huoneenl\u00e4mm\u00f6ss\u00e4, auringonvalolta suojattuna, pakkaus tiiviisti suljettuna.<\/p>\n<p>&nbsp;<\/p>\n<p>VAIN AMMATTIMAISEEN K\u00c4YTT\u00d6\u00d6N<\/p>\n<p>&nbsp;<\/p>\n","protected":false},"excerpt":{"rendered":"<p>My Lamination Lifting Cream+ on ripsien kohotustoimenpiteen ensimm\u00e4inen vaihe tai vaihe 1. Se katkaisee hiusten disulfidisidoksia, jolloin hiukset saavat uuden muodon.<\/p>\n<p>&nbsp;<\/p>\n<p>Kokenut teknikko voi suorittaa v\u00e4hint\u00e4\u00e4n 10 toimenpidett\u00e4 yhdest\u00e4 1,5 ml:n pakkauksesta.<\/p>\n<p>&nbsp;<\/p>\n<p>Pakkauksen avaamisen j\u00e4lkeen sit\u00e4 voidaan s\u00e4ilytt\u00e4\u00e4 enint\u00e4\u00e4n kuukauden ajan.<\/p>\n","protected":false},"featured_media":22195,"comment_status":"open","ping_status":"closed","template":"","meta":{"_monsterinsights_skip_tracking":false,"_monsterinsights_sitenote_active":false,"_monsterinsights_sitenote_note":"","_monsterinsights_sitenote_category":0},"product_cat":[517,516,475],"product_tag":[],"class_list":{"0":"post-23358","1":"product","2":"type-product","3":"status-publish","4":"has-post-thumbnail","6":"product_cat-emulsiot","7":"product_cat-lash-lift-fi","8":"product_cat-ripset","9":"pa_brand-my-lamination-fi","10":"pa_suurus-1-5-ml-fi","12":"first","13":"instock","14":"taxable","15":"shipping-taxable","16":"purchasable","17":"product-type-simple"},"_links":{"self":[{"href":"https:\/\/prelive2.pomello.ee\/fi\/wp-json\/wp\/v2\/product\/23358","targetHints":{"allow":["GET"]}}],"collection":[{"href":"https:\/\/prelive2.pomello.ee\/fi\/wp-json\/wp\/v2\/product"}],"about":[{"href":"https:\/\/prelive2.pomello.ee\/fi\/wp-json\/wp\/v2\/types\/product"}],"replies":[{"embeddable":true,"href":"https:\/\/prelive2.pomello.ee\/fi\/wp-json\/wp\/v2\/comments?post=23358"}],"version-history":[{"count":0,"href":"https:\/\/prelive2.pomello.ee\/fi\/wp-json\/wp\/v2\/product\/23358\/revisions"}],"wp:featuredmedia":[{"embeddable":true,"href":"https:\/\/prelive2.pomello.ee\/fi\/wp-json\/wp\/v2\/media\/22195"}],"wp:attachment":[{"href":"https:\/\/prelive2.pomello.ee\/fi\/wp-json\/wp\/v2\/media?parent=23358"}],"wp:term":[{"taxonomy":"product_cat","embeddable":true,"href":"https:\/\/prelive2.pomello.ee\/fi\/wp-json\/wp\/v2\/product_cat?post=23358"},{"taxonomy":"product_tag","embeddable":true,"href":"https:\/\/prelive2.pomello.ee\/fi\/wp-json\/wp\/v2\/product_tag?post=23358"}],"curies":[{"name":"wp","href":"https:\/\/api.w.org\/{rel}","templated":true}]}}