{"id":23356,"date":"2022-10-16T21:36:19","date_gmt":"2022-10-16T18:36:19","guid":{"rendered":"https:\/\/prelive2.pomello.ee\/toode\/my-lamination-vitamin-lash-ripsiseerumi\/"},"modified":"2024-04-07T22:45:27","modified_gmt":"2024-04-07T19:45:27","slug":"my-lamination-vitamin-lash-ripsiseerumi","status":"publish","type":"product","link":"https:\/\/prelive2.pomello.ee\/fi\/toode\/my-lamination-vitamin-lash-ripsiseerumi\/","title":{"rendered":"My Lamination Vitamin Lash Ripsiseerumi"},"content":{"rendered":"<p>My Lamination Vitamin Lash Ripsiseerumi (Eyelash and Brow Serum) on suunniteltu jatkohoidoksi asiakkaalle, joka jatkaa luonnollisten ripsien terveen kasvun tukemista ja kosteuttamista kotona suoritetun ripsien kohotustoimenpiteen j\u00e4lkeen sek\u00e4 lis\u00e4\u00e4 hiusten volyymia ja tiheytt\u00e4. Voit hankkia my\u00f6s seerumin kulmakarvoille (esim. kulmakarvojen kohotuksen j\u00e4lkeen Brow Lift).<\/p>\n<p>&nbsp;<\/p>\n<p>K\u00e4ytt\u00f6: Levit\u00e4 kahdesti p\u00e4iv\u00e4ss\u00e4 puhdistamaan ripset tyvest\u00e4 latvaan.<br \/>\nVoimassaolo: 2 vuotta valmistuksen j\u00e4lkeen.<br \/>\nS\u00e4ilyvyys avaamisen j\u00e4lkeen: 6 kuukautta.<\/p>\n<p>&nbsp;<\/p>\n<p>Varoitukset: Kaikki v\u00e4ri- ja hajumuutokset johtuvat luonnollisten kasviper\u00e4isten funktionaalisten aineiden l\u00e4sn\u00e4olosta. V\u00e4lt\u00e4 aineen joutumista silmiin ja limakalvoihin. Jos joutuu vahingossa kosketukseen, huuhtele vedell\u00e4. Vain ulkoiseen k\u00e4ytt\u00f6\u00f6n. Tuote voi aiheuttaa allergisia reaktioita. Sulje hyvin jokaisen k\u00e4ytt\u00f6kerran j\u00e4lkeen. Pid\u00e4 poissa lasten ulottuvilta. Pid\u00e4 viile\u00e4ss\u00e4 ja v\u00e4lt\u00e4 suoraa valoa. Tuotetta ei ole tarkoitettu alle 18-vuotiaiden k\u00e4ytt\u00f6\u00f6n.        <\/p>\n","protected":false},"excerpt":{"rendered":"<p>My Lamination Vitamin Lash Ripsiseerumi (Eyelash and Brow Serum) on suunniteltu jatkohoidoksi asiakkaalle, joka jatkaa luonnollisten ripsien terveen kasvun tukemista ja kosteuttamista kotona suoritetun ripsien kohotustoimenpiteen j\u00e4lkeen sek\u00e4 lis\u00e4\u00e4 hiusten volyymia ja tiheytt\u00e4. Voit hankkia my\u00f6s seerumin kulmakarvoille (esim. kulmakarvojen kohotuksen j\u00e4lkeen Brow Lift).<\/p>\n<p>&nbsp;<\/p>\n<p>7 TOIMINNALLISELLA AINESOSALLA rikastettu RIPSISEERUMI J\u00c4LKIHOITOON:<\/p>\n<p>&nbsp;<\/p>\n<p>&#8211; 3 vitamiinia (C, E, F)<br \/>\n&#8211; 1 provitamiini (B5)<br \/>\n&#8211; Hydrolysoitu keratiini<br \/>\n&#8211; Kollageeni<br \/>\n&#8211; Glyseriini<\/p>\n<p>&nbsp;<\/p>\n<p>Kun ostat 10 kpl tai enemm\u00e4n, tarjoamme alennushinnan. Kirjoita pyynt\u00f6si osoitteeseen <a href=\"mailto:info@pomello.ee\">info@pomello.ee.<\/a><\/p>\n","protected":false},"featured_media":22684,"comment_status":"open","ping_status":"closed","template":"","meta":{"_monsterinsights_skip_tracking":false,"_monsterinsights_sitenote_active":false,"_monsterinsights_sitenote_note":"","_monsterinsights_sitenote_category":0},"product_cat":[518,516,475,514],"product_tag":[],"class_list":{"0":"post-23356","1":"product","2":"type-product","3":"status-publish","4":"has-post-thumbnail","6":"product_cat-jalkihoito","7":"product_cat-lash-lift-fi","8":"product_cat-ripset","9":"product_cat-ripsi-ja-kulmakarvojen-seerumit","10":"pa_brand-my-lamination-fi","11":"pa_suurus-10-ml-fi","12":"pa_varv-labipaistev-fi","14":"first","15":"instock","16":"taxable","17":"shipping-taxable","18":"purchasable","19":"product-type-simple"},"_links":{"self":[{"href":"https:\/\/prelive2.pomello.ee\/fi\/wp-json\/wp\/v2\/product\/23356","targetHints":{"allow":["GET"]}}],"collection":[{"href":"https:\/\/prelive2.pomello.ee\/fi\/wp-json\/wp\/v2\/product"}],"about":[{"href":"https:\/\/prelive2.pomello.ee\/fi\/wp-json\/wp\/v2\/types\/product"}],"replies":[{"embeddable":true,"href":"https:\/\/prelive2.pomello.ee\/fi\/wp-json\/wp\/v2\/comments?post=23356"}],"version-history":[{"count":0,"href":"https:\/\/prelive2.pomello.ee\/fi\/wp-json\/wp\/v2\/product\/23356\/revisions"}],"wp:featuredmedia":[{"embeddable":true,"href":"https:\/\/prelive2.pomello.ee\/fi\/wp-json\/wp\/v2\/media\/22684"}],"wp:attachment":[{"href":"https:\/\/prelive2.pomello.ee\/fi\/wp-json\/wp\/v2\/media?parent=23356"}],"wp:term":[{"taxonomy":"product_cat","embeddable":true,"href":"https:\/\/prelive2.pomello.ee\/fi\/wp-json\/wp\/v2\/product_cat?post=23356"},{"taxonomy":"product_tag","embeddable":true,"href":"https:\/\/prelive2.pomello.ee\/fi\/wp-json\/wp\/v2\/product_tag?post=23356"}],"curies":[{"name":"wp","href":"https:\/\/api.w.org\/{rel}","templated":true}]}}