{"id":23351,"date":"2022-10-16T21:36:19","date_gmt":"2022-10-16T18:36:19","guid":{"rendered":"https:\/\/prelive2.pomello.ee\/toode\/my-lamination-lash-lift-liima-strong-5ml\/"},"modified":"2022-10-16T21:36:19","modified_gmt":"2022-10-16T18:36:19","slug":"my-lamination-lash-lift-liima-strong-5ml","status":"publish","type":"product","link":"https:\/\/prelive2.pomello.ee\/fi\/toode\/my-lamination-lash-lift-liima-strong-5ml\/","title":{"rendered":"My Lamination Lash lift liima Strong 5ml"},"content":{"rendered":"<p>My Lamination Lash Lift liima Strong on tahmea rakenne ja keskipitk\u00e4 kuivumisaika sek\u00e4 vahva pito, joka varmistaa ripsien helpon liimauksen silikonimoutit.<\/p>\n<p>&nbsp;<\/p>\n<p>Koko: 5 ml<br \/>\nS\u00e4ilyt\u00e4 huoneenl\u00e4mm\u00f6ss\u00e4, auringonvalolta suojatussa paikassa tiiviisti suljetussa korkissa.<\/p>\n<p>&nbsp;<\/p>\n<p>VAIN AMMATTIMAISEEN K\u00c4YTT\u00d6\u00d6N<\/p>\n","protected":false},"excerpt":{"rendered":"<p>My Lamination Lash Lift liima Strong on tahmea rakenne ja keskipitk\u00e4 kuivumisaika sek\u00e4 vahva pito, joka varmistaa ripsien helpon liimauksen silikonimoutit.<\/p>\n","protected":false},"featured_media":22682,"comment_status":"open","ping_status":"closed","template":"","meta":{"_monsterinsights_skip_tracking":false,"_monsterinsights_sitenote_active":false,"_monsterinsights_sitenote_note":"","_monsterinsights_sitenote_category":0},"product_cat":[516,519,475],"product_tag":[],"class_list":{"0":"post-23351","1":"product","2":"type-product","3":"status-publish","4":"has-post-thumbnail","6":"product_cat-lash-lift-fi","7":"product_cat-liimat","8":"product_cat-ripset","9":"pa_brand-my-lamination-fi","10":"pa_suurus-5-ml-fi","12":"first","13":"instock","14":"taxable","15":"shipping-taxable","16":"purchasable","17":"product-type-simple"},"_links":{"self":[{"href":"https:\/\/prelive2.pomello.ee\/fi\/wp-json\/wp\/v2\/product\/23351","targetHints":{"allow":["GET"]}}],"collection":[{"href":"https:\/\/prelive2.pomello.ee\/fi\/wp-json\/wp\/v2\/product"}],"about":[{"href":"https:\/\/prelive2.pomello.ee\/fi\/wp-json\/wp\/v2\/types\/product"}],"replies":[{"embeddable":true,"href":"https:\/\/prelive2.pomello.ee\/fi\/wp-json\/wp\/v2\/comments?post=23351"}],"version-history":[{"count":0,"href":"https:\/\/prelive2.pomello.ee\/fi\/wp-json\/wp\/v2\/product\/23351\/revisions"}],"wp:featuredmedia":[{"embeddable":true,"href":"https:\/\/prelive2.pomello.ee\/fi\/wp-json\/wp\/v2\/media\/22682"}],"wp:attachment":[{"href":"https:\/\/prelive2.pomello.ee\/fi\/wp-json\/wp\/v2\/media?parent=23351"}],"wp:term":[{"taxonomy":"product_cat","embeddable":true,"href":"https:\/\/prelive2.pomello.ee\/fi\/wp-json\/wp\/v2\/product_cat?post=23351"},{"taxonomy":"product_tag","embeddable":true,"href":"https:\/\/prelive2.pomello.ee\/fi\/wp-json\/wp\/v2\/product_tag?post=23351"}],"curies":[{"name":"wp","href":"https:\/\/api.w.org\/{rel}","templated":true}]}}