{"id":23347,"date":"2022-10-16T21:36:19","date_gmt":"2022-10-16T18:36:19","guid":{"rendered":"https:\/\/prelive2.pomello.ee\/toode\/my-lamination-vitamin-lash-brow-15ml\/"},"modified":"2022-10-16T21:36:19","modified_gmt":"2022-10-16T18:36:19","slug":"my-lamination-vitamin-lash-brow-15ml","status":"publish","type":"product","link":"https:\/\/prelive2.pomello.ee\/fi\/toode\/my-lamination-vitamin-lash-brow-15ml\/","title":{"rendered":"My lamination Vitamin Lash Brow 15ml"},"content":{"rendered":"<p>Anna ripsillesi ja kulmakarvoillesi erityisen ylellinen hoito My lamination Vitamin Lash Brow. Kaikki kemialliset k\u00e4sittelyt v\u00e4hent\u00e4v\u00e4t tarvittavaa kosteutta ja hajottavat hiusten rakennetta. Botox hoitaa ja ravitsee hiuksia syv\u00e4sti tarvittavilla ainesosilla T\u00e4ytt\u00e4\u00e4 ripsien ja kulmakarvojen vauriot (lash lift, brow lift). Sis\u00e4lt\u00e4\u00e4 ainutlaatuisia ainesosia, jotka ravitsevat luonnollisia ripsi\u00e4\/kulmakarvoja terveellisempien, pidempien ripsien n\u00e4ytt\u00e4miseksi.<\/p>\n<p>&nbsp;<\/p>\n<p>K\u00e4ytt\u00f6: Levit\u00e4 ripsiin (2-3 mm et\u00e4isyydelle ripsien rajasta), anna vaikuttaa 5 minuuttia, poista ylim\u00e4\u00e4r\u00e4inen tuote hieman kostealla vanulapulla. Levit\u00e4 sitten kemiallinen v\u00e4riaine, <strong>vaikutusaika 5 min.<\/strong><\/p>\n<p>&nbsp;<\/p>\n<p>S\u00e4ilyt\u00e4 huoneenl\u00e4mm\u00f6ss\u00e4, auringonvalolta suojattuna, tiiviisti suljetulla korkilla.<\/p>\n<p>&nbsp;<\/p>\n","protected":false},"excerpt":{"rendered":"<p>My lamination Vitamin Lash Brow &#8211; 14 TOIMINNALLISELLA AINEOSASSA rikastettu RIPS- &amp; BROW -TUOTE<\/p>\n<p>&nbsp;<\/p>\n<p>Sopii ohuille ripsille, tiivist\u00e4\u00e4 ne &#8211; ripsien kohotustoimenpiteen j\u00e4lkeen.<\/p>\n<p>&nbsp;<\/p>\n<p>Vitamiinit (A, B, C, E, F, K), 2 Pro-vitamiinia (B5, B6), 5 luonnollista \u00f6ljy\u00e4, hydrolysoitu keratiini, kollageeni, hyaluronihappo, glyseriini.<\/p>\n","protected":false},"featured_media":22774,"comment_status":"open","ping_status":"closed","template":"","meta":{"_monsterinsights_skip_tracking":false,"_monsterinsights_sitenote_active":false,"_monsterinsights_sitenote_note":"","_monsterinsights_sitenote_category":0},"product_cat":[899,923,517,915,518,917,476,477,516,475],"product_tag":[],"class_list":{"0":"post-23347","1":"product","2":"type-product","3":"status-publish","4":"has-post-thumbnail","6":"product_cat-emulsiot-fi","7":"product_cat-jalkihoito-ja-kosteuttaminen","8":"product_cat-emulsiot","9":"product_cat-esi-ja-jalkihoito","10":"product_cat-jalkihoito","11":"product_cat-jalkihoito-fi","12":"product_cat-kulmakarvat","13":"product_cat-kulmien-laminointi","14":"product_cat-lash-lift-fi","15":"product_cat-ripset","16":"pa_brand-my-lamination-fi","17":"pa_suurus-15-ml-fi","19":"first","20":"instock","21":"featured","22":"taxable","23":"shipping-taxable","24":"purchasable","25":"product-type-simple"},"_links":{"self":[{"href":"https:\/\/prelive2.pomello.ee\/fi\/wp-json\/wp\/v2\/product\/23347","targetHints":{"allow":["GET"]}}],"collection":[{"href":"https:\/\/prelive2.pomello.ee\/fi\/wp-json\/wp\/v2\/product"}],"about":[{"href":"https:\/\/prelive2.pomello.ee\/fi\/wp-json\/wp\/v2\/types\/product"}],"replies":[{"embeddable":true,"href":"https:\/\/prelive2.pomello.ee\/fi\/wp-json\/wp\/v2\/comments?post=23347"}],"version-history":[{"count":0,"href":"https:\/\/prelive2.pomello.ee\/fi\/wp-json\/wp\/v2\/product\/23347\/revisions"}],"wp:featuredmedia":[{"embeddable":true,"href":"https:\/\/prelive2.pomello.ee\/fi\/wp-json\/wp\/v2\/media\/22774"}],"wp:attachment":[{"href":"https:\/\/prelive2.pomello.ee\/fi\/wp-json\/wp\/v2\/media?parent=23347"}],"wp:term":[{"taxonomy":"product_cat","embeddable":true,"href":"https:\/\/prelive2.pomello.ee\/fi\/wp-json\/wp\/v2\/product_cat?post=23347"},{"taxonomy":"product_tag","embeddable":true,"href":"https:\/\/prelive2.pomello.ee\/fi\/wp-json\/wp\/v2\/product_tag?post=23347"}],"curies":[{"name":"wp","href":"https:\/\/api.w.org\/{rel}","templated":true}]}}