{"id":23345,"date":"2022-10-16T21:36:19","date_gmt":"2022-10-16T18:36:19","guid":{"rendered":"https:\/\/prelive2.pomello.ee\/toode\/my-lamination-silikonimuotit-duo-setti\/"},"modified":"2022-10-16T21:36:19","modified_gmt":"2022-10-16T18:36:19","slug":"my-lamination-silikonimuotit-duo-setti","status":"publish","type":"product","link":"https:\/\/prelive2.pomello.ee\/fi\/toode\/my-lamination-silikonimuotit-duo-setti\/","title":{"rendered":"My lamination silikonimuotit Duo setti"},"content":{"rendered":"<p><strong>Setti sis\u00e4lt\u00e4\u00e4:<\/strong><\/p>\n<p>5 paria sinisi\u00e4 silikoni muotit S, M, X M, L, XL<br \/>\n5 paria vaaleanpunaiset silikoni muotit S, M, X M, L, XL<\/p>\n<p>&nbsp;<\/p>\n<p>Ohjeet: Puhdista jokaisen k\u00e4ytt\u00f6kerran j\u00e4lkeen v\u00e4litt\u00f6m\u00e4sti l\u00e4mpim\u00e4ll\u00e4 vedell\u00e4 ja saippualla ja desinfioi 70 % alkoholilla, anna vaikuttaa ja huuhtele vedell\u00e4.<\/p>\n<p>&nbsp;<\/p>\n<p>&nbsp;<\/p>\n<p><strong>Ensiluokkaisilla silikonimuotit voit:<\/strong><br \/>\n1. Luo kohotetut\/k\u00e4pristyneet ripset.<br \/>\n2. Ty\u00f6skentele eripituisilla ripsill\u00e4 &#8211; lyhyist\u00e4 eritt\u00e4in pitkiin.<br \/>\n3. Luo t\u00e4ydellinen suunta ja symmetria molemmille silmille.<\/p>\n<p>&nbsp;<\/p>\n<p>*VAIN AMMATTIMAISEEN K\u00c4YTT\u00d6\u00d6N!<\/p>\n","protected":false},"excerpt":{"rendered":"<p>My Lamination silikonimuotit duosetti 10 eri kokoa, 5 sinist\u00e4 ja 5 vaaleanpunaista paria, ihanteellinen ripsien kohotustoimenpiteen suorittamiseen.<\/p>\n<p>&nbsp;<\/p>\n<p>Oikean silikoni muotit koon valinta on eritt\u00e4in t\u00e4rke\u00e4\u00e4 asiakkaiden haluaman joustavuuden luomisessa.<\/p>\n<p>&nbsp;<\/p>\n<p>Silikoni muotit sarja sis\u00e4lt\u00e4\u00e4 10 silikonimuotit, 5 eri kokoa vaaleanpunaisia \u200b\u200bja sinisi\u00e4 muotit: S M XM L XL<\/p>\n","protected":false},"featured_media":22100,"comment_status":"open","ping_status":"closed","template":"","meta":{"_monsterinsights_skip_tracking":false,"_monsterinsights_sitenote_active":false,"_monsterinsights_sitenote_note":"","_monsterinsights_sitenote_category":0},"product_cat":[516,521,475],"product_tag":[],"class_list":{"0":"post-23345","1":"product","2":"type-product","3":"status-publish","4":"has-post-thumbnail","6":"product_cat-lash-lift-fi","7":"product_cat-silikonityynyt","8":"product_cat-ripset","9":"pa_brand-my-lamination-fi","11":"first","12":"instock","13":"taxable","14":"shipping-taxable","15":"purchasable","16":"product-type-simple"},"_links":{"self":[{"href":"https:\/\/prelive2.pomello.ee\/fi\/wp-json\/wp\/v2\/product\/23345","targetHints":{"allow":["GET"]}}],"collection":[{"href":"https:\/\/prelive2.pomello.ee\/fi\/wp-json\/wp\/v2\/product"}],"about":[{"href":"https:\/\/prelive2.pomello.ee\/fi\/wp-json\/wp\/v2\/types\/product"}],"replies":[{"embeddable":true,"href":"https:\/\/prelive2.pomello.ee\/fi\/wp-json\/wp\/v2\/comments?post=23345"}],"version-history":[{"count":0,"href":"https:\/\/prelive2.pomello.ee\/fi\/wp-json\/wp\/v2\/product\/23345\/revisions"}],"wp:featuredmedia":[{"embeddable":true,"href":"https:\/\/prelive2.pomello.ee\/fi\/wp-json\/wp\/v2\/media\/22100"}],"wp:attachment":[{"href":"https:\/\/prelive2.pomello.ee\/fi\/wp-json\/wp\/v2\/media?parent=23345"}],"wp:term":[{"taxonomy":"product_cat","embeddable":true,"href":"https:\/\/prelive2.pomello.ee\/fi\/wp-json\/wp\/v2\/product_cat?post=23345"},{"taxonomy":"product_tag","embeddable":true,"href":"https:\/\/prelive2.pomello.ee\/fi\/wp-json\/wp\/v2\/product_tag?post=23345"}],"curies":[{"name":"wp","href":"https:\/\/api.w.org\/{rel}","templated":true}]}}