{"id":23343,"date":"2022-10-16T21:36:19","date_gmt":"2022-10-16T18:36:19","guid":{"rendered":"https:\/\/prelive2.pomello.ee\/toode\/my-lamination-hydrating-serum-step-3-5-x-15ml\/"},"modified":"2022-10-16T21:36:19","modified_gmt":"2022-10-16T18:36:19","slug":"my-lamination-hydrating-serum-step-3-5-x-15ml","status":"publish","type":"product","link":"https:\/\/prelive2.pomello.ee\/fi\/toode\/my-lamination-hydrating-serum-step-3-5-x-15ml\/","title":{"rendered":"My Lamination Hydrating Serum+ (Step 3) 5 X 1,5ml"},"content":{"rendered":"<p>HYDRATING SERUM (VAIHE 3): My Lamination Hydrating Serum+ on Lash Liftin 3. vaihe eli vaihe 3. T\u00e4ll\u00e4 tehokkaalla seerumilla on kaksi teht\u00e4v\u00e4\u00e4: se sulkee kynsinauhoja ja poistaa j\u00e4\u00e4m\u00e4t. Aktiiviset ainesosat varmistavat ripsien kosteutuksen kemiallisen toimenpiteen j\u00e4lkeen.<\/p>\n<p>&nbsp;<\/p>\n<p>Seerumi, joka on rikastettu 9 funktionaalisella ainesosalla:<\/p>\n<p>&nbsp;<\/p>\n<p>&#8211; Hydrolysoitu keratiini &#8211; Hydrolysoitu silkki &#8211; Pantenoli &#8211; Hydrogenoitu risiini\u00f6ljy &#8211; Wild Cassia -kukkauute &#8211; Aloe-uute &#8211; Glyseriini &#8211; Nokkosenlehtiuute &#8211; Kollageeni<\/p>\n<p>&nbsp;<\/p>\n<p>Kuinka k\u00e4ytt\u00e4\u00e4: \u00c4l\u00e4 unohda k\u00e4ytt\u00e4\u00e4 koulutuksessa opittua tietoa menetelmist\u00e4 ja ajoituksista.<\/p>\n<p>&nbsp;<\/p>\n<p>S\u00e4ilyt\u00e4 huoneenl\u00e4mm\u00f6ss\u00e4, auringonvalolta suojattuna, pakkaus tiiviisti suljettuna.<\/p>\n<p>&nbsp;<\/p>\n<p>VAIN AMMATTIMAISEEN K\u00c4YTT\u00d6\u00d6N<\/p>\n","protected":false},"excerpt":{"rendered":"<p>My Lamination Hydrating Serum on kolmas ja viimeinen vaihe ripsien kohotusprosessissa, joka tunnetaan my\u00f6s nimell\u00e4 Step 3. Sen aktiiviset ainesosat varmistavat ripsien kosteuden kemiallisen k\u00e4sittelyn j\u00e4lkeen.<\/p>\n<p>&nbsp;<\/p>\n<p>My Lamination Hydrating Serum+ on rikastettu seuraavilla 9 funktionaalisella ainesosalla: hydrolysoitu keratiini, hydrolysoitu silkki, pantenoli, hydrattu risiini\u00f6ljy, malva sylvestris -kukka, aloe barbadensis, glyseriini, urtica dioica ja kollageeni.<\/p>\n<p>&nbsp;<\/p>\n<p>5&#215;1,5 ml pussit pakkauksessa.<\/p>\n<p>&nbsp;<\/p>\n<p>Kokenut teknikko voi suorittaa v\u00e4hint\u00e4\u00e4n 10 toimenpidett\u00e4 yhdest\u00e4 1,5 ml:n pakkauksesta.<\/p>\n<p>&nbsp;<\/p>\n<p>Pakkauksen avaamisen j\u00e4lkeen sit\u00e4 voidaan s\u00e4ilytt\u00e4\u00e4 enint\u00e4\u00e4n kuukauden ajan.<\/p>\n","protected":false},"featured_media":22110,"comment_status":"open","ping_status":"closed","template":"","meta":{"_monsterinsights_skip_tracking":false,"_monsterinsights_sitenote_active":false,"_monsterinsights_sitenote_note":"","_monsterinsights_sitenote_category":0},"product_cat":[517,516,475],"product_tag":[],"class_list":{"0":"post-23343","1":"product","2":"type-product","3":"status-publish","4":"has-post-thumbnail","6":"product_cat-emulsiot","7":"product_cat-lash-lift-fi","8":"product_cat-ripset","9":"pa_brand-my-lamination-fi","10":"pa_suurus-7-5-ml-fi","12":"first","13":"instock","14":"taxable","15":"shipping-taxable","16":"purchasable","17":"product-type-simple"},"_links":{"self":[{"href":"https:\/\/prelive2.pomello.ee\/fi\/wp-json\/wp\/v2\/product\/23343","targetHints":{"allow":["GET"]}}],"collection":[{"href":"https:\/\/prelive2.pomello.ee\/fi\/wp-json\/wp\/v2\/product"}],"about":[{"href":"https:\/\/prelive2.pomello.ee\/fi\/wp-json\/wp\/v2\/types\/product"}],"replies":[{"embeddable":true,"href":"https:\/\/prelive2.pomello.ee\/fi\/wp-json\/wp\/v2\/comments?post=23343"}],"version-history":[{"count":0,"href":"https:\/\/prelive2.pomello.ee\/fi\/wp-json\/wp\/v2\/product\/23343\/revisions"}],"wp:featuredmedia":[{"embeddable":true,"href":"https:\/\/prelive2.pomello.ee\/fi\/wp-json\/wp\/v2\/media\/22110"}],"wp:attachment":[{"href":"https:\/\/prelive2.pomello.ee\/fi\/wp-json\/wp\/v2\/media?parent=23343"}],"wp:term":[{"taxonomy":"product_cat","embeddable":true,"href":"https:\/\/prelive2.pomello.ee\/fi\/wp-json\/wp\/v2\/product_cat?post=23343"},{"taxonomy":"product_tag","embeddable":true,"href":"https:\/\/prelive2.pomello.ee\/fi\/wp-json\/wp\/v2\/product_tag?post=23343"}],"curies":[{"name":"wp","href":"https:\/\/api.w.org\/{rel}","templated":true}]}}