{"id":23328,"date":"2024-01-02T11:35:13","date_gmt":"2024-01-02T08:35:13","guid":{"rendered":"https:\/\/prelive2.pomello.ee\/toode\/appelsiinipuutikkuja-100-kpl\/"},"modified":"2024-02-29T09:23:52","modified_gmt":"2024-02-29T06:23:52","slug":"appelsiinipuutikkuja-100-kpl","status":"publish","type":"product","link":"https:\/\/prelive2.pomello.ee\/fi\/toode\/appelsiinipuutikkuja-100-kpl\/","title":{"rendered":"Appelsiinipuutikkuja 100 kpl"},"content":{"rendered":"","protected":false},"excerpt":{"rendered":"<p>Appelsiinipuutikkuja pulgadovat laadukkaita tikkuja kynsinauhojen ty\u00f6nt\u00e4miseen, kulmakarvojen vahaukseen tai pienten alueiden ty\u00f6st\u00e4miseen muihin tarkoituksiin.<\/p>\n<p>&nbsp;<\/p>\n<p>Puukepin ainutlaatuisen muodon ansiosta voit k\u00e4ytt\u00e4\u00e4 tikkua t\u00e4ysim\u00e4\u00e4r\u00e4isesti. Ter\u00e4v\u00e4ll\u00e4 p\u00e4\u00e4dyll\u00e4 on mahdollista rajoittaa esimerkiksi kulmakarvojen v\u00e4rin viivoja saavuttaen erityisen tarkka lopputulos, ja tikun toinen puoli, joka on litte\u00e4, mahdollistaa karvanpoistovahan levitt\u00e4misen.<\/p>\n<p>&nbsp;<\/p>\n<p>Lis\u00e4ksi tikkulla voidaan asettaa kiteit\u00e4 kynsille jne.<\/p>\n<p>&nbsp;<\/p>\n<p>100 kpl pakkauksessa.<\/p>\n<p>Pikkus: 15cm<\/p>\n","protected":false},"featured_media":23007,"comment_status":"open","ping_status":"closed","template":"","meta":{"_monsterinsights_skip_tracking":false,"_monsterinsights_sitenote_active":false,"_monsterinsights_sitenote_note":"","_monsterinsights_sitenote_category":0},"product_cat":[542,476,511,541,540],"product_tag":[],"class_list":{"0":"post-23328","1":"product","2":"type-product","3":"status-publish","4":"has-post-thumbnail","6":"product_cat-karvanpoisto-tarvikkeet-fi","7":"product_cat-kulmakarvat","8":"product_cat-kulmakarvojen-tarvikkeet","9":"product_cat-muut-tyokalut-fi","10":"product_cat-tarvikkeet","11":"pa_brand-pomello-fi","12":"pa_suurus-100tk-fi","14":"first","15":"instock","16":"taxable","17":"shipping-taxable","18":"purchasable","19":"product-type-simple"},"_links":{"self":[{"href":"https:\/\/prelive2.pomello.ee\/fi\/wp-json\/wp\/v2\/product\/23328","targetHints":{"allow":["GET"]}}],"collection":[{"href":"https:\/\/prelive2.pomello.ee\/fi\/wp-json\/wp\/v2\/product"}],"about":[{"href":"https:\/\/prelive2.pomello.ee\/fi\/wp-json\/wp\/v2\/types\/product"}],"replies":[{"embeddable":true,"href":"https:\/\/prelive2.pomello.ee\/fi\/wp-json\/wp\/v2\/comments?post=23328"}],"version-history":[{"count":2,"href":"https:\/\/prelive2.pomello.ee\/fi\/wp-json\/wp\/v2\/product\/23328\/revisions"}],"predecessor-version":[{"id":24057,"href":"https:\/\/prelive2.pomello.ee\/fi\/wp-json\/wp\/v2\/product\/23328\/revisions\/24057"}],"wp:featuredmedia":[{"embeddable":true,"href":"https:\/\/prelive2.pomello.ee\/fi\/wp-json\/wp\/v2\/media\/23007"}],"wp:attachment":[{"href":"https:\/\/prelive2.pomello.ee\/fi\/wp-json\/wp\/v2\/media?parent=23328"}],"wp:term":[{"taxonomy":"product_cat","embeddable":true,"href":"https:\/\/prelive2.pomello.ee\/fi\/wp-json\/wp\/v2\/product_cat?post=23328"},{"taxonomy":"product_tag","embeddable":true,"href":"https:\/\/prelive2.pomello.ee\/fi\/wp-json\/wp\/v2\/product_tag?post=23328"}],"curies":[{"name":"wp","href":"https:\/\/api.w.org\/{rel}","templated":true}]}}