{"id":23110,"date":"2024-01-29T23:30:11","date_gmt":"2024-01-29T20:30:11","guid":{"rendered":"https:\/\/prelive2.pomello.ee\/toode\/levissime-lash-protector\/"},"modified":"2024-04-02T20:26:47","modified_gmt":"2024-04-02T17:26:47","slug":"levissime-lash-protector","status":"publish","type":"product","link":"https:\/\/prelive2.pomello.ee\/fi\/toode\/levissime-lash-protector\/","title":{"rendered":"LEVISSIME Lash Protector"},"content":{"rendered":"","protected":false},"excerpt":{"rendered":"<p>LEVISSIME Lash Protector suojaa tehokkaasti silm\u00e4nymp\u00e4rysihoa ja kulmakarvoja kemiallisen v\u00e4rj\u00e4yksen aikana mahdollisesti syntyvilt\u00e4 v\u00e4ritahroilta.<\/p>\n<p>&nbsp;<\/p>\n<p>Rikastettu kosteuttavilla ja hoitavilla ainesosilla, hoitaa hell\u00e4sti ihoa ja ehk\u00e4isee ryppyjen muodostumista. Levit\u00e4 ala- ja yl\u00e4luomelle sek\u00e4 kulmien ymp\u00e4rille ennen kulmakarvojen v\u00e4rj\u00e4yst\u00e4.<\/p>\n<p>&nbsp;<\/p>\n<p>Helposti poistettava iholta j\u00e4tt\u00e4m\u00e4tt\u00e4 j\u00e4\u00e4mi\u00e4.<\/p>\n","protected":false},"featured_media":23035,"comment_status":"open","ping_status":"closed","template":"","meta":{"_monsterinsights_skip_tracking":false,"_monsterinsights_sitenote_active":false,"_monsterinsights_sitenote_note":"","_monsterinsights_sitenote_category":0},"product_cat":[931,518,915,916,476,477,475],"product_tag":[],"class_list":{"0":"post-23110","1":"product","2":"type-product","3":"status-publish","4":"has-post-thumbnail","6":"product_cat-valmistus-ja-suojavoiteet","7":"product_cat-jalkihoito","8":"product_cat-esi-ja-jalkihoito","9":"product_cat-esihoito-fi","10":"product_cat-kulmakarvat","11":"product_cat-kulmien-laminointi","12":"product_cat-ripset","13":"pa_suurus-50-ml-fi","15":"first","16":"instock","17":"taxable","18":"shipping-taxable","19":"purchasable","20":"product-type-simple"},"_links":{"self":[{"href":"https:\/\/prelive2.pomello.ee\/fi\/wp-json\/wp\/v2\/product\/23110","targetHints":{"allow":["GET"]}}],"collection":[{"href":"https:\/\/prelive2.pomello.ee\/fi\/wp-json\/wp\/v2\/product"}],"about":[{"href":"https:\/\/prelive2.pomello.ee\/fi\/wp-json\/wp\/v2\/types\/product"}],"replies":[{"embeddable":true,"href":"https:\/\/prelive2.pomello.ee\/fi\/wp-json\/wp\/v2\/comments?post=23110"}],"version-history":[{"count":1,"href":"https:\/\/prelive2.pomello.ee\/fi\/wp-json\/wp\/v2\/product\/23110\/revisions"}],"predecessor-version":[{"id":24178,"href":"https:\/\/prelive2.pomello.ee\/fi\/wp-json\/wp\/v2\/product\/23110\/revisions\/24178"}],"wp:featuredmedia":[{"embeddable":true,"href":"https:\/\/prelive2.pomello.ee\/fi\/wp-json\/wp\/v2\/media\/23035"}],"wp:attachment":[{"href":"https:\/\/prelive2.pomello.ee\/fi\/wp-json\/wp\/v2\/media?parent=23110"}],"wp:term":[{"taxonomy":"product_cat","embeddable":true,"href":"https:\/\/prelive2.pomello.ee\/fi\/wp-json\/wp\/v2\/product_cat?post=23110"},{"taxonomy":"product_tag","embeddable":true,"href":"https:\/\/prelive2.pomello.ee\/fi\/wp-json\/wp\/v2\/product_tag?post=23110"}],"curies":[{"name":"wp","href":"https:\/\/api.w.org\/{rel}","templated":true}]}}