{"id":19981,"date":"2023-11-12T19:21:54","date_gmt":"2023-11-12T16:21:54","guid":{"rendered":"https:\/\/prelive2.pomello.ee\/?post_type=product&#038;p=19981"},"modified":"2024-04-04T20:19:23","modified_gmt":"2024-04-04T17:19:23","slug":"lash-lifti-palett","status":"publish","type":"product","link":"https:\/\/prelive2.pomello.ee\/fi\/toode\/lash-lifti-palett\/","title":{"rendered":"Lash Lifti Palett"},"content":{"rendered":"<p>Suurus:\u00a02.5cm x 5.2cm x 1cm<\/p>\n<p>&nbsp;<\/p>\n<p><strong>Puhastamine:<\/strong><\/p>\n<ol>\n<li>Puhastage kohe p\u00e4rast iga kasutuskorda sooja vee ja antibakteriaalse seebiga<\/li>\n<li>Desifitseerige 70% alkoholiga<\/li>\n<li>Seej\u00e4rel loputage veega ja kuivatage<\/li>\n<li>Asetage toode steriilsesse suletud hoidikusse.<\/li>\n<\/ol>\n","protected":false},"excerpt":{"rendered":"<p>Lash lifti palett on valmistatud kvaliteetsest pehmest silikoonist, palett v\u00f5imaldab annustada \u00f5igeid koguseid igale protseduurile, s\u00e4\u00e4stes sellega aega ja tooteid: liimi, emulsioone, v\u00e4rvi v\u00f5i botoxit.<\/p>\n<p>&nbsp;<\/p>\n<p>Palettile on v\u00f5imalik lisada ka vett mis hoiab \u00e4ra liimi kiirema kuivamise, meistrile igap\u00e4evaselt v\u00e4ga vajalik t\u00f6\u00f6vahend. Muudab protseduuride teostamise mugavamaks ja t\u00e4psemaks.<\/p>\n","protected":false},"featured_media":19982,"comment_status":"open","ping_status":"closed","template":"","meta":{"_monsterinsights_skip_tracking":false,"_monsterinsights_sitenote_active":false,"_monsterinsights_sitenote_note":"","_monsterinsights_sitenote_category":0},"product_cat":[199,200,210,446,213,223,208,209],"product_tag":[],"class_list":{"0":"post-19981","1":"product","2":"type-product","3":"status-publish","4":"has-post-thumbnail","6":"product_cat-ripsmed","7":"product_cat-lash-lift","8":"product_cat-muud-toovahendid","9":"product_cat-sale","10":"product_cat-pudelid","11":"product_cat-tarvikud-ripsmed","12":"product_cat-tarvikud","13":"product_cat-tarvikud-2","14":"pa_brand-pomello","15":"pa_varv-must","17":"first","18":"outofstock","19":"sale","20":"taxable","21":"shipping-taxable","22":"purchasable","23":"product-type-simple"},"_links":{"self":[{"href":"https:\/\/prelive2.pomello.ee\/fi\/wp-json\/wp\/v2\/product\/19981","targetHints":{"allow":["GET"]}}],"collection":[{"href":"https:\/\/prelive2.pomello.ee\/fi\/wp-json\/wp\/v2\/product"}],"about":[{"href":"https:\/\/prelive2.pomello.ee\/fi\/wp-json\/wp\/v2\/types\/product"}],"replies":[{"embeddable":true,"href":"https:\/\/prelive2.pomello.ee\/fi\/wp-json\/wp\/v2\/comments?post=19981"}],"version-history":[{"count":1,"href":"https:\/\/prelive2.pomello.ee\/fi\/wp-json\/wp\/v2\/product\/19981\/revisions"}],"predecessor-version":[{"id":19984,"href":"https:\/\/prelive2.pomello.ee\/fi\/wp-json\/wp\/v2\/product\/19981\/revisions\/19984"}],"wp:featuredmedia":[{"embeddable":true,"href":"https:\/\/prelive2.pomello.ee\/fi\/wp-json\/wp\/v2\/media\/19982"}],"wp:attachment":[{"href":"https:\/\/prelive2.pomello.ee\/fi\/wp-json\/wp\/v2\/media?parent=19981"}],"wp:term":[{"taxonomy":"product_cat","embeddable":true,"href":"https:\/\/prelive2.pomello.ee\/fi\/wp-json\/wp\/v2\/product_cat?post=19981"},{"taxonomy":"product_tag","embeddable":true,"href":"https:\/\/prelive2.pomello.ee\/fi\/wp-json\/wp\/v2\/product_tag?post=19981"}],"curies":[{"name":"wp","href":"https:\/\/api.w.org\/{rel}","templated":true}]}}